{"id":785374,"date":"2026-04-01T03:38:43","date_gmt":"2026-04-01T00:38:43","guid":{"rendered":"https:\/\/roveyayinevi.com.tr\/index.php\/urun\/bir-gocmen-kustu-o-2\/"},"modified":"2026-04-15T03:48:49","modified_gmt":"2026-04-15T00:48:49","slug":"bir-gocmen-kustu-o-2","status":"publish","type":"product","link":"https:\/\/roveyayinevi.com.tr\/index.php\/urun\/bir-gocmen-kustu-o-2\/","title":{"rendered":"Bir G\u00f6\u00e7men Ku\u015ftu O"},"content":{"rendered":"<p>\u201c\u0130nsanlar\u0131 insan olarak ya\u015famaya \u00e7a\u011f\u0131rmaya kimsenin g\u00fcc\u00fc yetmez.\u201d Bir G\u00f6\u00e7men Ku\u015ftu O, 1985 y\u0131l\u0131nda yay\u0131mland\u0131 ve bir sene sonra Madaral\u0131 Roman \u00d6d\u00fcl\u00fc\u2019n\u00fc ald\u0131. Osmanl\u0131\u2019n\u0131n son d\u00f6neminden Cumhuriyet\u2019e uzanan, \u201cg\u00f6\u00e7men ku\u015f\u201d olarak tan\u0131mlanan Osmanl\u0131 ayd\u0131n\u0131 Adil Emir Bey\u2019in ya\u015fam\u0131na odaklanan ve bunu yaparken tarih sahnesinde kad\u0131nlara \u00f6zellikle b\u00fcy\u00fck roller veren roman\u0131n, Kutlu k\u00fclliyat\u0131 i\u00e7inde \u00fczerine en \u00e7ok konu\u015fulan, yaz\u0131lan kitaplardan biri haline gelmesi uzun s\u00fcrmedi. Bu roman\u0131 takip eden ve 1998 y\u0131l\u0131nda \u201cBir G\u00f6\u00e7men Ku\u015ftu O \u2013 2\u201d alt ba\u015fl\u0131\u011f\u0131yla bas\u0131lan Emir Bey\u2019in K\u0131zlar\u0131 ise hem Kutlu\u2019nun anlat\u0131y\u0131 kurarken kad\u0131na atfetti\u011fi de\u011feri bir kez daha g\u00f6sterdi hem de \u201cd\u00fcnya sava\u015flar\u0131n\u0131n\u201d hik\u00e2yesini bir aile alb\u00fcm\u00fc \u00fczerinden anlatmaya devam etti. Bir \u00fclkenin s\u00fcr\u00fcklendi\u011fi y\u0131k\u0131m\u0131, Birinci D\u00fcnya Sava\u015f\u0131 y\u0131llar\u0131nda do\u011fan ve \u0130kinci D\u00fcnya Sava\u015f\u0131\u2019yla b\u00fcy\u00fcyen Batubeg ailesi \u00e7ocuklar\u0131n\u0131n ruhundaki sanc\u0131lar arac\u0131l\u0131\u011f\u0131yla g\u00f6zler \u00f6n\u00fcne serdi. Ne demek bo\u015fu bo\u015funa bir ya\u015fam? Babam bir \u00f6nc\u00fcyd\u00fc. Y\u00fcrekli, mert, hesaps\u0131z. Kusur bulmak \u015fartsa, fazlas\u0131yla bar\u0131\u015f\u00e7\u0131 oldu\u011fu s\u00f6ylenebilir yaln\u0131z. Bu, \u015fu g\u00fcnlerde kusur gibi g\u00f6r\u00fcnse de, her zaman erdemdir asl\u0131nda. Bir g\u00f6\u00e7men ku\u015ftu o.<\/p>\n","protected":false},"excerpt":{"rendered":"<p>\u201c\u0130nsanlar\u0131 insan olarak ya\u015famaya \u00e7a\u011f\u0131rmaya kimsenin g\u00fcc\u00fc yetmez.\u201d Bir G\u00f6\u00e7men Ku\u015ftu O, 1985 y\u0131l\u0131nda yay\u0131mland\u0131 ve bir sene sonra Madaral\u0131 Roman \u00d6d\u00fcl\u00fc\u2019n\u00fc ald\u0131. Osmanl\u0131\u2019n\u0131n son d\u00f6neminden<span class=\"excerpt-hellip\"> [\u2026]<\/span><\/p>\n","protected":false},"featured_media":0,"template":"","meta":{"_monsterinsights_skip_tracking":false,"_monsterinsights_sitenote_active":false,"_monsterinsights_sitenote_note":"","_monsterinsights_sitenote_category":0},"product_brand":[],"product_cat":[12291,12292],"product_tag":[],"class_list":{"0":"post-785374","1":"product","2":"type-product","3":"status-publish","5":"product_cat-edebiyat","6":"product_cat-turk-edebiyati","7":"pa_cilt-ciltsiz","8":"pa_tur-kitap","9":"pa_yayinevi-everest-yayinlari","10":"pa_yazar-ayla-kutlu","12":"first","13":"instock","14":"sale","15":"shipping-taxable","16":"purchasable","17":"product-type-simple"},"_links":{"self":[{"href":"https:\/\/roveyayinevi.com.tr\/index.php\/wp-json\/wp\/v2\/product\/785374","targetHints":{"allow":["GET"]}}],"collection":[{"href":"https:\/\/roveyayinevi.com.tr\/index.php\/wp-json\/wp\/v2\/product"}],"about":[{"href":"https:\/\/roveyayinevi.com.tr\/index.php\/wp-json\/wp\/v2\/types\/product"}],"wp:attachment":[{"href":"https:\/\/roveyayinevi.com.tr\/index.php\/wp-json\/wp\/v2\/media?parent=785374"}],"wp:term":[{"taxonomy":"product_brand","embeddable":true,"href":"https:\/\/roveyayinevi.com.tr\/index.php\/wp-json\/wp\/v2\/product_brand?post=785374"},{"taxonomy":"product_cat","embeddable":true,"href":"https:\/\/roveyayinevi.com.tr\/index.php\/wp-json\/wp\/v2\/product_cat?post=785374"},{"taxonomy":"product_tag","embeddable":true,"href":"https:\/\/roveyayinevi.com.tr\/index.php\/wp-json\/wp\/v2\/product_tag?post=785374"}],"curies":[{"name":"wp","href":"https:\/\/api.w.org\/{rel}","templated":true}]}}