{"id":785373,"date":"2026-04-01T03:38:42","date_gmt":"2026-04-01T00:38:42","guid":{"rendered":"https:\/\/roveyayinevi.com.tr\/index.php\/urun\/cennet-ile-cehennemin-evliligi-2\/"},"modified":"2026-04-15T03:48:49","modified_gmt":"2026-04-15T00:48:49","slug":"cennet-ile-cehennemin-evliligi-2","status":"publish","type":"product","link":"https:\/\/roveyayinevi.com.tr\/index.php\/urun\/cennet-ile-cehennemin-evliligi-2\/","title":{"rendered":"Cennet ile Cehennemin Evlili\u011fi"},"content":{"rendered":"<p>\u201cZira insan kendi i\u00e7ine kapanm\u0131\u015ft\u0131r ve ma\u011faras\u0131n\u0131ndarac\u0131k \u00e7atlaklar\u0131ndan bakar olmu\u015ftur her \u015feye.\u201dWilliam Blake\u2019in 1790-1793 y\u0131llar\u0131 aras\u0131nda tertip etti\u011fi d\u00fc\u015f\u00fcn\u00fclenCennet ile Cehennemin Evlili\u011fi isimli eseri; ruh-beden ayr\u0131m\u0131n\u0131n olmad\u0131\u011f\u0131,yarat\u0131c\u0131 \u015fiirsel dehan\u0131n yeniden kazan\u0131lmas\u0131n\u0131 ama\u00e7layan,mistik-ezoterik oldu\u011fu kadar ger\u00e7ek\u00e7i-radikal de olan yeni bir d\u00fcnyan\u0131n,farkl\u0131 bir ger\u00e7ekli\u011fin in\u015fas\u0131na \u00f6nc\u00fcl\u00fck ediyor. Blake k\u00fclliyat\u0131 i\u00e7indekendine \u00f6zg\u00fc ve programatik bir yer tutan bu eser, b\u00fcy\u00fck sanat\u00e7\u0131ylailk kez kar\u015f\u0131la\u015fanlar i\u00e7in verimli ve eri\u015fimi rahat bir yol sunuyor.Cennet ile Cehennemin Evlili\u011fi\u2019ni, t\u0131pk\u0131bas\u0131m g\u00f6rselleriyle, kar\u015f\u0131l\u0131kl\u0131sayfalarda asl\u0131 ve \u00e7evirisiyle, geni\u015f ve ayr\u0131nt\u0131l\u0131 bir a\u00e7\u0131klamalar ve notlarb\u00f6l\u00fcm\u00fcyle sunuyoruz.\u201c1790 y\u0131l\u0131nda Blake, kitaplar\u0131n\u0131n en b\u00fcy\u00fc\u011f\u00fcn\u00fc tertip etti: Bu kitap,y\u00fcksek \u015fiir ve ruhani spek\u00fclasyon \u00e7izgisi ba\u011flam\u0131nda 18. y\u00fczy\u0131lda tertipedilen en b\u00fcy\u00fck eserler aras\u0131nda yer al\u0131yor ku\u015fkusuz. Cennet ileCehennemin Evlili\u011fi, onun zihninin en y\u00fcksek seviyesinin eseridir.\u201d\u2014A. C. Swinburne<\/p>\n","protected":false},"excerpt":{"rendered":"<p>\u201cZira insan kendi i\u00e7ine kapanm\u0131\u015ft\u0131r ve ma\u011faras\u0131n\u0131ndarac\u0131k \u00e7atlaklar\u0131ndan bakar olmu\u015ftur her \u015feye.\u201dWilliam Blake\u2019in 1790-1793 y\u0131llar\u0131 aras\u0131nda tertip etti\u011fi d\u00fc\u015f\u00fcn\u00fclenCennet ile Cehennemin Evlili\u011fi isimli eseri; ruh-beden ayr\u0131m\u0131n\u0131n<span class=\"excerpt-hellip\"> [\u2026]<\/span><\/p>\n","protected":false},"featured_media":0,"template":"","meta":{"_monsterinsights_skip_tracking":false,"_monsterinsights_sitenote_active":false,"_monsterinsights_sitenote_note":"","_monsterinsights_sitenote_category":0},"product_brand":[],"product_cat":[141304],"product_tag":[],"class_list":{"0":"post-785373","1":"product","2":"type-product","3":"status-publish","5":"product_cat-yeni-cikanlar","6":"pa_cilt-ciltsiz","7":"pa_tur-kitap","8":"pa_yayinevi-everest-yayinlari","9":"pa_yazar-william-blake","11":"first","12":"instock","13":"sale","14":"shipping-taxable","15":"purchasable","16":"product-type-simple"},"_links":{"self":[{"href":"https:\/\/roveyayinevi.com.tr\/index.php\/wp-json\/wp\/v2\/product\/785373","targetHints":{"allow":["GET"]}}],"collection":[{"href":"https:\/\/roveyayinevi.com.tr\/index.php\/wp-json\/wp\/v2\/product"}],"about":[{"href":"https:\/\/roveyayinevi.com.tr\/index.php\/wp-json\/wp\/v2\/types\/product"}],"wp:attachment":[{"href":"https:\/\/roveyayinevi.com.tr\/index.php\/wp-json\/wp\/v2\/media?parent=785373"}],"wp:term":[{"taxonomy":"product_brand","embeddable":true,"href":"https:\/\/roveyayinevi.com.tr\/index.php\/wp-json\/wp\/v2\/product_brand?post=785373"},{"taxonomy":"product_cat","embeddable":true,"href":"https:\/\/roveyayinevi.com.tr\/index.php\/wp-json\/wp\/v2\/product_cat?post=785373"},{"taxonomy":"product_tag","embeddable":true,"href":"https:\/\/roveyayinevi.com.tr\/index.php\/wp-json\/wp\/v2\/product_tag?post=785373"}],"curies":[{"name":"wp","href":"https:\/\/api.w.org\/{rel}","templated":true}]}}