{"id":785370,"date":"2026-04-01T03:38:37","date_gmt":"2026-04-01T00:38:37","guid":{"rendered":"https:\/\/roveyayinevi.com.tr\/index.php\/urun\/dunyaya-yerlesmek-veya-dunya-malina-cokmek\/"},"modified":"2026-04-15T03:48:49","modified_gmt":"2026-04-15T00:48:49","slug":"dunyaya-yerlesmek-veya-dunya-malina-cokmek","status":"publish","type":"product","link":"https:\/\/roveyayinevi.com.tr\/index.php\/urun\/dunyaya-yerlesmek-veya-dunya-malina-cokmek\/","title":{"rendered":"D\u00fcnyaya Yerle\u015fmek veya D\u00fcnya Mal\u0131na \u00c7\u00f6kmek"},"content":{"rendered":"<p>Prof. Dr. \u00dcst\u00fcn D\u00f6kmen, bu kitapta d\u00fcnyaya yerle\u015fmeyle ve d\u00fcnya mal\u0131na, d\u00fcnyevi de\u011ferlere \u00e7\u00f6kmeyle do\u011frudan ve dolayl\u0131 olarak ilgili konular\u0131 makaleler halinde ele al\u0131yor. Elinizdeki kitap iki ana konudan olu\u015fuyor. Birincisi d\u00fcnyaya, di\u011fer bir ifadeyle ya\u015fama yerle\u015fmek. Burada kastedilen g\u00fczel \u015feylere g\u00fczellikle, nezaketle sahip olmak, onlara zarar vermeden uyumsalla\u015fmakt\u0131r. Kitaptaki ikinci konu ise d\u00fcnya mal\u0131na \u00e7\u00f6kmek, yani birilerine ve bir \u015feyle zarar vererek bir mala, bir servete, bir co\u011frafyaya yerle\u015fmektir. Eskiden el koymak, \u00e7almak, gaspetmek benzeri kavramlar vard\u0131, bunlar yeterli olmad\u0131, k\u0131sa s\u00fcre \u00f6nce \u2018\u00e7\u00f6kmek\u2019 kavram\u0131 ortaya \u00e7\u0131kt\u0131. \u201dMal\u0131na \u00e7\u00f6kt\u00fc\u201d , \u201cParas\u0131na, arazisine, fabrikas\u0131na \u00e7\u00f6kt\u00fc\u201d deniyor \u015fimdilerde. Ufak tefek \u00e7\u00f6kmelerin yan\u0131 s\u0131ra bir de g\u00fc\u00e7l\u00fc \u00fclkelerin g\u00fc\u00e7s\u00fczlere \u00e7\u00f6kmesi s\u00f6z konusudur. Ya\u015fad\u0131\u011f\u0131m\u0131z d\u00f6nemi, \u201czaman\u0131n ruhunu\u201d kavrayabilmemiz a\u00e7\u0131s\u0131ndan yol g\u00f6sterici makalelerden olu\u015fan bir derlem, \u00dcst\u00fcn D\u00f6kmen\u2019den \u201cince ince\u201d bir inceleme\u2026<\/p>\n","protected":false},"excerpt":{"rendered":"<p>Prof. Dr. \u00dcst\u00fcn D\u00f6kmen, bu kitapta d\u00fcnyaya yerle\u015fmeyle ve d\u00fcnya mal\u0131na, d\u00fcnyevi de\u011ferlere \u00e7\u00f6kmeyle do\u011frudan ve dolayl\u0131 olarak ilgili konular\u0131 makaleler halinde ele al\u0131yor. Elinizdeki kitap<span class=\"excerpt-hellip\"> [\u2026]<\/span><\/p>\n","protected":false},"featured_media":0,"template":"","meta":{"_monsterinsights_skip_tracking":false,"_monsterinsights_sitenote_active":false,"_monsterinsights_sitenote_note":"","_monsterinsights_sitenote_category":0},"product_brand":[],"product_cat":[12358,12357],"product_tag":[],"class_list":{"0":"post-785370","1":"product","2":"type-product","3":"status-publish","5":"product_cat-genel-psikoloji","6":"product_cat-psikoloji","7":"pa_cilt-ciltsiz","8":"pa_tur-kitap","9":"pa_yayinevi-cumhuriyet-kitaplari","10":"pa_yazar-ustun-dokmen","12":"first","13":"instock","14":"sale","15":"shipping-taxable","16":"purchasable","17":"product-type-simple"},"_links":{"self":[{"href":"https:\/\/roveyayinevi.com.tr\/index.php\/wp-json\/wp\/v2\/product\/785370","targetHints":{"allow":["GET"]}}],"collection":[{"href":"https:\/\/roveyayinevi.com.tr\/index.php\/wp-json\/wp\/v2\/product"}],"about":[{"href":"https:\/\/roveyayinevi.com.tr\/index.php\/wp-json\/wp\/v2\/types\/product"}],"wp:attachment":[{"href":"https:\/\/roveyayinevi.com.tr\/index.php\/wp-json\/wp\/v2\/media?parent=785370"}],"wp:term":[{"taxonomy":"product_brand","embeddable":true,"href":"https:\/\/roveyayinevi.com.tr\/index.php\/wp-json\/wp\/v2\/product_brand?post=785370"},{"taxonomy":"product_cat","embeddable":true,"href":"https:\/\/roveyayinevi.com.tr\/index.php\/wp-json\/wp\/v2\/product_cat?post=785370"},{"taxonomy":"product_tag","embeddable":true,"href":"https:\/\/roveyayinevi.com.tr\/index.php\/wp-json\/wp\/v2\/product_tag?post=785370"}],"curies":[{"name":"wp","href":"https:\/\/api.w.org\/{rel}","templated":true}]}}