{"id":785369,"date":"2026-04-01T03:38:35","date_gmt":"2026-04-01T00:38:35","guid":{"rendered":"https:\/\/roveyayinevi.com.tr\/index.php\/urun\/ceviz-agaci-mahallesi-2\/"},"modified":"2026-04-15T03:48:49","modified_gmt":"2026-04-15T00:48:49","slug":"ceviz-agaci-mahallesi-2","status":"publish","type":"product","link":"https:\/\/roveyayinevi.com.tr\/index.php\/urun\/ceviz-agaci-mahallesi-2\/","title":{"rendered":"Ceviz A\u011fac\u0131 Mahallesi 2"},"content":{"rendered":"<p>Al\u00e7in ge\u00e7mi\u015ften \u00fczerine savrulan k\u00fclleri Fethiye\u2019nin h\u0131r\u00e7\u0131n sular\u0131na b\u0131rak\u0131rken b\u00fcy\u00fck bir d\u00f6n\u00fcm noktas\u0131n\u0131n ortas\u0131nda oldu\u011funun fark\u0131ndad\u0131r. Kendisi ise uzun y\u0131llar sonras\u0131nda ilk kez u\u00e7mak i\u00e7in bu kadar isteklidir.Di\u011fer yandan onu aylar boyunca bekleyen Melih dayanamaz ve solu\u011fu sevdi\u011fi kad\u0131n\u0131n yan\u0131nda al\u0131r. Amac\u0131 yaln\u0131zca her zamanki gibi uzaktan, sab\u0131rla onu beklemektir ancak kar\u015f\u0131s\u0131ndaki kad\u0131n art\u0131k ona tam anlam\u0131yla kalbini a\u00e7m\u0131\u015ft\u0131r. Melih uzun zamand\u0131r sevdal\u0131 oldu\u011fu kad\u0131n\u0131n kalbinin kendi i\u00e7in att\u0131\u011f\u0131ndan emindir&#8230; Derken t\u00fcm g\u00f6zler Cihangir Ailesi \u00fczerinde toplan\u0131r.Her \u015fey kusursuz giderken y\u0131llar \u00f6nce ge\u00e7mi\u015fe g\u00f6m\u00fcld\u00fc\u011f\u00fcn\u00fc d\u00fc\u015f\u00fcnd\u00fckleri bir karanl\u0131k ne kadar ka\u00e7mak isteseler de pe\u015flerindedir. Bu olumsuz durumlar ba\u015f g\u00f6sterirken Al\u00e7in sevdi\u011fi adam\u0131n yan\u0131ndan bir an olsun ayr\u0131lmak istemez. \u00c7\u00fcnk\u00fc onsuz nefes almak art\u0131k imkans\u0131zd\u0131r.\u201c\u00c2\u015f\u0131k oldum sana,\u201d dedim, dolan g\u00f6zlerimle. Omuzlar\u0131m kalk\u0131p indi. \u201cBana \u00f6\u011fretmelisin Melih Cihangir,\u201d dedim. \u201cBana \u00e2\u015f\u0131k bir insan sevdi\u011fini g\u00f6rmeden iki dakikay\u0131 nas\u0131l devirir \u00f6\u011fretmelisin.\u201d\u201c\u00c7\u00fcnk\u00fc a\u015fk\u0131n anatomisini en iyi sen bilirsin.\u201dE\u011fer g\u00f6zlerime on saniyeden fazla bakarsanseni sonsuza kadar kalbimde tutar\u0131m.\u201d<\/p>\n","protected":false},"excerpt":{"rendered":"<p>Al\u00e7in ge\u00e7mi\u015ften \u00fczerine savrulan k\u00fclleri Fethiye\u2019nin h\u0131r\u00e7\u0131n sular\u0131na b\u0131rak\u0131rken b\u00fcy\u00fck bir d\u00f6n\u00fcm noktas\u0131n\u0131n ortas\u0131nda oldu\u011funun fark\u0131ndad\u0131r. Kendisi ise uzun y\u0131llar sonras\u0131nda ilk kez u\u00e7mak i\u00e7in bu<span class=\"excerpt-hellip\"> [\u2026]<\/span><\/p>\n","protected":false},"featured_media":0,"template":"","meta":{"_monsterinsights_skip_tracking":false,"_monsterinsights_sitenote_active":false,"_monsterinsights_sitenote_note":"","_monsterinsights_sitenote_category":0},"product_brand":[],"product_cat":[141304],"product_tag":[],"class_list":{"0":"post-785369","1":"product","2":"type-product","3":"status-publish","5":"product_cat-yeni-cikanlar","6":"pa_cilt-ciltsiz","7":"pa_tur-kitap","8":"pa_yayinevi-lapis-kitap","9":"pa_yazar-melisa-a","11":"first","12":"instock","13":"sale","14":"shipping-taxable","15":"purchasable","16":"product-type-simple"},"_links":{"self":[{"href":"https:\/\/roveyayinevi.com.tr\/index.php\/wp-json\/wp\/v2\/product\/785369","targetHints":{"allow":["GET"]}}],"collection":[{"href":"https:\/\/roveyayinevi.com.tr\/index.php\/wp-json\/wp\/v2\/product"}],"about":[{"href":"https:\/\/roveyayinevi.com.tr\/index.php\/wp-json\/wp\/v2\/types\/product"}],"wp:attachment":[{"href":"https:\/\/roveyayinevi.com.tr\/index.php\/wp-json\/wp\/v2\/media?parent=785369"}],"wp:term":[{"taxonomy":"product_brand","embeddable":true,"href":"https:\/\/roveyayinevi.com.tr\/index.php\/wp-json\/wp\/v2\/product_brand?post=785369"},{"taxonomy":"product_cat","embeddable":true,"href":"https:\/\/roveyayinevi.com.tr\/index.php\/wp-json\/wp\/v2\/product_cat?post=785369"},{"taxonomy":"product_tag","embeddable":true,"href":"https:\/\/roveyayinevi.com.tr\/index.php\/wp-json\/wp\/v2\/product_tag?post=785369"}],"curies":[{"name":"wp","href":"https:\/\/api.w.org\/{rel}","templated":true}]}}