{"id":785368,"date":"2026-04-01T03:38:32","date_gmt":"2026-04-01T00:38:32","guid":{"rendered":"https:\/\/roveyayinevi.com.tr\/index.php\/urun\/asalak-fenomen-ciltli\/"},"modified":"2026-04-15T03:48:49","modified_gmt":"2026-04-15T00:48:49","slug":"asalak-fenomen-ciltli","status":"publish","type":"product","link":"https:\/\/roveyayinevi.com.tr\/index.php\/urun\/asalak-fenomen-ciltli\/","title":{"rendered":"Asalak Fenomen (Ciltli)"},"content":{"rendered":"<p>Feyza Soysal, ku\u0308\u00e7u\u0308klu\u0308\u011fu\u0308nden beri doktor olmay\u0131hayal eden, gen\u00e7 bir k\u0131zd\u0131r. Y\u0131llar su\u0308ren \u00e7abalar\u0131nara\u011fmen d\u00f6rdu\u0308ncu\u0308 kez girdi\u011fi s\u0131navda da istedi\u011fiba\u015far\u0131y\u0131 elde edemeyince kendisini kaybeder.Ya\u015fad\u0131\u011f\u0131 hayal k\u0131r\u0131kl\u0131\u011f\u0131yla kameran\u0131n kar\u015f\u0131s\u0131nage\u00e7erek sistemi ele\u015ftirir.\u00dcstelik o videoyla bir gecede u\u0308lke gu\u0308ndemine oturur.Milyonlarca destek mesaj\u0131 al\u0131r. Tan\u0131mad\u0131\u011f\u0131 bir adam,e\u011fitimine sponsor olmak ister. Feyza i\u00e7in yenidenbir umut do\u011far. Fakat bu umut, beklenmedik birhamleyle yerle bir olur.Zaman ge\u00e7er&#8230;Feyza Soysal, ele\u015ftiri videolar\u0131yla kitleleri pe\u015findensu\u0308ru\u0308kleyen, \u015f\u0131mar\u0131k, sivri dilli bir fenomene d\u00f6nu\u0308\u015fu\u0308r.Yeni hedefi ise alayc\u0131 bak\u0131\u015flar\u0131 ve ku\u0308\u00e7u\u0308mseyicis\u00f6zleriyle onu g\u00f6rmezlikten gelen kalp ve damarcerrah\u0131 Merthan \u00d6zkan\u2019d\u0131r.\u201cUyar\u0131yorum, daha fazla hasta olmamak i\u00e7inMerthan \u00d6zkan\u2019dan randevu almay\u0131n.\u201d.<\/p>\n","protected":false},"excerpt":{"rendered":"<p>Feyza Soysal, ku\u0308\u00e7u\u0308klu\u0308\u011fu\u0308nden beri doktor olmay\u0131hayal eden, gen\u00e7 bir k\u0131zd\u0131r. Y\u0131llar su\u0308ren \u00e7abalar\u0131nara\u011fmen d\u00f6rdu\u0308ncu\u0308 kez girdi\u011fi s\u0131navda da istedi\u011fiba\u015far\u0131y\u0131 elde edemeyince kendisini kaybeder.Ya\u015fad\u0131\u011f\u0131 hayal k\u0131r\u0131kl\u0131\u011f\u0131yla kameran\u0131n<span class=\"excerpt-hellip\"> [\u2026]<\/span><\/p>\n","protected":false},"featured_media":0,"template":"","meta":{"_monsterinsights_skip_tracking":false,"_monsterinsights_sitenote_active":false,"_monsterinsights_sitenote_note":"","_monsterinsights_sitenote_category":0},"product_brand":[],"product_cat":[12291,12711],"product_tag":[],"class_list":{"0":"post-785368","1":"product","2":"type-product","3":"status-publish","5":"product_cat-edebiyat","6":"product_cat-roman-oyku","7":"pa_cilt-ciltsiz","8":"pa_tur-kitap","9":"pa_yayinevi-lapis-kitap","10":"pa_yazar-merve-guner","12":"first","13":"instock","14":"sale","15":"shipping-taxable","16":"purchasable","17":"product-type-simple"},"_links":{"self":[{"href":"https:\/\/roveyayinevi.com.tr\/index.php\/wp-json\/wp\/v2\/product\/785368","targetHints":{"allow":["GET"]}}],"collection":[{"href":"https:\/\/roveyayinevi.com.tr\/index.php\/wp-json\/wp\/v2\/product"}],"about":[{"href":"https:\/\/roveyayinevi.com.tr\/index.php\/wp-json\/wp\/v2\/types\/product"}],"wp:attachment":[{"href":"https:\/\/roveyayinevi.com.tr\/index.php\/wp-json\/wp\/v2\/media?parent=785368"}],"wp:term":[{"taxonomy":"product_brand","embeddable":true,"href":"https:\/\/roveyayinevi.com.tr\/index.php\/wp-json\/wp\/v2\/product_brand?post=785368"},{"taxonomy":"product_cat","embeddable":true,"href":"https:\/\/roveyayinevi.com.tr\/index.php\/wp-json\/wp\/v2\/product_cat?post=785368"},{"taxonomy":"product_tag","embeddable":true,"href":"https:\/\/roveyayinevi.com.tr\/index.php\/wp-json\/wp\/v2\/product_tag?post=785368"}],"curies":[{"name":"wp","href":"https:\/\/api.w.org\/{rel}","templated":true}]}}