{"id":785366,"date":"2026-04-01T03:38:27","date_gmt":"2026-04-01T00:38:27","guid":{"rendered":"https:\/\/roveyayinevi.com.tr\/index.php\/urun\/bir-kere-daha\/"},"modified":"2026-04-15T03:48:47","modified_gmt":"2026-04-15T00:48:47","slug":"bir-kere-daha","status":"publish","type":"product","link":"https:\/\/roveyayinevi.com.tr\/index.php\/urun\/bir-kere-daha\/","title":{"rendered":"Bir Kere Daha"},"content":{"rendered":"<p>New York Times Bestseller Hayat\u0131n\u0131zdaki her \u015feyi ikinci kez ya\u015fama \u015fans\u0131n\u0131z olsayd\u0131!&#8230;Alfie sekiz ya\u015f\u0131ndayken her \u015feyi ikinci bir kez daha ya\u015fayabilmek gibi s\u0131ra d\u0131\u015f\u0131 bir yetene\u011fi oldu\u011funu ke\u015ffeder. Herhangi bir an\u0131 geri alabilir ve yeniden ya\u015fayabilir. Tek bir sorun: \u0130kinci denemenin sonu\u00e7lar\u0131n\u0131 kabul etmek zorundad\u0131r \u2013 iyi ya da k\u00f6t\u00fc.Hatalar\u0131n\u0131 d\u00fczelterek ve kendini ergenlik utan\u00e7lar\u0131ndan kurtararak b\u00fcy\u00fcr Alfie. \u00d6l\u00fcme yakla\u015fman\u0131n nas\u0131l bir \u015fey oldu\u011funu g\u00f6rmek i\u00e7in aptalca ve tehlikeli riskler al\u0131r. A\u015fklar\u0131n\u0131 inceler ve kendini daha \u00e7ekici hale getirmek i\u00e7in geri d\u00f6ner. Zamanla, do\u011fru ki\u015fi oldu\u011funa inand\u0131\u011f\u0131 kad\u0131n olan Gianna\u2019ya derinden \u00e2\u015f\u0131k olur. Mutlulu\u011fu bulmu\u015f gibi g\u00f6r\u00fcnmektedir. Ancak y\u0131llar ge\u00e7tik\u00e7e Alfie\u2019nin g\u00f6z\u00fc ba\u015fka yerlere kaymaya ba\u015flar. \u0130\u015fte o zaman g\u00fcc\u00fcn\u00fcn lanetli taraf\u0131n\u0131 da \u00f6\u011frenir: Bir a\u015fk\u0131 geri ald\u0131\u011f\u0131nda, o ki\u015fi bir daha asla ona \u00e2\u015f\u0131k olamaz. G\u00fcnaha boyun e\u011ferse Gianna\u2019yla sahip olduklar\u0131n\u0131 kaybetme riskiyle kar\u015f\u0131 kar\u015f\u0131ya kalaca\u011f\u0131n\u0131 bilen Alfie, hayat\u0131n\u0131 sonsuza dek de\u011fi\u015ftirecek bir se\u00e7im yapar.Amerika\u2019n\u0131n en sevilen hik\u00e2ye anlat\u0131c\u0131s\u0131 Mitch Albom, bu romanda okurlar\u0131n\u0131 b\u00fcy\u00fcleyici, irdeleyici ve s\u00fcr\u00fckleyici bir hik\u00e2yeyle d\u00fc\u015f\u00fcnd\u00fcr\u00fcyor.<\/p>\n","protected":false},"excerpt":{"rendered":"<p>New York Times Bestseller Hayat\u0131n\u0131zdaki her \u015feyi ikinci kez ya\u015fama \u015fans\u0131n\u0131z olsayd\u0131!&#8230;Alfie sekiz ya\u015f\u0131ndayken her \u015feyi ikinci bir kez daha ya\u015fayabilmek gibi s\u0131ra d\u0131\u015f\u0131 bir yetene\u011fi<span class=\"excerpt-hellip\"> [\u2026]<\/span><\/p>\n","protected":false},"featured_media":0,"template":"","meta":{"_monsterinsights_skip_tracking":false,"_monsterinsights_sitenote_active":false,"_monsterinsights_sitenote_note":"","_monsterinsights_sitenote_category":0},"product_brand":[],"product_cat":[141304],"product_tag":[],"class_list":{"0":"post-785366","1":"product","2":"type-product","3":"status-publish","5":"product_cat-yeni-cikanlar","6":"pa_cilt-ciltsiz","7":"pa_tur-kitap","8":"pa_yayinevi-destek-yayinlari","9":"pa_yazar-mitch-albom","11":"first","12":"instock","13":"sale","14":"shipping-taxable","15":"purchasable","16":"product-type-simple"},"_links":{"self":[{"href":"https:\/\/roveyayinevi.com.tr\/index.php\/wp-json\/wp\/v2\/product\/785366","targetHints":{"allow":["GET"]}}],"collection":[{"href":"https:\/\/roveyayinevi.com.tr\/index.php\/wp-json\/wp\/v2\/product"}],"about":[{"href":"https:\/\/roveyayinevi.com.tr\/index.php\/wp-json\/wp\/v2\/types\/product"}],"wp:attachment":[{"href":"https:\/\/roveyayinevi.com.tr\/index.php\/wp-json\/wp\/v2\/media?parent=785366"}],"wp:term":[{"taxonomy":"product_brand","embeddable":true,"href":"https:\/\/roveyayinevi.com.tr\/index.php\/wp-json\/wp\/v2\/product_brand?post=785366"},{"taxonomy":"product_cat","embeddable":true,"href":"https:\/\/roveyayinevi.com.tr\/index.php\/wp-json\/wp\/v2\/product_cat?post=785366"},{"taxonomy":"product_tag","embeddable":true,"href":"https:\/\/roveyayinevi.com.tr\/index.php\/wp-json\/wp\/v2\/product_tag?post=785366"}],"curies":[{"name":"wp","href":"https:\/\/api.w.org\/{rel}","templated":true}]}}