{"id":785365,"date":"2026-04-01T03:38:25","date_gmt":"2026-04-01T00:38:25","guid":{"rendered":"https:\/\/roveyayinevi.com.tr\/index.php\/urun\/noropsikolojik-danisma-teknikleri\/"},"modified":"2026-04-15T03:48:44","modified_gmt":"2026-04-15T00:48:44","slug":"noropsikolojik-danisma-teknikleri","status":"publish","type":"product","link":"https:\/\/roveyayinevi.com.tr\/index.php\/urun\/noropsikolojik-danisma-teknikleri\/","title":{"rendered":"N\u00f6ropsikolojik Dan\u0131\u015fma Teknikleri"},"content":{"rendered":"<p>\u0130nsan\u0131n davran\u0131\u015flar\u0131, zihinsel s\u00fcre\u00e7leri ve duygusal tepkileri birbirinden ba\u011f\u0131ms\u0131z de\u011fildir. Her d\u00fc\u015f\u00fcnce beyinde bir biyokimyasal de\u011fi\u015fim yarat\u0131r; her duygu bedende bir fizyolojik kar\u015f\u0131l\u0131k bulur; her bedensel duru\u015f ise zihinsel bir anlam ta\u015f\u0131r (Damasio, 1999; Porges, 2011).  Bu kitap, i\u015fte bu \u00fc\u00e7l\u00fc etkile\u015fimi &#8211; d\u00fc\u015f\u00fcnce, duygu ve beden aras\u0131ndaki kesintisiz d\u00f6ng\u00fcy\u00fc &#8211; n\u00f6ropsikolojik temelleriyle anlamak ve bu d\u00f6ng\u00fc \u00fczerinde bilin\u00e7li bir d\u00f6n\u00fc\u015f\u00fcm yaratmak amac\u0131yla kaleme al\u0131nm\u0131\u015ft\u0131r.Klasik psikolojik dan\u0131\u015fma yakla\u015f\u0131mlar\u0131 \u00e7o\u011funlukla zihni merkeze al\u0131r. Oysa bedeni d\u00f6n\u00fc\u015ft\u00fcrmeden zihni d\u00f6n\u00fc\u015ft\u00fcrmek, bir yaz\u0131l\u0131m\u0131 g\u00fcncelleyip eski donan\u0131m \u00fczerinde \u00e7al\u0131\u015ft\u0131rmaya benzer (van der Kolk, 2014). Bedenin biyokimyasal ve n\u00f6rofizyolojik yap\u0131s\u0131 de\u011fi\u015fmedik\u00e7e birey, ne kadar fark\u0131ndal\u0131k geli\u015ftirirse geli\u015ftirsin, eski duygular ve davran\u0131\u015f kal\u0131plar\u0131 bir s\u00fcre sonra yeniden ortaya \u00e7\u0131kar. Bu nedenle kal\u0131c\u0131 bir psikolojik iyile\u015fme yaln\u0131zca bili\u015fsel de\u011fil, bedensel ve n\u00f6rofizyolojik d\u00fczeyde de ger\u00e7ekle\u015fmelidir.Kitapta yer alan kuramsal yap\u0131, Aleksandr Luria&#8217;n\u0131n beynin i\u015flevsel sistemlerini \u00fc\u00e7 blok h\u00e2linde ele alan modelinden yola \u00e7\u0131kar (Luria, 1973). Luria&#8217;n\u0131n bu yap\u0131sal \u00e7er\u00e7evesi, davran\u0131\u015f\u0131n \u00e7ok-merkezli do\u011fas\u0131n\u0131 anlamam\u0131za \u0131\u015f\u0131k tutar. Ancak burada yap\u0131lan, bu modeli yeniden yorumlayarak her bir blo\u011fun psikolojik, bedensel ve davran\u0131\u015fsal kar\u015f\u0131l\u0131klar\u0131n\u0131 a\u00e7\u0131klamakt\u0131r. B\u00f6ylece beynin a\u015fa\u011f\u0131dan yukar\u0131ya, bedenden zihne do\u011fru i\u015fleyen ontogenetik \u00f6rg\u00fcs\u00fc i\u00e7inde ki\u015fili\u011fin nas\u0131l bi\u00e7imlendi\u011fi ve bireyin duygusal-bili\u015fsel s\u00fcre\u00e7lerle fizyolojik d\u00fczeni nas\u0131l dengeledi\u011fi ortaya konmaktad\u0131r.<\/p>\n","protected":false},"excerpt":{"rendered":"<p>\u0130nsan\u0131n davran\u0131\u015flar\u0131, zihinsel s\u00fcre\u00e7leri ve duygusal tepkileri birbirinden ba\u011f\u0131ms\u0131z de\u011fildir. Her d\u00fc\u015f\u00fcnce beyinde bir biyokimyasal de\u011fi\u015fim yarat\u0131r; her duygu bedende bir fizyolojik kar\u015f\u0131l\u0131k bulur; her bedensel<span class=\"excerpt-hellip\"> [\u2026]<\/span><\/p>\n","protected":false},"featured_media":0,"template":"","meta":{"_monsterinsights_skip_tracking":false,"_monsterinsights_sitenote_active":false,"_monsterinsights_sitenote_note":"","_monsterinsights_sitenote_category":0},"product_brand":[],"product_cat":[20502,12357],"product_tag":[],"class_list":{"0":"post-785365","1":"product","2":"type-product","3":"status-publish","5":"product_cat-basvuru-kitaplari-psikoloji","6":"product_cat-psikoloji","7":"pa_cilt-ciltsiz","8":"pa_tur-kitap","9":"pa_yayinevi-ani-yayincilik","10":"pa_yazar-sultanberk-halmatov","12":"first","13":"instock","14":"sale","15":"shipping-taxable","16":"purchasable","17":"product-type-simple"},"_links":{"self":[{"href":"https:\/\/roveyayinevi.com.tr\/index.php\/wp-json\/wp\/v2\/product\/785365","targetHints":{"allow":["GET"]}}],"collection":[{"href":"https:\/\/roveyayinevi.com.tr\/index.php\/wp-json\/wp\/v2\/product"}],"about":[{"href":"https:\/\/roveyayinevi.com.tr\/index.php\/wp-json\/wp\/v2\/types\/product"}],"wp:attachment":[{"href":"https:\/\/roveyayinevi.com.tr\/index.php\/wp-json\/wp\/v2\/media?parent=785365"}],"wp:term":[{"taxonomy":"product_brand","embeddable":true,"href":"https:\/\/roveyayinevi.com.tr\/index.php\/wp-json\/wp\/v2\/product_brand?post=785365"},{"taxonomy":"product_cat","embeddable":true,"href":"https:\/\/roveyayinevi.com.tr\/index.php\/wp-json\/wp\/v2\/product_cat?post=785365"},{"taxonomy":"product_tag","embeddable":true,"href":"https:\/\/roveyayinevi.com.tr\/index.php\/wp-json\/wp\/v2\/product_tag?post=785365"}],"curies":[{"name":"wp","href":"https:\/\/api.w.org\/{rel}","templated":true}]}}