{"id":785364,"date":"2026-04-01T03:34:17","date_gmt":"2026-04-01T00:34:17","guid":{"rendered":"https:\/\/roveyayinevi.com.tr\/index.php\/urun\/kamu-kurum-ve-kuruluslarinda-kurumsal-iletisim-cercevesinde-liderlik-davranislarinin-calisan-performansina-etkisi-bir-alan-arastirmasi\/"},"modified":"2026-04-15T03:43:45","modified_gmt":"2026-04-15T00:43:45","slug":"kamu-kurum-ve-kuruluslarinda-kurumsal-iletisim-cercevesinde-liderlik-davranislarinin-calisan-performansina-etkisi-bir-alan-arastirmasi","status":"publish","type":"product","link":"https:\/\/roveyayinevi.com.tr\/index.php\/urun\/kamu-kurum-ve-kuruluslarinda-kurumsal-iletisim-cercevesinde-liderlik-davranislarinin-calisan-performansina-etkisi-bir-alan-arastirmasi\/","title":{"rendered":"Kamu Kurum Ve Kurulu\u015flar\u0131nda Kurumsal \u0130leti\u015fim \u00c7er\u00e7evesinde Liderlik Davran\u0131\u015flar\u0131n\u0131n \u00c7al\u0131\u015fan Performans\u0131na Etkisi: Bir Alan Ara\u015ft\u0131rmas\u0131"},"content":{"rendered":"<p>\u0130\u00e7indekiler :     B\u0130R\u0130NC\u0130 B\u00d6L\u00dcM KAVRAMSAL \u00c7ER\u00c7EVE   \u0130K\u0130NC\u0130 B\u00d6L\u00dcM ARA\u015eTIRMANIN AMACI, Y\u00d6NTEM\u0130 VE BULGULARI <\/p>\n","protected":false},"excerpt":{"rendered":"<p>\u0130\u00e7indekiler : B\u0130R\u0130NC\u0130 B\u00d6L\u00dcM KAVRAMSAL \u00c7ER\u00c7EVE \u0130K\u0130NC\u0130 B\u00d6L\u00dcM ARA\u015eTIRMANIN AMACI, Y\u00d6NTEM\u0130 VE BULGULARI<\/p>\n","protected":false},"featured_media":0,"template":"","meta":{"_monsterinsights_skip_tracking":false,"_monsterinsights_sitenote_active":false,"_monsterinsights_sitenote_note":"","_monsterinsights_sitenote_category":0},"product_brand":[],"product_cat":[13043,14381],"product_tag":[],"class_list":{"0":"post-785364","1":"product","2":"type-product","3":"status-publish","5":"product_cat-ekonomi","6":"product_cat-isletme-muhasebe-maliye","7":"pa_cilt-ciltsiz","8":"pa_tur-kitap","9":"pa_yayinevi-gazi-kitabevi","10":"pa_yazar-ozer-elkirmis","12":"first","13":"instock","14":"sale","15":"shipping-taxable","16":"purchasable","17":"product-type-simple"},"_links":{"self":[{"href":"https:\/\/roveyayinevi.com.tr\/index.php\/wp-json\/wp\/v2\/product\/785364","targetHints":{"allow":["GET"]}}],"collection":[{"href":"https:\/\/roveyayinevi.com.tr\/index.php\/wp-json\/wp\/v2\/product"}],"about":[{"href":"https:\/\/roveyayinevi.com.tr\/index.php\/wp-json\/wp\/v2\/types\/product"}],"wp:attachment":[{"href":"https:\/\/roveyayinevi.com.tr\/index.php\/wp-json\/wp\/v2\/media?parent=785364"}],"wp:term":[{"taxonomy":"product_brand","embeddable":true,"href":"https:\/\/roveyayinevi.com.tr\/index.php\/wp-json\/wp\/v2\/product_brand?post=785364"},{"taxonomy":"product_cat","embeddable":true,"href":"https:\/\/roveyayinevi.com.tr\/index.php\/wp-json\/wp\/v2\/product_cat?post=785364"},{"taxonomy":"product_tag","embeddable":true,"href":"https:\/\/roveyayinevi.com.tr\/index.php\/wp-json\/wp\/v2\/product_tag?post=785364"}],"curies":[{"name":"wp","href":"https:\/\/api.w.org\/{rel}","templated":true}]}}