{"id":785362,"date":"2026-04-01T03:12:15","date_gmt":"2026-04-01T00:12:15","guid":{"rendered":"https:\/\/roveyayinevi.com.tr\/index.php\/urun\/erzurumlu-ibrahim-hakki-marifetname-1-2-ciltli-kutulu\/"},"modified":"2026-04-16T03:08:45","modified_gmt":"2026-04-16T00:08:45","slug":"erzurumlu-ibrahim-hakki-marifetname-1-2-ciltli-kutulu","status":"publish","type":"product","link":"https:\/\/roveyayinevi.com.tr\/index.php\/urun\/erzurumlu-ibrahim-hakki-marifetname-1-2-ciltli-kutulu\/","title":{"rendered":"Erzurumlu \u0130brahim Hakk\u0131 Marifetname 1-2 (Ciltli-Kutulu)"},"content":{"rendered":"<p>Erzurumlu \u0130brahim Hakk\u0131\u2026 Ve M\u00e2rifetn\u00e2me\u2026. As\u0131rlard\u0131r yan yana g\u00f6z ya\u015fart\u0131c\u0131 bir \u015f\u00f6hretle \u0131\u015f\u0131ld\u0131yorlar\u2026 \u00c7a\u011flar \u00f6ncesinde \u00f6ylesine atak ve co\u015fkun bir merakla yaz\u0131ld\u0131 ki M\u00e2rifetn\u00e2me, sonradan gelen hi\u00e7bir nesil ona kay\u0131ts\u0131z kalamad\u0131. Mevla g\u00f6relim neyler, Neylerse g\u00fczel eyler, esprisi onu bir bak\u0131ma olu\u015f ve g\u00fczellik kitab\u0131na d\u00f6n\u00fc\u015ft\u00fcrd\u00fc. Kainat\u0131 her y\u00f6nden kavramaya, s\u0131rlar\u0131n\u0131, g\u00fczelliklerini, maddi ba\u011flant\u0131lar\u0131n\u0131 bulmaya \u00e7al\u0131\u015f\u0131r M\u00e2rifetn\u00e2me. Ve insanla birlikte bir \u00e7ark-\u0131 felek d\u00f6n\u00fc\u015f\u00fcyle dola\u015f\u0131r&#8230; Manevi ilimle maddi bilgiler el ele y\u00fcr\u00fcd\u00fcler onda. Bu hacimli, \u00e7etin ve yer yer \u00e7etrefilli metin g\u00fcncel dilin ve birikimin dokunu\u015flar\u0131yla yeniden hayat buldu. M\u00e2rifetn\u00e2me\u2026 Bir insan ve insanl\u0131k ara\u015ft\u0131rmas\u0131 vasf\u0131yla eksiksiz ve anla\u015f\u0131l\u0131r bir dille\u2026 <\/p>\n","protected":false},"excerpt":{"rendered":"<p>Erzurumlu \u0130brahim Hakk\u0131\u2026 Ve M\u00e2rifetn\u00e2me\u2026. As\u0131rlard\u0131r yan yana g\u00f6z ya\u015fart\u0131c\u0131 bir \u015f\u00f6hretle \u0131\u015f\u0131ld\u0131yorlar\u2026 \u00c7a\u011flar \u00f6ncesinde \u00f6ylesine atak ve co\u015fkun bir merakla yaz\u0131ld\u0131 ki M\u00e2rifetn\u00e2me, sonradan gelen<span class=\"excerpt-hellip\"> [\u2026]<\/span><\/p>\n","protected":false},"featured_media":0,"template":"","meta":{"_monsterinsights_skip_tracking":false,"_monsterinsights_sitenote_active":false,"_monsterinsights_sitenote_note":"","_monsterinsights_sitenote_category":0},"product_brand":[],"product_cat":[12304],"product_tag":[],"class_list":{"0":"post-785362","1":"product","2":"type-product","3":"status-publish","5":"product_cat-tarih","6":"pa_cilt-ciltsiz","7":"pa_tur-kitap","8":"pa_yayinevi-kapi-yayinlari","9":"pa_yazar-enfel-dogan","11":"first","12":"instock","13":"sale","14":"shipping-taxable","15":"purchasable","16":"product-type-simple"},"_links":{"self":[{"href":"https:\/\/roveyayinevi.com.tr\/index.php\/wp-json\/wp\/v2\/product\/785362","targetHints":{"allow":["GET"]}}],"collection":[{"href":"https:\/\/roveyayinevi.com.tr\/index.php\/wp-json\/wp\/v2\/product"}],"about":[{"href":"https:\/\/roveyayinevi.com.tr\/index.php\/wp-json\/wp\/v2\/types\/product"}],"wp:attachment":[{"href":"https:\/\/roveyayinevi.com.tr\/index.php\/wp-json\/wp\/v2\/media?parent=785362"}],"wp:term":[{"taxonomy":"product_brand","embeddable":true,"href":"https:\/\/roveyayinevi.com.tr\/index.php\/wp-json\/wp\/v2\/product_brand?post=785362"},{"taxonomy":"product_cat","embeddable":true,"href":"https:\/\/roveyayinevi.com.tr\/index.php\/wp-json\/wp\/v2\/product_cat?post=785362"},{"taxonomy":"product_tag","embeddable":true,"href":"https:\/\/roveyayinevi.com.tr\/index.php\/wp-json\/wp\/v2\/product_tag?post=785362"}],"curies":[{"name":"wp","href":"https:\/\/api.w.org\/{rel}","templated":true}]}}