{"id":785361,"date":"2026-04-01T03:02:41","date_gmt":"2026-04-01T00:02:41","guid":{"rendered":"https:\/\/roveyayinevi.com.tr\/index.php\/urun\/turan-ekinci-siir-kitaplari-2-kitap-set\/"},"modified":"2026-04-03T03:01:54","modified_gmt":"2026-04-03T00:01:54","slug":"turan-ekinci-siir-kitaplari-2-kitap-set","status":"publish","type":"product","link":"https:\/\/roveyayinevi.com.tr\/index.php\/urun\/turan-ekinci-siir-kitaplari-2-kitap-set\/","title":{"rendered":"Turan Ekinci \u015eiir Kitaplar\u0131 (2 Kitap Set)"},"content":{"rendered":"<p>AYRILI\u011eIN Z\u0130RVES\u0130Yok \u00f6yle sevip gitmek Ben ne a\u015fklara s\u0131rt d\u00f6nd\u00fcm Ne baharlar\u0131 k\u0131\u015fa g\u00f6md\u00fcm Yok \u00f6yle, yok\u2026 \u00c7ocukluk etme hadi Hava karar\u0131r birazdan Sen \u015fakadan say, ben nazdanDEN\u0130ZDE B\u0130R DAMLA   Beden ince olsun diye ne gayret eder de\u011fil mi insan? Oysaki ruh ince de\u011filse hangi bedene s\u0131\u011far insan? &#8230;&#8230;&#8230;&#8230;&#8230;&#8230;.. K\u0131\u015f g\u00fcne\u015fi gibiydi ya\u015fad\u0131\u011f\u0131m\u0131z her \u015fey Ya g\u00fcne\u015f yalanc\u0131yd\u0131 ya da eksikti bir \u015fey! &#8230;&#8230;&#8230;&#8230;&#8230;&#8230;&#8230;&#8230; Beni m\u00fcsait bir yere b\u0131rak, dedi! G\u00f6nl\u00fcme koydum. <\/p>\n","protected":false},"excerpt":{"rendered":"<p>AYRILI\u011eIN Z\u0130RVES\u0130Yok \u00f6yle sevip gitmek Ben ne a\u015fklara s\u0131rt d\u00f6nd\u00fcm Ne baharlar\u0131 k\u0131\u015fa g\u00f6md\u00fcm Yok \u00f6yle, yok\u2026 \u00c7ocukluk etme hadi Hava karar\u0131r birazdan Sen \u015fakadan say,<span class=\"excerpt-hellip\"> [\u2026]<\/span><\/p>\n","protected":false},"featured_media":0,"template":"","meta":{"_monsterinsights_skip_tracking":false,"_monsterinsights_sitenote_active":false,"_monsterinsights_sitenote_note":"","_monsterinsights_sitenote_category":0},"product_brand":[],"product_cat":[12291,12509],"product_tag":[],"class_list":{"0":"post-785361","1":"product","2":"type-product","3":"status-publish","5":"product_cat-edebiyat","6":"product_cat-siir","7":"pa_cilt-ciltsiz","8":"pa_tur-kitap","9":"pa_yayinevi-kitap-muptelasi-yayinlari","10":"pa_yazar-turan-ekinci","12":"first","13":"instock","14":"sale","15":"shipping-taxable","16":"purchasable","17":"product-type-simple"},"_links":{"self":[{"href":"https:\/\/roveyayinevi.com.tr\/index.php\/wp-json\/wp\/v2\/product\/785361","targetHints":{"allow":["GET"]}}],"collection":[{"href":"https:\/\/roveyayinevi.com.tr\/index.php\/wp-json\/wp\/v2\/product"}],"about":[{"href":"https:\/\/roveyayinevi.com.tr\/index.php\/wp-json\/wp\/v2\/types\/product"}],"wp:attachment":[{"href":"https:\/\/roveyayinevi.com.tr\/index.php\/wp-json\/wp\/v2\/media?parent=785361"}],"wp:term":[{"taxonomy":"product_brand","embeddable":true,"href":"https:\/\/roveyayinevi.com.tr\/index.php\/wp-json\/wp\/v2\/product_brand?post=785361"},{"taxonomy":"product_cat","embeddable":true,"href":"https:\/\/roveyayinevi.com.tr\/index.php\/wp-json\/wp\/v2\/product_cat?post=785361"},{"taxonomy":"product_tag","embeddable":true,"href":"https:\/\/roveyayinevi.com.tr\/index.php\/wp-json\/wp\/v2\/product_tag?post=785361"}],"curies":[{"name":"wp","href":"https:\/\/api.w.org\/{rel}","templated":true}]}}