{"id":785358,"date":"2026-04-01T02:24:19","date_gmt":"2026-03-31T23:24:19","guid":{"rendered":"https:\/\/roveyayinevi.com.tr\/index.php\/urun\/dede-korkut-hikayeleri-19\/"},"modified":"2026-04-08T02:23:21","modified_gmt":"2026-04-07T23:23:21","slug":"dede-korkut-hikayeleri-19","status":"publish","type":"product","link":"https:\/\/roveyayinevi.com.tr\/index.php\/urun\/dede-korkut-hikayeleri-19\/","title":{"rendered":"Dede Korkut Hikayeleri"},"content":{"rendered":"<p>Eski edebiyat\u0131m\u0131z\u0131n ve folklorumuzun en \u00f6nemli \u00f6rneklerinden biri olan Dede Korkut Hik\u00e2yeleri o \u00e7a\u011flardan g\u00fcn\u00fcm\u00fcze kalan yap\u0131tlar\u0131n azl\u0131\u011f\u0131 dolay\u0131s\u0131yla b\u00fcy\u00fck bir de\u011fer ta\u015f\u0131r. Be\u015f y\u00fczy\u0131l \u00f6nce yaz\u0131 diline ge\u00e7irilmi\u015ftir bu hik\u00e2yeler. Usta edebiyat\u00e7\u0131 Cevdet Kudret taraf\u0131ndan halk ve \u00f6\u011frenciler i\u00e7in haz\u0131rlanan bu kitapta okumay\u0131  ve anlamay\u0131 kolayla\u015ft\u0131rmak  amac\u0131yla g\u00fcn\u00fcm\u00fcz\u00fcn ar\u0131 dili kullan\u0131lm\u0131\u015f, de\u011fi\u015fikli\u011fin elden geldi\u011fince  az olmas\u0131na \u00e7al\u0131\u015f\u0131lm\u0131\u015ft\u0131r. Bu kitapta, \u00e7ok sevilen o eski halk hik\u00e2yelerimizi bir kat daha g\u00fczelle\u015fmi\u015f bulacaks\u0131n\u0131z.<\/p>\n","protected":false},"excerpt":{"rendered":"<p>Eski edebiyat\u0131m\u0131z\u0131n ve folklorumuzun en \u00f6nemli \u00f6rneklerinden biri olan Dede Korkut Hik\u00e2yeleri o \u00e7a\u011flardan g\u00fcn\u00fcm\u00fcze kalan yap\u0131tlar\u0131n azl\u0131\u011f\u0131 dolay\u0131s\u0131yla b\u00fcy\u00fck bir de\u011fer ta\u015f\u0131r. Be\u015f y\u00fczy\u0131l \u00f6nce<span class=\"excerpt-hellip\"> [\u2026]<\/span><\/p>\n","protected":false},"featured_media":0,"template":"","meta":{"_monsterinsights_skip_tracking":false,"_monsterinsights_sitenote_active":false,"_monsterinsights_sitenote_note":"","_monsterinsights_sitenote_category":0},"product_brand":[],"product_cat":[12291,12711],"product_tag":[],"class_list":{"0":"post-785358","1":"product","2":"type-product","3":"status-publish","5":"product_cat-edebiyat","6":"product_cat-roman-oyku","7":"pa_cilt-ciltsiz","8":"pa_tur-kitap","9":"pa_yayinevi-kapi-yayinlari","10":"pa_yazar-cevdet-kudret","12":"first","13":"instock","14":"sale","15":"shipping-taxable","16":"purchasable","17":"product-type-simple"},"_links":{"self":[{"href":"https:\/\/roveyayinevi.com.tr\/index.php\/wp-json\/wp\/v2\/product\/785358","targetHints":{"allow":["GET"]}}],"collection":[{"href":"https:\/\/roveyayinevi.com.tr\/index.php\/wp-json\/wp\/v2\/product"}],"about":[{"href":"https:\/\/roveyayinevi.com.tr\/index.php\/wp-json\/wp\/v2\/types\/product"}],"wp:attachment":[{"href":"https:\/\/roveyayinevi.com.tr\/index.php\/wp-json\/wp\/v2\/media?parent=785358"}],"wp:term":[{"taxonomy":"product_brand","embeddable":true,"href":"https:\/\/roveyayinevi.com.tr\/index.php\/wp-json\/wp\/v2\/product_brand?post=785358"},{"taxonomy":"product_cat","embeddable":true,"href":"https:\/\/roveyayinevi.com.tr\/index.php\/wp-json\/wp\/v2\/product_cat?post=785358"},{"taxonomy":"product_tag","embeddable":true,"href":"https:\/\/roveyayinevi.com.tr\/index.php\/wp-json\/wp\/v2\/product_tag?post=785358"}],"curies":[{"name":"wp","href":"https:\/\/api.w.org\/{rel}","templated":true}]}}