{"id":785357,"date":"2026-04-01T02:13:06","date_gmt":"2026-03-31T23:13:06","guid":{"rendered":"https:\/\/roveyayinevi.com.tr\/index.php\/urun\/elveda-ogretmenim\/"},"modified":"2026-04-16T02:08:16","modified_gmt":"2026-04-15T23:08:16","slug":"elveda-ogretmenim","status":"publish","type":"product","link":"https:\/\/roveyayinevi.com.tr\/index.php\/urun\/elveda-ogretmenim\/","title":{"rendered":"Elveda \u00d6\u011fretmenim"},"content":{"rendered":"<p>Be\u015finci s\u0131n\u0131f, Bay Terupt ve Snow Hill Okulundaki \u00f6\u011frencileri i\u00e7in unutulmaz olaylarla doluydu. \u00d6zellikle de yedi \u00f6\u011frencisi \u00f6\u011fretmenlerinden \u00e7ok etkilenmi\u015fti. \u015eimdi o \u00f6\u011frenciler ilkokulu bitirmeden \u00f6nce sevgili \u00f6\u011fretmenleriyle bir sene daha ge\u00e7irme f\u0131rsat\u0131 yakal\u0131yorlar.Bay Terupt\u2019\u0131n ge\u00e7mi\u015fini ara\u015ft\u0131ran birka\u00e7 merakl\u0131 \u00f6\u011frenci onun hayat\u0131yla ilgili \u00e7ok \u00f6nemli bir ayr\u0131nt\u0131y\u0131 ke\u015ffeder ve \u00f6\u011fretmenlerini onlar\u0131n g\u00f6z\u00fcnde daha da \u00f6zel k\u0131lan bu k\u00fc\u00e7\u00fck s\u0131rr\u0131 \u00f6\u011frendiklerinde, s\u0131n\u0131ftaki herkes Bay Terupt\u2019\u0131n mutlu olmas\u0131 i\u00e7in ne gerekiyorsa yapmaya karar verir.H\u0131z treni gibi bir y\u0131l!Bay Terupt \u00f6\u011frencilerine olabileceklerinin en iyisi olmalar\u0131 i\u00e7in yard\u0131m ederken, fazlas\u0131yla \u00f6zel bir projede, bu sefer, onlar\u0131n yard\u0131m\u0131na ba\u015fvuruyor. Fakat acaba, herkesi mutlu son mu bekliyor?<\/p>\n","protected":false},"excerpt":{"rendered":"<p>Be\u015finci s\u0131n\u0131f, Bay Terupt ve Snow Hill Okulundaki \u00f6\u011frencileri i\u00e7in unutulmaz olaylarla doluydu. \u00d6zellikle de yedi \u00f6\u011frencisi \u00f6\u011fretmenlerinden \u00e7ok etkilenmi\u015fti. \u015eimdi o \u00f6\u011frenciler ilkokulu bitirmeden \u00f6nce<span class=\"excerpt-hellip\"> [\u2026]<\/span><\/p>\n","protected":false},"featured_media":0,"template":"","meta":{"_monsterinsights_skip_tracking":false,"_monsterinsights_sitenote_active":false,"_monsterinsights_sitenote_note":"","_monsterinsights_sitenote_category":0},"product_brand":[],"product_cat":[12291,15117],"product_tag":[],"class_list":{"0":"post-785357","1":"product","2":"type-product","3":"status-publish","5":"product_cat-edebiyat","6":"product_cat-genclik-edebiyati","7":"pa_cilt-ciltsiz","8":"pa_tur-kitap","9":"pa_yayinevi-altin-kitaplar","10":"pa_yazar-rob-buyea","12":"first","13":"instock","14":"sale","15":"shipping-taxable","16":"purchasable","17":"product-type-simple"},"_links":{"self":[{"href":"https:\/\/roveyayinevi.com.tr\/index.php\/wp-json\/wp\/v2\/product\/785357","targetHints":{"allow":["GET"]}}],"collection":[{"href":"https:\/\/roveyayinevi.com.tr\/index.php\/wp-json\/wp\/v2\/product"}],"about":[{"href":"https:\/\/roveyayinevi.com.tr\/index.php\/wp-json\/wp\/v2\/types\/product"}],"wp:attachment":[{"href":"https:\/\/roveyayinevi.com.tr\/index.php\/wp-json\/wp\/v2\/media?parent=785357"}],"wp:term":[{"taxonomy":"product_brand","embeddable":true,"href":"https:\/\/roveyayinevi.com.tr\/index.php\/wp-json\/wp\/v2\/product_brand?post=785357"},{"taxonomy":"product_cat","embeddable":true,"href":"https:\/\/roveyayinevi.com.tr\/index.php\/wp-json\/wp\/v2\/product_cat?post=785357"},{"taxonomy":"product_tag","embeddable":true,"href":"https:\/\/roveyayinevi.com.tr\/index.php\/wp-json\/wp\/v2\/product_tag?post=785357"}],"curies":[{"name":"wp","href":"https:\/\/api.w.org\/{rel}","templated":true}]}}