{"id":785354,"date":"2026-03-31T03:39:08","date_gmt":"2026-03-31T00:39:08","guid":{"rendered":"https:\/\/roveyayinevi.com.tr\/index.php\/urun\/jubileye-dogru\/"},"modified":"2026-04-15T03:48:55","modified_gmt":"2026-04-15T00:48:55","slug":"jubileye-dogru","status":"publish","type":"product","link":"https:\/\/roveyayinevi.com.tr\/index.php\/urun\/jubileye-dogru\/","title":{"rendered":"J\u00fcbileye Do\u011fru"},"content":{"rendered":"<p>-Bu kitap, okuyucular\u0131 b\u00fcy\u00fck bir kutlamaya haz\u0131rlamak i\u00e7in tasarlanm\u0131\u015ft\u0131r. &#8211; J\u00fcbileye Do\u011fru, tarihi olaylar\u0131 ve kutlamalar\u0131n \u00f6nemini vurgulayan bir eserdir. &#8211; Kitap, okuyuculara j\u00fcbile kutlamalar\u0131n\u0131n anlam\u0131n\u0131 ve de\u011ferini \u00f6\u011fretmeyi ama\u00e7lar. &#8211; J\u00fcbileye Do\u011fru, kutlama haz\u0131rl\u0131klar\u0131 hakk\u0131nda pratik bilgiler sunar. &#8211; Bu kitap, j\u00fcbile kutlamalar\u0131 i\u00e7in ilham verici fikirler ve \u00f6neriler i\u00e7erir.<\/p>\n","protected":false},"excerpt":{"rendered":"<p>-Bu kitap, okuyucular\u0131 b\u00fcy\u00fck bir kutlamaya haz\u0131rlamak i\u00e7in tasarlanm\u0131\u015ft\u0131r. &#8211; J\u00fcbileye Do\u011fru, tarihi olaylar\u0131 ve kutlamalar\u0131n \u00f6nemini vurgulayan bir eserdir. &#8211; Kitap, okuyuculara j\u00fcbile kutlamalar\u0131n\u0131n anlam\u0131n\u0131<span class=\"excerpt-hellip\"> [\u2026]<\/span><\/p>\n","protected":false},"featured_media":0,"template":"","meta":{"_monsterinsights_skip_tracking":false,"_monsterinsights_sitenote_active":false,"_monsterinsights_sitenote_note":"","_monsterinsights_sitenote_category":0},"product_brand":[],"product_cat":[12291,12711],"product_tag":[],"class_list":{"0":"post-785354","1":"product","2":"type-product","3":"status-publish","5":"product_cat-edebiyat","6":"product_cat-roman-oyku","7":"pa_cilt-ciltsiz","8":"pa_tur-kitap","9":"pa_yayinevi-baris-kitap","10":"pa_yazar-ercan-deva","12":"first","13":"instock","14":"sale","15":"shipping-taxable","16":"purchasable","17":"product-type-simple"},"_links":{"self":[{"href":"https:\/\/roveyayinevi.com.tr\/index.php\/wp-json\/wp\/v2\/product\/785354","targetHints":{"allow":["GET"]}}],"collection":[{"href":"https:\/\/roveyayinevi.com.tr\/index.php\/wp-json\/wp\/v2\/product"}],"about":[{"href":"https:\/\/roveyayinevi.com.tr\/index.php\/wp-json\/wp\/v2\/types\/product"}],"wp:attachment":[{"href":"https:\/\/roveyayinevi.com.tr\/index.php\/wp-json\/wp\/v2\/media?parent=785354"}],"wp:term":[{"taxonomy":"product_brand","embeddable":true,"href":"https:\/\/roveyayinevi.com.tr\/index.php\/wp-json\/wp\/v2\/product_brand?post=785354"},{"taxonomy":"product_cat","embeddable":true,"href":"https:\/\/roveyayinevi.com.tr\/index.php\/wp-json\/wp\/v2\/product_cat?post=785354"},{"taxonomy":"product_tag","embeddable":true,"href":"https:\/\/roveyayinevi.com.tr\/index.php\/wp-json\/wp\/v2\/product_tag?post=785354"}],"curies":[{"name":"wp","href":"https:\/\/api.w.org\/{rel}","templated":true}]}}