{"id":785352,"date":"2026-03-31T03:39:04","date_gmt":"2026-03-31T00:39:04","guid":{"rendered":"https:\/\/roveyayinevi.com.tr\/index.php\/urun\/bir-orman-masali\/"},"modified":"2026-04-15T03:48:54","modified_gmt":"2026-04-15T00:48:54","slug":"bir-orman-masali","status":"publish","type":"product","link":"https:\/\/roveyayinevi.com.tr\/index.php\/urun\/bir-orman-masali\/","title":{"rendered":"Bir Orman Masal\u0131"},"content":{"rendered":"<p>\u201cBir Orman Masal\u0131\u201d, do\u011fan\u0131n b\u00fcy\u00fcl\u00fc d\u00fcnyas\u0131nda ge\u00e7en, hem \u00e7ocuklara hem de yeti\u015fkinlere hitap eden s\u0131cac\u0131k bir hik\u00e2yedir. Kitap; dostluk, do\u011fa sevgisi ve i\u00e7sel yolculuk temalar\u0131n\u0131 masals\u0131 bir atmosfer i\u00e7inde anlat\u0131r.<\/p>\n","protected":false},"excerpt":{"rendered":"<p>\u201cBir Orman Masal\u0131\u201d, do\u011fan\u0131n b\u00fcy\u00fcl\u00fc d\u00fcnyas\u0131nda ge\u00e7en, hem \u00e7ocuklara hem de yeti\u015fkinlere hitap eden s\u0131cac\u0131k bir hik\u00e2yedir. Kitap; dostluk, do\u011fa sevgisi ve i\u00e7sel yolculuk temalar\u0131n\u0131 masals\u0131<span class=\"excerpt-hellip\"> [\u2026]<\/span><\/p>\n","protected":false},"featured_media":0,"template":"","meta":{"_monsterinsights_skip_tracking":false,"_monsterinsights_sitenote_active":false,"_monsterinsights_sitenote_note":"","_monsterinsights_sitenote_category":0},"product_brand":[],"product_cat":[12291,12292],"product_tag":[],"class_list":{"0":"post-785352","1":"product","2":"type-product","3":"status-publish","5":"product_cat-edebiyat","6":"product_cat-turk-edebiyati","7":"pa_cilt-ciltsiz","8":"pa_tur-kitap","9":"pa_yayinevi-baris-kitap","10":"pa_yazar-bulent-polat","12":"first","13":"instock","14":"sale","15":"shipping-taxable","16":"purchasable","17":"product-type-simple"},"_links":{"self":[{"href":"https:\/\/roveyayinevi.com.tr\/index.php\/wp-json\/wp\/v2\/product\/785352","targetHints":{"allow":["GET"]}}],"collection":[{"href":"https:\/\/roveyayinevi.com.tr\/index.php\/wp-json\/wp\/v2\/product"}],"about":[{"href":"https:\/\/roveyayinevi.com.tr\/index.php\/wp-json\/wp\/v2\/types\/product"}],"wp:attachment":[{"href":"https:\/\/roveyayinevi.com.tr\/index.php\/wp-json\/wp\/v2\/media?parent=785352"}],"wp:term":[{"taxonomy":"product_brand","embeddable":true,"href":"https:\/\/roveyayinevi.com.tr\/index.php\/wp-json\/wp\/v2\/product_brand?post=785352"},{"taxonomy":"product_cat","embeddable":true,"href":"https:\/\/roveyayinevi.com.tr\/index.php\/wp-json\/wp\/v2\/product_cat?post=785352"},{"taxonomy":"product_tag","embeddable":true,"href":"https:\/\/roveyayinevi.com.tr\/index.php\/wp-json\/wp\/v2\/product_tag?post=785352"}],"curies":[{"name":"wp","href":"https:\/\/api.w.org\/{rel}","templated":true}]}}