{"id":785350,"date":"2026-03-31T03:38:59","date_gmt":"2026-03-31T00:38:59","guid":{"rendered":"https:\/\/roveyayinevi.com.tr\/index.php\/urun\/24-gun\/"},"modified":"2026-04-15T03:48:53","modified_gmt":"2026-04-15T00:48:53","slug":"24-gun","status":"publish","type":"product","link":"https:\/\/roveyayinevi.com.tr\/index.php\/urun\/24-gun\/","title":{"rendered":"24. G\u00fcn"},"content":{"rendered":"<p>24. G\u00fcn\u201d, zor zamanlar\u0131n insan ruhunda b\u0131rakt\u0131\u011f\u0131 izleri ve hayatta kalma m\u00fccadelesini anlatan etkileyici bir eserdir. Kitap, \u00f6zellikle bir felaket (deprem\/afet) sonras\u0131nda ya\u015fanan ac\u0131lar\u0131, umutlar\u0131 ve insan dayan\u0131\u015fmas\u0131n\u0131 merkezine al\u0131r.<\/p>\n","protected":false},"excerpt":{"rendered":"<p>24. G\u00fcn\u201d, zor zamanlar\u0131n insan ruhunda b\u0131rakt\u0131\u011f\u0131 izleri ve hayatta kalma m\u00fccadelesini anlatan etkileyici bir eserdir. Kitap, \u00f6zellikle bir felaket (deprem\/afet) sonras\u0131nda ya\u015fanan ac\u0131lar\u0131, umutlar\u0131 ve<span class=\"excerpt-hellip\"> [\u2026]<\/span><\/p>\n","protected":false},"featured_media":0,"template":"","meta":{"_monsterinsights_skip_tracking":false,"_monsterinsights_sitenote_active":false,"_monsterinsights_sitenote_note":"","_monsterinsights_sitenote_category":0},"product_brand":[],"product_cat":[12291,12292],"product_tag":[],"class_list":{"0":"post-785350","1":"product","2":"type-product","3":"status-publish","5":"product_cat-edebiyat","6":"product_cat-turk-edebiyati","7":"pa_cilt-ciltsiz","8":"pa_tur-kitap","9":"pa_yayinevi-baris-kitap","10":"pa_yazar-erdal-diregin","12":"first","13":"instock","14":"sale","15":"shipping-taxable","16":"purchasable","17":"product-type-simple"},"_links":{"self":[{"href":"https:\/\/roveyayinevi.com.tr\/index.php\/wp-json\/wp\/v2\/product\/785350","targetHints":{"allow":["GET"]}}],"collection":[{"href":"https:\/\/roveyayinevi.com.tr\/index.php\/wp-json\/wp\/v2\/product"}],"about":[{"href":"https:\/\/roveyayinevi.com.tr\/index.php\/wp-json\/wp\/v2\/types\/product"}],"wp:attachment":[{"href":"https:\/\/roveyayinevi.com.tr\/index.php\/wp-json\/wp\/v2\/media?parent=785350"}],"wp:term":[{"taxonomy":"product_brand","embeddable":true,"href":"https:\/\/roveyayinevi.com.tr\/index.php\/wp-json\/wp\/v2\/product_brand?post=785350"},{"taxonomy":"product_cat","embeddable":true,"href":"https:\/\/roveyayinevi.com.tr\/index.php\/wp-json\/wp\/v2\/product_cat?post=785350"},{"taxonomy":"product_tag","embeddable":true,"href":"https:\/\/roveyayinevi.com.tr\/index.php\/wp-json\/wp\/v2\/product_tag?post=785350"}],"curies":[{"name":"wp","href":"https:\/\/api.w.org\/{rel}","templated":true}]}}