{"id":785344,"date":"2026-03-31T03:38:18","date_gmt":"2026-03-31T00:38:18","guid":{"rendered":"https:\/\/roveyayinevi.com.tr\/index.php\/urun\/neden-neden\/"},"modified":"2026-04-13T03:43:52","modified_gmt":"2026-04-13T00:43:52","slug":"neden-neden","status":"publish","type":"product","link":"https:\/\/roveyayinevi.com.tr\/index.php\/urun\/neden-neden\/","title":{"rendered":"Neden Neden"},"content":{"rendered":"<p>\u201cNeden?\u201d diye sormak, kendi hayat\u0131n\u0131n sorumlulu\u011funu eline almakt\u0131r. Bu a\u011f\u0131r bir yu\u0308ktu\u0308r, evet. Bir otoriteye s\u0131\u011f\u0131nmak, bir toplulu\u011fun dogmalar\u0131na uymak, \u201cas\u0131l hayat birazdan ba\u015flayacak\u201d diye beklemek \u00e7ok daha kolayd\u0131r. Ama bu kolayl\u0131k, asl\u0131nda ruhsal bir k\u00f6leliktir. Ben bu kitapta size o k\u00f6leli\u011fin konforunu de\u011fil, \u00f6zgu\u0308rlu\u0308\u011fu\u0308n o sars\u0131c\u0131 ve bazen can yakan \u00e7\u0131plakl\u0131\u011f\u0131n\u0131 teklif ettim.<\/p>\n","protected":false},"excerpt":{"rendered":"<p>\u201cNeden?\u201d diye sormak, kendi hayat\u0131n\u0131n sorumlulu\u011funu eline almakt\u0131r. Bu a\u011f\u0131r bir yu\u0308ktu\u0308r, evet. Bir otoriteye s\u0131\u011f\u0131nmak, bir toplulu\u011fun dogmalar\u0131na uymak, \u201cas\u0131l hayat birazdan ba\u015flayacak\u201d diye beklemek<span class=\"excerpt-hellip\"> [\u2026]<\/span><\/p>\n","protected":false},"featured_media":0,"template":"","meta":{"_monsterinsights_skip_tracking":false,"_monsterinsights_sitenote_active":false,"_monsterinsights_sitenote_note":"","_monsterinsights_sitenote_category":0},"product_brand":[],"product_cat":[12364,12376],"product_tag":[],"class_list":{"0":"post-785344","1":"product","2":"type-product","3":"status-publish","5":"product_cat-genel-konular","6":"product_cat-kisisel-gelisim","7":"pa_cilt-ciltsiz","8":"pa_tur-kitap","9":"pa_yayinevi-elma-yayinevi","10":"pa_yazar-ayse-eser","12":"first","13":"instock","14":"sale","15":"shipping-taxable","16":"purchasable","17":"product-type-simple"},"_links":{"self":[{"href":"https:\/\/roveyayinevi.com.tr\/index.php\/wp-json\/wp\/v2\/product\/785344","targetHints":{"allow":["GET"]}}],"collection":[{"href":"https:\/\/roveyayinevi.com.tr\/index.php\/wp-json\/wp\/v2\/product"}],"about":[{"href":"https:\/\/roveyayinevi.com.tr\/index.php\/wp-json\/wp\/v2\/types\/product"}],"wp:attachment":[{"href":"https:\/\/roveyayinevi.com.tr\/index.php\/wp-json\/wp\/v2\/media?parent=785344"}],"wp:term":[{"taxonomy":"product_brand","embeddable":true,"href":"https:\/\/roveyayinevi.com.tr\/index.php\/wp-json\/wp\/v2\/product_brand?post=785344"},{"taxonomy":"product_cat","embeddable":true,"href":"https:\/\/roveyayinevi.com.tr\/index.php\/wp-json\/wp\/v2\/product_cat?post=785344"},{"taxonomy":"product_tag","embeddable":true,"href":"https:\/\/roveyayinevi.com.tr\/index.php\/wp-json\/wp\/v2\/product_tag?post=785344"}],"curies":[{"name":"wp","href":"https:\/\/api.w.org\/{rel}","templated":true}]}}