{"id":785343,"date":"2026-03-31T03:37:29","date_gmt":"2026-03-31T00:37:29","guid":{"rendered":"https:\/\/roveyayinevi.com.tr\/index.php\/urun\/hz-ebubekir-en-buyuk-siddikiyet-ve-teslimiyet-ornegi\/"},"modified":"2026-04-13T03:43:23","modified_gmt":"2026-04-13T00:43:23","slug":"hz-ebubekir-en-buyuk-siddikiyet-ve-teslimiyet-ornegi","status":"publish","type":"product","link":"https:\/\/roveyayinevi.com.tr\/index.php\/urun\/hz-ebubekir-en-buyuk-siddikiyet-ve-teslimiyet-ornegi\/","title":{"rendered":"Hz. Ebubekir; En B\u00fcy\u00fck S\u0131dd\u0131k\u00eeyet ve Teslimiyet \u00d6rne\u011fi"},"content":{"rendered":"<p>EN B\u00dcY\u00dcK DOSTLUK VE TESL\u0130M\u0130YET \u00d6RNE\u011e\u0130 HZ. EBUBEK\u0130RN\u00fbru, do\u011frudan do\u011fruya sahibinin elinden teslim alan ve kendisinden sonraki silsileye  ba\u015f olan b\u00fcy\u00fck ba\u015f: Hazret-i Ebu Bekir (R.A.\u00b4&#8230; Peygamberlerden sonra cihan\u0131n en b\u00fcy\u00fck insan\u0131 ve en sad\u0131k Peygamber dostu&#8230;Evet, O &#8220;Hilm \u00e2lemi&#8221; y\u00fcce S\u0131dd\u00eek; has odan\u0131n s\u0131rr\u0131n\u0131, arkas\u0131nda diziye girenlere, bug\u00fcne kadar hi\u00e7 g\u00fcne\u015f g\u00f6rmemi\u015f ve bozulmam\u0131\u015f bir bir foto\u011fraf cam\u0131 gibi teslim etti&#8230; Ebu Bekir, \u015f\u00f6yle Dedi :Allah\u0131m ! Yar\u0131n k\u0131y\u00e2met g\u00fcn\u00fcnde v\u00fccudumu o kadar b\u00fcy\u00fct ki cehennemi ben dolduray\u0131m; ba\u015fkalar\u0131na yer kalmas\u0131n, b\u00fct\u00fcn kullar\u0131n\u0131n hesab\u0131na ben yanay\u0131m !  \u0130\u015fte Hz. EbuBekir, i\u015fte rahimmiyet&#8230; \u00d6rnek insan Hz. Ebubekir bu kitapta&#8230;<\/p>\n","protected":false},"excerpt":{"rendered":"<p>EN B\u00dcY\u00dcK DOSTLUK VE TESL\u0130M\u0130YET \u00d6RNE\u011e\u0130 HZ. EBUBEK\u0130RN\u00fbru, do\u011frudan do\u011fruya sahibinin elinden teslim alan ve kendisinden sonraki silsileye ba\u015f olan b\u00fcy\u00fck ba\u015f: Hazret-i Ebu Bekir (R.A.\u00b4&#8230;<span class=\"excerpt-hellip\"> [\u2026]<\/span><\/p>\n","protected":false},"featured_media":0,"template":"","meta":{"_monsterinsights_skip_tracking":false,"_monsterinsights_sitenote_active":false,"_monsterinsights_sitenote_note":"","_monsterinsights_sitenote_category":0},"product_brand":[],"product_cat":[12718,12719,18109],"product_tag":[],"class_list":{"0":"post-785343","1":"product","2":"type-product","3":"status-publish","5":"product_cat-din","6":"product_cat-islam","7":"product_cat-islam-tarihi","8":"pa_cilt-ciltsiz","9":"pa_tur-kitap","10":"pa_yayinevi-celik-yayinevi","11":"pa_yazar-mustafa-necati-bursali","13":"first","14":"instock","15":"sale","16":"shipping-taxable","17":"purchasable","18":"product-type-simple"},"_links":{"self":[{"href":"https:\/\/roveyayinevi.com.tr\/index.php\/wp-json\/wp\/v2\/product\/785343","targetHints":{"allow":["GET"]}}],"collection":[{"href":"https:\/\/roveyayinevi.com.tr\/index.php\/wp-json\/wp\/v2\/product"}],"about":[{"href":"https:\/\/roveyayinevi.com.tr\/index.php\/wp-json\/wp\/v2\/types\/product"}],"wp:attachment":[{"href":"https:\/\/roveyayinevi.com.tr\/index.php\/wp-json\/wp\/v2\/media?parent=785343"}],"wp:term":[{"taxonomy":"product_brand","embeddable":true,"href":"https:\/\/roveyayinevi.com.tr\/index.php\/wp-json\/wp\/v2\/product_brand?post=785343"},{"taxonomy":"product_cat","embeddable":true,"href":"https:\/\/roveyayinevi.com.tr\/index.php\/wp-json\/wp\/v2\/product_cat?post=785343"},{"taxonomy":"product_tag","embeddable":true,"href":"https:\/\/roveyayinevi.com.tr\/index.php\/wp-json\/wp\/v2\/product_tag?post=785343"}],"curies":[{"name":"wp","href":"https:\/\/api.w.org\/{rel}","templated":true}]}}