{"id":785336,"date":"2026-03-31T02:20:42","date_gmt":"2026-03-30T23:20:42","guid":{"rendered":"https:\/\/roveyayinevi.com.tr\/index.php\/urun\/turkiyenin-politik-kronolojisi\/"},"modified":"2026-04-16T02:15:03","modified_gmt":"2026-04-15T23:15:03","slug":"turkiyenin-politik-kronolojisi","status":"publish","type":"product","link":"https:\/\/roveyayinevi.com.tr\/index.php\/urun\/turkiyenin-politik-kronolojisi\/","title":{"rendered":"T\u00fcrkiye\u2019nin Politik Kronolojisi"},"content":{"rendered":"<p>Bu kitap, T\u00fcrkiye\u2019nin siyasi tarihini kronolojik s\u0131rayla ele al\u0131r. \u00d6nemli olaylar\u0131, h\u00fck\u00fcmet de\u011fi\u015fimlerini, darbeleri, se\u00e7imleri ve d\u00f6n\u00fcm noktalar\u0131n\u0131 tarih s\u0131ras\u0131na g\u00f6re \u00f6zetleyerek okuyucuya b\u00fct\u00fcnc\u00fcl bir siyasi zaman \u00e7izelgesi sunar.<\/p>\n","protected":false},"excerpt":{"rendered":"<p>Bu kitap, T\u00fcrkiye\u2019nin siyasi tarihini kronolojik s\u0131rayla ele al\u0131r. \u00d6nemli olaylar\u0131, h\u00fck\u00fcmet de\u011fi\u015fimlerini, darbeleri, se\u00e7imleri ve d\u00f6n\u00fcm noktalar\u0131n\u0131 tarih s\u0131ras\u0131na g\u00f6re \u00f6zetleyerek okuyucuya b\u00fct\u00fcnc\u00fcl bir siyasi<span class=\"excerpt-hellip\"> [\u2026]<\/span><\/p>\n","protected":false},"featured_media":0,"template":"","meta":{"_monsterinsights_skip_tracking":false,"_monsterinsights_sitenote_active":false,"_monsterinsights_sitenote_note":"","_monsterinsights_sitenote_category":0},"product_brand":[],"product_cat":[12337,14543],"product_tag":[],"class_list":{"0":"post-785336","1":"product","2":"type-product","3":"status-publish","5":"product_cat-politika-siyaset","6":"product_cat-turkiye-siyaseti-ve-politikasi","7":"pa_cilt-ciltsiz","8":"pa_tur-kitap","9":"pa_yayinevi-baris-kitap","10":"pa_yazar-a-timur-bilgic","12":"first","13":"instock","14":"sale","15":"shipping-taxable","16":"purchasable","17":"product-type-simple"},"_links":{"self":[{"href":"https:\/\/roveyayinevi.com.tr\/index.php\/wp-json\/wp\/v2\/product\/785336","targetHints":{"allow":["GET"]}}],"collection":[{"href":"https:\/\/roveyayinevi.com.tr\/index.php\/wp-json\/wp\/v2\/product"}],"about":[{"href":"https:\/\/roveyayinevi.com.tr\/index.php\/wp-json\/wp\/v2\/types\/product"}],"wp:attachment":[{"href":"https:\/\/roveyayinevi.com.tr\/index.php\/wp-json\/wp\/v2\/media?parent=785336"}],"wp:term":[{"taxonomy":"product_brand","embeddable":true,"href":"https:\/\/roveyayinevi.com.tr\/index.php\/wp-json\/wp\/v2\/product_brand?post=785336"},{"taxonomy":"product_cat","embeddable":true,"href":"https:\/\/roveyayinevi.com.tr\/index.php\/wp-json\/wp\/v2\/product_cat?post=785336"},{"taxonomy":"product_tag","embeddable":true,"href":"https:\/\/roveyayinevi.com.tr\/index.php\/wp-json\/wp\/v2\/product_tag?post=785336"}],"curies":[{"name":"wp","href":"https:\/\/api.w.org\/{rel}","templated":true}]}}