{"id":785335,"date":"2026-03-31T02:20:07","date_gmt":"2026-03-30T23:20:07","guid":{"rendered":"https:\/\/roveyayinevi.com.tr\/index.php\/urun\/cileli-hayat-nuriye\/"},"modified":"2026-04-16T02:14:36","modified_gmt":"2026-04-15T23:14:36","slug":"cileli-hayat-nuriye","status":"publish","type":"product","link":"https:\/\/roveyayinevi.com.tr\/index.php\/urun\/cileli-hayat-nuriye\/","title":{"rendered":"\u00c7ileli Hayat Nuriye"},"content":{"rendered":"<p>Diyaliz hastas\u0131 hastal\u0131\u011fa yakalanana kadar ak\u0131llara durgunluk verecek bir\u00e7ok s\u0131k\u0131nt\u0131yla m\u00fccadele etmi\u015ftir. Kimisi en yak\u0131n\u0131n kaybetmi\u015ftir; kimisi iflas etmi\u015ftir; kimisi bor\u00e7 bata\u011f\u0131na d\u00fc\u015fm\u00fc\u015ft\u00fcr. Ge\u00e7im s\u0131k\u0131nt\u0131s\u0131, \u015fiddetli ge\u00e7imsizlik, aile i\u00e7i sorunlar, i\u015f s\u0131k\u0131nt\u0131lar\u0131, miras kavgalar\u0131 ve daha bir\u00e7ok problemler&#8230; <\/p>\n","protected":false},"excerpt":{"rendered":"<p>Diyaliz hastas\u0131 hastal\u0131\u011fa yakalanana kadar ak\u0131llara durgunluk verecek bir\u00e7ok s\u0131k\u0131nt\u0131yla m\u00fccadele etmi\u015ftir. Kimisi en yak\u0131n\u0131n kaybetmi\u015ftir; kimisi iflas etmi\u015ftir; kimisi bor\u00e7 bata\u011f\u0131na d\u00fc\u015fm\u00fc\u015ft\u00fcr. Ge\u00e7im s\u0131k\u0131nt\u0131s\u0131, \u015fiddetli<span class=\"excerpt-hellip\"> [\u2026]<\/span><\/p>\n","protected":false},"featured_media":0,"template":"","meta":{"_monsterinsights_skip_tracking":false,"_monsterinsights_sitenote_active":false,"_monsterinsights_sitenote_note":"","_monsterinsights_sitenote_category":0},"product_brand":[],"product_cat":[12782,12291],"product_tag":[],"class_list":{"0":"post-785335","1":"product","2":"type-product","3":"status-publish","5":"product_cat-alman-edebiyati","6":"product_cat-edebiyat","7":"pa_cilt-ciltsiz","8":"pa_tur-kitap","9":"pa_yayinevi-baris-kitap","10":"pa_yazar-davut-tuncbilek","12":"first","13":"instock","14":"sale","15":"shipping-taxable","16":"purchasable","17":"product-type-simple"},"_links":{"self":[{"href":"https:\/\/roveyayinevi.com.tr\/index.php\/wp-json\/wp\/v2\/product\/785335","targetHints":{"allow":["GET"]}}],"collection":[{"href":"https:\/\/roveyayinevi.com.tr\/index.php\/wp-json\/wp\/v2\/product"}],"about":[{"href":"https:\/\/roveyayinevi.com.tr\/index.php\/wp-json\/wp\/v2\/types\/product"}],"wp:attachment":[{"href":"https:\/\/roveyayinevi.com.tr\/index.php\/wp-json\/wp\/v2\/media?parent=785335"}],"wp:term":[{"taxonomy":"product_brand","embeddable":true,"href":"https:\/\/roveyayinevi.com.tr\/index.php\/wp-json\/wp\/v2\/product_brand?post=785335"},{"taxonomy":"product_cat","embeddable":true,"href":"https:\/\/roveyayinevi.com.tr\/index.php\/wp-json\/wp\/v2\/product_cat?post=785335"},{"taxonomy":"product_tag","embeddable":true,"href":"https:\/\/roveyayinevi.com.tr\/index.php\/wp-json\/wp\/v2\/product_tag?post=785335"}],"curies":[{"name":"wp","href":"https:\/\/api.w.org\/{rel}","templated":true}]}}