{"id":785334,"date":"2026-03-31T02:16:47","date_gmt":"2026-03-30T23:16:47","guid":{"rendered":"https:\/\/roveyayinevi.com.tr\/index.php\/urun\/eyvah-yonetici-oldum\/"},"modified":"2026-04-01T02:17:17","modified_gmt":"2026-03-31T23:17:17","slug":"eyvah-yonetici-oldum","status":"publish","type":"product","link":"https:\/\/roveyayinevi.com.tr\/index.php\/urun\/eyvah-yonetici-oldum\/","title":{"rendered":"Eyvah, Y\u00f6netici Oldum"},"content":{"rendered":"<p>Bir \u0130nsan Kaynaklar\u0131 Masal\u0131, \u0130\u015fte Zor \u0130nsanlar, \u0130yi Ki Farkl\u0131y\u0131z ve Zor \u0130nsanlarla Zorlanmadan Ba\u015f Etmek kitaplar\u0131n\u0131n yazar\u0131ndan y\u00f6neticilik yolculu\u011funa \u00e7\u0131kanlar\u0131n &#8220;iyilik mele\u011fi&#8221; olmaya aday bir kitap&#8230; \u00d6zden Aslan, y\u00f6netim kitaplar\u0131 alan\u0131nda iyi bir yazar. Bunun iki temel nedeni var: \u00d6ncelikle, eserlerinde do\u011frudan ders vermeye \u00e7al\u0131\u015fm\u0131yor. Okur dersi kendisi \u00e7\u0131kar\u0131yor, bu \u00e7ok g\u00fczel bir f\u0131rsat. \u0130kinci nedense, \u00d6zden Aslan&#8217;\u0131n iyi bir lider ve olduk\u00e7a deneyimli bir \u0130K y\u00f6neticisi olu\u015fu. O y\u00fczden anlatt\u0131klar\u0131 hep pratik ve ger\u00e7ek. Bu kitap, sadece y\u00f6neticilerin de\u011fil, i\u015f hayat\u0131ndaki herkesin ders \u00e7\u0131karaca\u011f\u0131 \u00e7ok \u00e7ok iyi bir \u00e7al\u0131\u015fma. Tek bir eksi\u011fi var kitab\u0131n: O da yazar\u0131n T\u00fcrk olu\u015fu. Kitap, &#8220;Dolores Steward yazd\u0131&#8221; diye bas\u0131lsayd\u0131, fazlas\u0131yla okunurdu emin olun. -Ahmet \u015eerif \u0130zg\u00f6ren- Uzun zamand\u0131r bekledi\u011finiz g\u00fcn geldi ve art\u0131k y\u00f6netici koltu\u011fundas\u0131n\u0131z. Peki ya bundan sonras\u0131? Bu s\u00fcrece haz\u0131r m\u0131s\u0131n\u0131z? Y\u00f6netici olman\u0131n gerektirdiklerini tam olarak biliyor musunuz? Bunlar\u0131 yerine getirebilecek misiniz? Beklemedi\u011finiz anlarda beklemedi\u011finiz yerlerden gelecek soru ve sorunlarla ba\u015f edebilecek misiniz?  Kendisi de bir y\u00f6netici olan \u00d6zden Aslan, y\u00f6neticilerin ve y\u00f6netici adaylar\u0131n\u0131n do\u011fru ad\u0131mlar atmalar\u0131na ve y\u00f6neticilik temellerini sa\u011flam in\u015fa etmelerine yard\u0131mc\u0131 olmak \u00fczere haz\u0131rlad\u0131\u011f\u0131 Eyvah, Y\u00f6netici Oldum! ile sadece bu sorular\u0131 yan\u0131tlamakla kalm\u0131yor, ayn\u0131 zamanda kendine has bir kurgu ve anlat\u0131m tarz\u0131 ile y\u00f6neticilere ve y\u00f6netici adaylar\u0131na roman tad\u0131nda bir k\u0131lavuz kitap sunuyor. <\/p>\n","protected":false},"excerpt":{"rendered":"<p>Bir \u0130nsan Kaynaklar\u0131 Masal\u0131, \u0130\u015fte Zor \u0130nsanlar, \u0130yi Ki Farkl\u0131y\u0131z ve Zor \u0130nsanlarla Zorlanmadan Ba\u015f Etmek kitaplar\u0131n\u0131n yazar\u0131ndan y\u00f6neticilik yolculu\u011funa \u00e7\u0131kanlar\u0131n &#8220;iyilik mele\u011fi&#8221; olmaya aday bir<span class=\"excerpt-hellip\"> [\u2026]<\/span><\/p>\n","protected":false},"featured_media":0,"template":"","meta":{"_monsterinsights_skip_tracking":false,"_monsterinsights_sitenote_active":false,"_monsterinsights_sitenote_note":"","_monsterinsights_sitenote_category":0},"product_brand":[],"product_cat":[13043,19008],"product_tag":[],"class_list":{"0":"post-785334","1":"product","2":"type-product","3":"status-publish","5":"product_cat-ekonomi","6":"product_cat-yonetim","7":"pa_cilt-ciltsiz","8":"pa_tur-kitap","9":"pa_yayinevi-elma-yayinevi","10":"pa_yazar-ozden-aslan","12":"first","13":"instock","14":"sale","15":"shipping-taxable","16":"purchasable","17":"product-type-simple"},"_links":{"self":[{"href":"https:\/\/roveyayinevi.com.tr\/index.php\/wp-json\/wp\/v2\/product\/785334","targetHints":{"allow":["GET"]}}],"collection":[{"href":"https:\/\/roveyayinevi.com.tr\/index.php\/wp-json\/wp\/v2\/product"}],"about":[{"href":"https:\/\/roveyayinevi.com.tr\/index.php\/wp-json\/wp\/v2\/types\/product"}],"wp:attachment":[{"href":"https:\/\/roveyayinevi.com.tr\/index.php\/wp-json\/wp\/v2\/media?parent=785334"}],"wp:term":[{"taxonomy":"product_brand","embeddable":true,"href":"https:\/\/roveyayinevi.com.tr\/index.php\/wp-json\/wp\/v2\/product_brand?post=785334"},{"taxonomy":"product_cat","embeddable":true,"href":"https:\/\/roveyayinevi.com.tr\/index.php\/wp-json\/wp\/v2\/product_cat?post=785334"},{"taxonomy":"product_tag","embeddable":true,"href":"https:\/\/roveyayinevi.com.tr\/index.php\/wp-json\/wp\/v2\/product_tag?post=785334"}],"curies":[{"name":"wp","href":"https:\/\/api.w.org\/{rel}","templated":true}]}}