{"id":785331,"date":"2026-03-28T03:43:21","date_gmt":"2026-03-28T00:43:21","guid":{"rendered":"https:\/\/roveyayinevi.com.tr\/index.php\/urun\/buyunun-hinci\/"},"modified":"2026-04-15T03:48:54","modified_gmt":"2026-04-15T00:48:54","slug":"buyunun-hinci","status":"publish","type":"product","link":"https:\/\/roveyayinevi.com.tr\/index.php\/urun\/buyunun-hinci\/","title":{"rendered":"B\u00fcy\u00fcn\u00fcn H\u0131nc\u0131"},"content":{"rendered":"<p>Fark etmeden \u00e7o\u011fu zaman birilerinin nefret etti\u011fi ya da kin duydu\u011fu insanlar oluruz. Ayn\u0131 \u015fekilde biz de bazen birilerine kar\u015f\u0131 kin ve nefret besleriz. \u00c7o\u011fu zaman fark etmedi\u011fimiz bu duygular, b\u00fcy\u00fcd\u00fck\u00e7e insan\u0131n i\u00e7ini karartan bir g\u00fcce d\u00f6n\u00fc\u015febilir. Kinle dolu bir b\u00fcy\u00fcc\u00fcn\u00fcn \u00f6fkesi, bir arkada\u015f grubunu hayatlar\u0131n\u0131 geri d\u00f6n\u00fclmez bi\u00e7imde de\u011fi\u015ftirecek karanl\u0131k bir b\u00fcy\u00fcn\u00fcn i\u00e7ine s\u00fcr\u00fckler. Ba\u015fta sadece bir \u00f6fke an\u0131 gibi g\u00f6r\u00fcnen bu b\u00fcy\u00fc, k\u0131sa s\u00fcrede nefretin ne kadar y\u0131k\u0131c\u0131 olabilece\u011fini ortaya \u00e7\u0131karan bir sarmala d\u00f6n\u00fc\u015f\u00fcr. Peki ya nefret sona ermezse?Ya kin b\u00fcy\u00fcmeye devam ederse?Bir insan\u0131n i\u00e7indeki karanl\u0131k, ka\u00e7 hayat\u0131 de\u011fi\u015ftirebilir?<\/p>\n","protected":false},"excerpt":{"rendered":"<p>Fark etmeden \u00e7o\u011fu zaman birilerinin nefret etti\u011fi ya da kin duydu\u011fu insanlar oluruz. Ayn\u0131 \u015fekilde biz de bazen birilerine kar\u015f\u0131 kin ve nefret besleriz. \u00c7o\u011fu zaman<span class=\"excerpt-hellip\"> [\u2026]<\/span><\/p>\n","protected":false},"featured_media":0,"template":"","meta":{"_monsterinsights_skip_tracking":false,"_monsterinsights_sitenote_active":false,"_monsterinsights_sitenote_note":"","_monsterinsights_sitenote_category":0},"product_brand":[],"product_cat":[12291,12292],"product_tag":[],"class_list":{"0":"post-785331","1":"product","2":"type-product","3":"status-publish","5":"product_cat-edebiyat","6":"product_cat-turk-edebiyati","7":"pa_cilt-ciltsiz","8":"pa_tur-kitap","9":"pa_yayinevi-servet-yayinevi","10":"pa_yazar-gokhan-gokkaya","12":"first","13":"instock","14":"sale","15":"shipping-taxable","16":"purchasable","17":"product-type-simple"},"_links":{"self":[{"href":"https:\/\/roveyayinevi.com.tr\/index.php\/wp-json\/wp\/v2\/product\/785331","targetHints":{"allow":["GET"]}}],"collection":[{"href":"https:\/\/roveyayinevi.com.tr\/index.php\/wp-json\/wp\/v2\/product"}],"about":[{"href":"https:\/\/roveyayinevi.com.tr\/index.php\/wp-json\/wp\/v2\/types\/product"}],"wp:attachment":[{"href":"https:\/\/roveyayinevi.com.tr\/index.php\/wp-json\/wp\/v2\/media?parent=785331"}],"wp:term":[{"taxonomy":"product_brand","embeddable":true,"href":"https:\/\/roveyayinevi.com.tr\/index.php\/wp-json\/wp\/v2\/product_brand?post=785331"},{"taxonomy":"product_cat","embeddable":true,"href":"https:\/\/roveyayinevi.com.tr\/index.php\/wp-json\/wp\/v2\/product_cat?post=785331"},{"taxonomy":"product_tag","embeddable":true,"href":"https:\/\/roveyayinevi.com.tr\/index.php\/wp-json\/wp\/v2\/product_tag?post=785331"}],"curies":[{"name":"wp","href":"https:\/\/api.w.org\/{rel}","templated":true}]}}