{"id":785330,"date":"2026-03-28T03:43:19","date_gmt":"2026-03-28T00:43:19","guid":{"rendered":"https:\/\/roveyayinevi.com.tr\/index.php\/urun\/ay-vatandasi\/"},"modified":"2026-04-15T03:48:53","modified_gmt":"2026-04-15T00:48:53","slug":"ay-vatandasi","status":"publish","type":"product","link":"https:\/\/roveyayinevi.com.tr\/index.php\/urun\/ay-vatandasi\/","title":{"rendered":"Ay Vatanda\u015f\u0131"},"content":{"rendered":"<p>Umut, mesafeyle \u00f6l\u00e7\u00fclebilir mi?Tun\u00e7 Kurt\u2019un 2024 Tudem Edebiyat \u00d6d\u00fclleri Birincilik \u00d6d\u00fcl\u00fc\u2019ne lay\u0131k g\u00f6r\u00fclen roman\u0131 Ay Vatanda\u015f\u0131, uzay\u0131n sessizli\u011finde b\u00fcy\u00fcyen bir \u00e7ocukla ge\u00e7mi\u015finin a\u011f\u0131rl\u0131\u011f\u0131n\u0131 ta\u015f\u0131yan bir baban\u0131n \u00e7arp\u0131c\u0131 hik\u00e2yesini anlat\u0131yor. Ay\u2019da, ac\u0131mas\u0131z do\u011fa yasalar\u0131n\u0131n ortas\u0131nda kurulan k\u0131r\u0131lgan bir ya\u015fam\u2026Ge\u00e7mi\u015fte al\u0131nm\u0131\u015f kararlar\u0131n g\u00f6lgesinde, giderek daralan bir hayat\u2026Ve her ge\u00e7en g\u00fcn b\u00fcy\u00fcyen sorular\u2026Mare, bildi\u011fi d\u00fcnyada eksik olan \u015feyleri tarif etmeye \u00e7al\u0131\u015f\u0131rken; babas\u0131, saklad\u0131\u011f\u0131 ger\u00e7eklerle ve ka\u00e7\u0131n\u0131lmaz sonla y\u00fczle\u015fmek zorundad\u0131r. Sevgi, pi\u015fmanl\u0131k ve hayatta kalma m\u00fccadelesi i\u00e7 i\u00e7e ge\u00e7erken, bu sessizli\u011fin ortas\u0131nda en \u00e7ok insan sesi eksiktir.Bilimkurguyla insan ruhunun derinliklerini bulu\u015fturan Ay Vatanda\u015f\u0131; okuru yaln\u0131zl\u0131k, sorumluluk ve umut \u00fczerine d\u00fc\u015f\u00fcnd\u00fcren etkileyici bir yolculu\u011fa davet ediyor.<\/p>\n","protected":false},"excerpt":{"rendered":"<p>Umut, mesafeyle \u00f6l\u00e7\u00fclebilir mi?Tun\u00e7 Kurt\u2019un 2024 Tudem Edebiyat \u00d6d\u00fclleri Birincilik \u00d6d\u00fcl\u00fc\u2019ne lay\u0131k g\u00f6r\u00fclen roman\u0131 Ay Vatanda\u015f\u0131, uzay\u0131n sessizli\u011finde b\u00fcy\u00fcyen bir \u00e7ocukla ge\u00e7mi\u015finin a\u011f\u0131rl\u0131\u011f\u0131n\u0131 ta\u015f\u0131yan bir baban\u0131n<span class=\"excerpt-hellip\"> [\u2026]<\/span><\/p>\n","protected":false},"featured_media":0,"template":"","meta":{"_monsterinsights_skip_tracking":false,"_monsterinsights_sitenote_active":false,"_monsterinsights_sitenote_note":"","_monsterinsights_sitenote_category":0},"product_brand":[],"product_cat":[141304],"product_tag":[],"class_list":{"0":"post-785330","1":"product","2":"type-product","3":"status-publish","5":"product_cat-yeni-cikanlar","6":"pa_cilt-ciltsiz","7":"pa_tur-kitap","8":"pa_yayinevi-tudem-yayinlari","9":"pa_yazar-tunc-kurt","11":"first","12":"instock","13":"sale","14":"shipping-taxable","15":"purchasable","16":"product-type-simple"},"_links":{"self":[{"href":"https:\/\/roveyayinevi.com.tr\/index.php\/wp-json\/wp\/v2\/product\/785330","targetHints":{"allow":["GET"]}}],"collection":[{"href":"https:\/\/roveyayinevi.com.tr\/index.php\/wp-json\/wp\/v2\/product"}],"about":[{"href":"https:\/\/roveyayinevi.com.tr\/index.php\/wp-json\/wp\/v2\/types\/product"}],"wp:attachment":[{"href":"https:\/\/roveyayinevi.com.tr\/index.php\/wp-json\/wp\/v2\/media?parent=785330"}],"wp:term":[{"taxonomy":"product_brand","embeddable":true,"href":"https:\/\/roveyayinevi.com.tr\/index.php\/wp-json\/wp\/v2\/product_brand?post=785330"},{"taxonomy":"product_cat","embeddable":true,"href":"https:\/\/roveyayinevi.com.tr\/index.php\/wp-json\/wp\/v2\/product_cat?post=785330"},{"taxonomy":"product_tag","embeddable":true,"href":"https:\/\/roveyayinevi.com.tr\/index.php\/wp-json\/wp\/v2\/product_tag?post=785330"}],"curies":[{"name":"wp","href":"https:\/\/api.w.org\/{rel}","templated":true}]}}