{"id":785325,"date":"2026-03-28T03:43:09","date_gmt":"2026-03-28T00:43:09","guid":{"rendered":"https:\/\/roveyayinevi.com.tr\/index.php\/urun\/insan-haklarini-kim-oldurdu-insan-haklari-elestirileri-uzerine\/"},"modified":"2026-04-15T03:48:49","modified_gmt":"2026-04-15T00:48:49","slug":"insan-haklarini-kim-oldurdu-insan-haklari-elestirileri-uzerine","status":"publish","type":"product","link":"https:\/\/roveyayinevi.com.tr\/index.php\/urun\/insan-haklarini-kim-oldurdu-insan-haklari-elestirileri-uzerine\/","title":{"rendered":"\u0130nsan Haklar\u0131n\u0131 Kim \u00d6ld\u00fcrd\u00fc? &#8211; \u0130nsan Haklar\u0131 Ele\u015ftirileri \u00dczerine"},"content":{"rendered":"<p>Harun Tepe 1978 y\u0131l\u0131nda Hacettepe \u00dcniversitesi Sosyoloji B\u00f6l\u00fcm\u00fc\u2019nden mezun oldu. 1981-2023 y\u0131llar\u0131 aras\u0131nda Hacettepe \u00dcniversitesi Felsefe B\u00f6l\u00fcm\u00fc ve Sosyal Bilimler Enstit\u00fcs\u00fc \u0130nsan Haklar\u0131 Anabilim Dal\u0131nda a\u011f\u0131rl\u0131kl\u0131 olarak etik, insan felsefesi, felsefi ekoloji ve insan haklar\u0131 konular\u0131nda dersler verdi ve uzun y\u0131llar \u0130nsan Haklar\u0131 ve Felsefesi Uygulama ve Ara\u015ft\u0131rma Merkezi m\u00fcd\u00fcrl\u00fc\u011f\u00fc g\u00f6revini y\u00fcr\u00fctt\u00fc. 2018 y\u0131l\u0131n\u0131 insan haklar\u0131 ele\u015ftirileri \u00fczerinde ara\u015ft\u0131rmalar yapmak \u00fczere misafir \u00f6\u011fretim \u00fcyesi olarak Toronto \u00dcniversitesi, Siyaset Bilimi B\u00f6l\u00fcm\u00fc\u2019nde ge\u00e7irdi. 2023\u2019te emekli olmas\u0131ndan sonra da Hacettepe ve Ba\u015fkent \u00fcniversitelerinde ders vermeyi s\u00fcrd\u00fcrmektedir. T\u00fcrk Tabipleri Birli\u011fi Merkez Konseyi Etik Kurulu ve T\u00fcrkiye Felsefe Kurumu Y\u00f6netim Kurulu \u00fcyesidir.   Bask\u0131ya, e\u015fitsizliklere, hak ihlallerine kar\u015f\u0131 koyarak insan onurunu korumay\u0131 ama\u00e7layan insan haklar\u0131n\u0131n, g\u00fcn\u00fcm\u00fczde s\u0131k\u00e7a bir ba\u015fkald\u0131r\u0131 s\u00f6ylemi olmaktan \u00e7\u0131k\u0131p devletlerin kendi me\u015fruiyetlerini sa\u011flama arac\u0131na d\u00f6n\u00fc\u015ft\u00fc\u011f\u00fc iddialar\u0131yla kar\u015f\u0131la\u015f\u0131lmaktad\u0131r. \u0130nsan haklar\u0131n\u0131n sonundan veya devrini tamamlad\u0131\u011f\u0131ndan, insan haklar\u0131n\u0131n son \u00fctopya oldu\u011fundan s\u00f6z edenlerin \u00e7\u0131k\u0131\u015f noktas\u0131 bu iddialard\u0131r.   Bu kitap insan haklar\u0131 d\u00fc\u015f\u00fcncesi kadar eski olan insan haklar\u0131na y\u00f6nelik ele\u015ftirileri nesnel bir bak\u0131\u015fla ele alarak, \u201ct\u00fcm insanlar\u0131n onur ve haklar bak\u0131m\u0131ndan e\u015fit oldu\u011fu\u201d d\u00fc\u015f\u00fcncesi olan insan haklar\u0131n\u0131n ve etik ilkeler olarak insan haklar\u0131 normlar\u0131n\u0131n neden vazge\u00e7ilmez oldu\u011funu anlatma giri\u015fimidir. Zira insan haklar\u0131n\u0131n \u00f6l\u00fcm\u00fc, haklar\u0131ndan yoksun b\u0131rak\u0131lanlar\u0131n g\u00fcn\u00fcm\u00fczdeki sesi olan eti\u011fin de \u00f6l\u00fcm\u00fc ya da sonu anlam\u0131na gelmektedir.<\/p>\n","protected":false},"excerpt":{"rendered":"<p>Harun Tepe 1978 y\u0131l\u0131nda Hacettepe \u00dcniversitesi Sosyoloji B\u00f6l\u00fcm\u00fc\u2019nden mezun oldu. 1981-2023 y\u0131llar\u0131 aras\u0131nda Hacettepe \u00dcniversitesi Felsefe B\u00f6l\u00fcm\u00fc ve Sosyal Bilimler Enstit\u00fcs\u00fc \u0130nsan Haklar\u0131 Anabilim Dal\u0131nda a\u011f\u0131rl\u0131kl\u0131<span class=\"excerpt-hellip\"> [\u2026]<\/span><\/p>\n","protected":false},"featured_media":0,"template":"","meta":{"_monsterinsights_skip_tracking":false,"_monsterinsights_sitenote_active":false,"_monsterinsights_sitenote_note":"","_monsterinsights_sitenote_category":0},"product_brand":[],"product_cat":[12388,15536],"product_tag":[],"class_list":{"0":"post-785325","1":"product","2":"type-product","3":"status-publish","5":"product_cat-felsefe","6":"product_cat-siyaset-felsefesi","7":"pa_cilt-ciltsiz","8":"pa_tur-kitap","9":"pa_yayinevi-yapi-kredi-yayinlari","10":"pa_yazar-harun-tepe","12":"first","13":"instock","14":"sale","15":"shipping-taxable","16":"purchasable","17":"product-type-simple"},"_links":{"self":[{"href":"https:\/\/roveyayinevi.com.tr\/index.php\/wp-json\/wp\/v2\/product\/785325","targetHints":{"allow":["GET"]}}],"collection":[{"href":"https:\/\/roveyayinevi.com.tr\/index.php\/wp-json\/wp\/v2\/product"}],"about":[{"href":"https:\/\/roveyayinevi.com.tr\/index.php\/wp-json\/wp\/v2\/types\/product"}],"wp:attachment":[{"href":"https:\/\/roveyayinevi.com.tr\/index.php\/wp-json\/wp\/v2\/media?parent=785325"}],"wp:term":[{"taxonomy":"product_brand","embeddable":true,"href":"https:\/\/roveyayinevi.com.tr\/index.php\/wp-json\/wp\/v2\/product_brand?post=785325"},{"taxonomy":"product_cat","embeddable":true,"href":"https:\/\/roveyayinevi.com.tr\/index.php\/wp-json\/wp\/v2\/product_cat?post=785325"},{"taxonomy":"product_tag","embeddable":true,"href":"https:\/\/roveyayinevi.com.tr\/index.php\/wp-json\/wp\/v2\/product_tag?post=785325"}],"curies":[{"name":"wp","href":"https:\/\/api.w.org\/{rel}","templated":true}]}}