{"id":785321,"date":"2026-03-28T03:42:59","date_gmt":"2026-03-28T00:42:59","guid":{"rendered":"https:\/\/roveyayinevi.com.tr\/index.php\/urun\/dunya-nimeti-2\/"},"modified":"2026-04-12T03:38:23","modified_gmt":"2026-04-12T00:38:23","slug":"dunya-nimeti-2","status":"publish","type":"product","link":"https:\/\/roveyayinevi.com.tr\/index.php\/urun\/dunya-nimeti-2\/","title":{"rendered":"D\u00fcnya Nimeti"},"content":{"rendered":"<p>Beh\u00e7et Necatigil, Knut Hamsun\u2019dan \u00e7evirdi\u011fi D\u00fcnya Nimeti roman\u0131n\u0131 1965\u2019te radyoya uyarlam\u0131\u015ft\u0131. Ar\u015fivinde daktilo edilmi\u015f sayfalar halinde bulunan oyun ilk kez kitapla\u015f\u0131yor. Hamsun\u2019a 1920\u2019de Nobel edebiyat \u00f6d\u00fcl\u00fcn\u00fc kazand\u0131ran bu roman\u0131 Necatigil \u015f\u00f6yle anlat\u0131yor:   \u0130ki ciltlik D\u00fcnya Nimeti (Markens Gr\u00f6de) 1917\u2019de \u00e7\u0131kt\u0131. Iss\u0131z topraklar\u0131 canland\u0131rmak i\u00e7in insan g\u00fcc\u00fcn\u00fcn verdi\u011fi imtihanlar\u0131, tabiat kuvvetleriyle \u00e7etin sava\u015flar\u0131 hik\u00e2ye eden bu roman, kat\u0131 ve bo\u015f topraklara d\u00fc\u015fen al\u0131n terlerinin \u00f6nce k\u0131t kanaat, giderek c\u00f6mert hasad\u0131n\u0131, bu ba\u015far\u0131daki b\u00fcy\u00fck hazz\u0131 dile getirir. Bu kitapta Hamsun 20. y\u00fczy\u0131l insan\u0131n\u0131n destan\u0131n\u0131 yazm\u0131\u015f, \u00f6n\u00fcne bir model almadan, ba\u015faran insan\u0131n b\u00fcy\u00fckl\u00fc\u011f\u00fcn\u00fc g\u00f6zler \u00f6n\u00fcne sermi\u015ftir. \u0130\u00e7tenlik, sadelik, g\u00fczelliktir bu kitab\u0131n sanats\u0131z sanat\u0131!   \u0130stanbul Radyosu \u201cArkas\u0131 Yar\u0131n\u201d ku\u015fa\u011f\u0131nda 6 b\u00f6l\u00fcm halinde 4-9 Ocak 1965 tarihleri aras\u0131nda seslendirilen oyun, 1977 ve 1978 y\u0131llar\u0131nda TRT-2 Radyosu\u2019nda tekrar yay\u0131mlanm\u0131\u015ft\u0131r. Teknik prod\u00fcksiyonunu Y\u00fcksel Do\u011fru\u2019nun yapt\u0131\u011f\u0131 oyundaki sanat\u00e7\u0131lar ise Zihni K\u00fc\u00e7\u00fcmen, R\u0131za T\u00fcz\u00fcn, Suna Pekuysal, K\u00e2muran Usluer, Kadriye Tuna, Erdo\u011fan Gemicio\u011flu, G\u00fcl Vergon ve Oral Yonci\u2019ydi<\/p>\n","protected":false},"excerpt":{"rendered":"<p>Beh\u00e7et Necatigil, Knut Hamsun\u2019dan \u00e7evirdi\u011fi D\u00fcnya Nimeti roman\u0131n\u0131 1965\u2019te radyoya uyarlam\u0131\u015ft\u0131. Ar\u015fivinde daktilo edilmi\u015f sayfalar halinde bulunan oyun ilk kez kitapla\u015f\u0131yor. Hamsun\u2019a 1920\u2019de Nobel edebiyat \u00f6d\u00fcl\u00fcn\u00fc<span class=\"excerpt-hellip\"> [\u2026]<\/span><\/p>\n","protected":false},"featured_media":0,"template":"","meta":{"_monsterinsights_skip_tracking":false,"_monsterinsights_sitenote_active":false,"_monsterinsights_sitenote_note":"","_monsterinsights_sitenote_category":0},"product_brand":[],"product_cat":[12291,12711],"product_tag":[],"class_list":{"0":"post-785321","1":"product","2":"type-product","3":"status-publish","5":"product_cat-edebiyat","6":"product_cat-roman-oyku","7":"pa_cilt-ciltsiz","8":"pa_tur-kitap","9":"pa_yayinevi-yapi-kredi-yayinlari","10":"pa_yazar-knut-hamsun","12":"first","13":"instock","14":"sale","15":"shipping-taxable","16":"purchasable","17":"product-type-simple"},"_links":{"self":[{"href":"https:\/\/roveyayinevi.com.tr\/index.php\/wp-json\/wp\/v2\/product\/785321","targetHints":{"allow":["GET"]}}],"collection":[{"href":"https:\/\/roveyayinevi.com.tr\/index.php\/wp-json\/wp\/v2\/product"}],"about":[{"href":"https:\/\/roveyayinevi.com.tr\/index.php\/wp-json\/wp\/v2\/types\/product"}],"wp:attachment":[{"href":"https:\/\/roveyayinevi.com.tr\/index.php\/wp-json\/wp\/v2\/media?parent=785321"}],"wp:term":[{"taxonomy":"product_brand","embeddable":true,"href":"https:\/\/roveyayinevi.com.tr\/index.php\/wp-json\/wp\/v2\/product_brand?post=785321"},{"taxonomy":"product_cat","embeddable":true,"href":"https:\/\/roveyayinevi.com.tr\/index.php\/wp-json\/wp\/v2\/product_cat?post=785321"},{"taxonomy":"product_tag","embeddable":true,"href":"https:\/\/roveyayinevi.com.tr\/index.php\/wp-json\/wp\/v2\/product_tag?post=785321"}],"curies":[{"name":"wp","href":"https:\/\/api.w.org\/{rel}","templated":true}]}}