{"id":785320,"date":"2026-03-28T03:42:56","date_gmt":"2026-03-28T00:42:56","guid":{"rendered":"https:\/\/roveyayinevi.com.tr\/index.php\/urun\/cuticorn-cikartmali-etkinlik-kitabi\/"},"modified":"2026-04-15T03:48:47","modified_gmt":"2026-04-15T00:48:47","slug":"cuticorn-cikartmali-etkinlik-kitabi","status":"publish","type":"product","link":"https:\/\/roveyayinevi.com.tr\/index.php\/urun\/cuticorn-cikartmali-etkinlik-kitabi\/","title":{"rendered":"Cuticorn \u00c7\u0131kartmal\u0131 Etkinlik Kitab\u0131"},"content":{"rendered":"<p>Boyama ve etkinlik sayfalar\u0131, \u00e7\u0131kartmalar, harika bask\u0131lar ve muhte\u015fem tasar\u0131mlar bu kitaplarda! \u00c7ocuklar bu seriye bay\u0131lacak!NEON KAPAKLAR: Pembe neon renklerle g\u00f6z al\u0131c\u0131 bir kapak!RENKL\u0130 SAYFALAR: Tematik, e\u011flenceli oyun ve bulmacalarla dolu renkli etkinlik sayfalar\u0131!\u00c7IKARTMALAR: Kapaktaki \u00f6zel kesimden g\u00f6z k\u0131rpan harika \u00e7\u0131kartmalar!6 K\u0130TAPLIK SER\u0130: Etkinlik severlere Cuticorn \u00c7\u0131kartmal\u0131 Etkinlik Kitab\u0131, boyama sayfalar\u0131n\u0131 renklendirmek isteyenlere ise serinin karde\u015f kitab\u0131 Cuticorn \u00c7\u0131kartmal\u0131 Boyama Kitab\u0131! Ayr\u0131ca Kawaii ve yar\u0131\u015f arabas\u0131 temal\u0131 boyama ve etkinlik kitaplar\u0131yla tam set bir seri \u00e7ocuklar\u0131 bekliyor.<\/p>\n","protected":false},"excerpt":{"rendered":"<p>Boyama ve etkinlik sayfalar\u0131, \u00e7\u0131kartmalar, harika bask\u0131lar ve muhte\u015fem tasar\u0131mlar bu kitaplarda! \u00c7ocuklar bu seriye bay\u0131lacak!NEON KAPAKLAR: Pembe neon renklerle g\u00f6z al\u0131c\u0131 bir kapak!RENKL\u0130 SAYFALAR: Tematik,<span class=\"excerpt-hellip\"> [\u2026]<\/span><\/p>\n","protected":false},"featured_media":0,"template":"","meta":{"_monsterinsights_skip_tracking":false,"_monsterinsights_sitenote_active":false,"_monsterinsights_sitenote_note":"","_monsterinsights_sitenote_category":0},"product_brand":[],"product_cat":[12554,12274],"product_tag":[],"class_list":{"0":"post-785320","1":"product","2":"type-product","3":"status-publish","5":"product_cat-cikartmali-kitaplar","6":"product_cat-cocuk-ve-genclik-kitaplari","7":"pa_cilt-ciltsiz","8":"pa_tur-kitap","9":"pa_yayinevi-ithaki-yayinlari","10":"pa_yazar-kolektif","12":"first","13":"instock","14":"sale","15":"shipping-taxable","16":"purchasable","17":"product-type-simple"},"_links":{"self":[{"href":"https:\/\/roveyayinevi.com.tr\/index.php\/wp-json\/wp\/v2\/product\/785320","targetHints":{"allow":["GET"]}}],"collection":[{"href":"https:\/\/roveyayinevi.com.tr\/index.php\/wp-json\/wp\/v2\/product"}],"about":[{"href":"https:\/\/roveyayinevi.com.tr\/index.php\/wp-json\/wp\/v2\/types\/product"}],"wp:attachment":[{"href":"https:\/\/roveyayinevi.com.tr\/index.php\/wp-json\/wp\/v2\/media?parent=785320"}],"wp:term":[{"taxonomy":"product_brand","embeddable":true,"href":"https:\/\/roveyayinevi.com.tr\/index.php\/wp-json\/wp\/v2\/product_brand?post=785320"},{"taxonomy":"product_cat","embeddable":true,"href":"https:\/\/roveyayinevi.com.tr\/index.php\/wp-json\/wp\/v2\/product_cat?post=785320"},{"taxonomy":"product_tag","embeddable":true,"href":"https:\/\/roveyayinevi.com.tr\/index.php\/wp-json\/wp\/v2\/product_tag?post=785320"}],"curies":[{"name":"wp","href":"https:\/\/api.w.org\/{rel}","templated":true}]}}