{"id":785317,"date":"2026-03-28T03:42:48","date_gmt":"2026-03-28T00:42:48","guid":{"rendered":"https:\/\/roveyayinevi.com.tr\/index.php\/urun\/cuticorn-cikartmali-boyama-kitabi\/"},"modified":"2026-04-15T03:48:47","modified_gmt":"2026-04-15T00:48:47","slug":"cuticorn-cikartmali-boyama-kitabi","status":"publish","type":"product","link":"https:\/\/roveyayinevi.com.tr\/index.php\/urun\/cuticorn-cikartmali-boyama-kitabi\/","title":{"rendered":"Cuticorn ;\u00c7\u0131kartmal\u0131 Boyama Kitab\u0131"},"content":{"rendered":"<p>Boyama ve etkinlik sayfalar\u0131, \u00e7\u0131kartmalar, harika bask\u0131lar ve muhte\u015fem tasar\u0131mlar bu kitaplarda! \u00c7ocuklar bu seriye bay\u0131lacak!YALDIZLI KAPAKLAR: Efektli pembe yald\u0131zla \u0131\u015f\u0131l \u0131\u015f\u0131l bir kapak!RENKL\u0130 SAYFALAR: Renk \u00f6rnekleriyle dolu boyama sayfalar\u0131!\u00c7IKARTMALAR: Kapaktaki \u00f6zel kesimden g\u00f6z k\u0131rpan harika \u00e7\u0131kartmalar!6 K\u0130TAPLIK SER\u0130: Boyama severlere Cuticorn \u00c7\u0131kartmal\u0131 Boyama Kitab\u0131, renkli etkinliklerle e\u011flenmek isteyenlere ise serinin karde\u015f kitab\u0131 Cuticorn \u00c7\u0131kartmal\u0131 Etkinlik Kitab\u0131! Ayr\u0131ca Kawaii ve yar\u0131\u015f arabas\u0131 temal\u0131 boyama ve etkinlik kitaplar\u0131yla tam set bir seri \u00e7ocuklar\u0131 bekliyor.<\/p>\n","protected":false},"excerpt":{"rendered":"<p>Boyama ve etkinlik sayfalar\u0131, \u00e7\u0131kartmalar, harika bask\u0131lar ve muhte\u015fem tasar\u0131mlar bu kitaplarda! \u00c7ocuklar bu seriye bay\u0131lacak!YALDIZLI KAPAKLAR: Efektli pembe yald\u0131zla \u0131\u015f\u0131l \u0131\u015f\u0131l bir kapak!RENKL\u0130 SAYFALAR: Renk<span class=\"excerpt-hellip\"> [\u2026]<\/span><\/p>\n","protected":false},"featured_media":0,"template":"","meta":{"_monsterinsights_skip_tracking":false,"_monsterinsights_sitenote_active":false,"_monsterinsights_sitenote_note":"","_monsterinsights_sitenote_category":0},"product_brand":[],"product_cat":[141304],"product_tag":[],"class_list":{"0":"post-785317","1":"product","2":"type-product","3":"status-publish","5":"product_cat-yeni-cikanlar","6":"pa_cilt-ciltsiz","7":"pa_tur-kitap","8":"pa_yayinevi-ithaki-yayinlari","9":"pa_yazar-kolektif","11":"first","12":"instock","13":"sale","14":"shipping-taxable","15":"purchasable","16":"product-type-simple"},"_links":{"self":[{"href":"https:\/\/roveyayinevi.com.tr\/index.php\/wp-json\/wp\/v2\/product\/785317","targetHints":{"allow":["GET"]}}],"collection":[{"href":"https:\/\/roveyayinevi.com.tr\/index.php\/wp-json\/wp\/v2\/product"}],"about":[{"href":"https:\/\/roveyayinevi.com.tr\/index.php\/wp-json\/wp\/v2\/types\/product"}],"wp:attachment":[{"href":"https:\/\/roveyayinevi.com.tr\/index.php\/wp-json\/wp\/v2\/media?parent=785317"}],"wp:term":[{"taxonomy":"product_brand","embeddable":true,"href":"https:\/\/roveyayinevi.com.tr\/index.php\/wp-json\/wp\/v2\/product_brand?post=785317"},{"taxonomy":"product_cat","embeddable":true,"href":"https:\/\/roveyayinevi.com.tr\/index.php\/wp-json\/wp\/v2\/product_cat?post=785317"},{"taxonomy":"product_tag","embeddable":true,"href":"https:\/\/roveyayinevi.com.tr\/index.php\/wp-json\/wp\/v2\/product_tag?post=785317"}],"curies":[{"name":"wp","href":"https:\/\/api.w.org\/{rel}","templated":true}]}}