{"id":785313,"date":"2026-03-28T03:42:38","date_gmt":"2026-03-28T00:42:38","guid":{"rendered":"https:\/\/roveyayinevi.com.tr\/index.php\/urun\/materyalizm-ve-ahlak\/"},"modified":"2026-04-15T03:48:47","modified_gmt":"2026-04-15T00:48:47","slug":"materyalizm-ve-ahlak","status":"publish","type":"product","link":"https:\/\/roveyayinevi.com.tr\/index.php\/urun\/materyalizm-ve-ahlak\/","title":{"rendered":"Materyalizm ve Ahlak"},"content":{"rendered":"<p>Toplumcul (sosyalist) d\u00fczenin felsefi arka plan\u0131 olan Tarihsel ve Diyalektik Materyalizm, bilindi\u011fi gibi daha \u00e7ok maddesel ili\u015fkilerin, \u00fcretim ve payla\u015f\u0131m s\u00fcrecinde ya\u015fanan adaletsizliklerin \u00fczerinde durmu\u015f, ya\u015fam bi\u00e7iminde \u00e7ok \u00f6nemli i\u015flevi olan ahlaksal sorunlara yeterince de\u011finmemi\u015ftir. Belki de ekonomik sorunlar\u0131n \u00e7\u00f6z\u00fclmesiyle insanlar aras\u0131ndaki ili\u015fkilerin de kendili\u011finden \u201cinsanca\u201d bir niteli\u011fe b\u00fcr\u00fcnece\u011fi d\u00fc\u015f\u00fcn\u00fclm\u00fc\u015ft\u00fc&#8230; Ama sorun bu kadar a\u00e7\u0131k olmayabilir. \u0130nsan\u0131 birey yapan; yetene\u011fi kadar, duyarl\u0131klar\u0131 kadar, onun ahlak anlay\u0131\u015f\u0131d\u0131r da; bu anlay\u0131\u015f\u0131n temelinde de ba\u015fkalar\u0131yla olan ili\u015fkilerin niteli\u011fi vard\u0131r ki insan\u0131 insan (\u00fcnsiyet varl\u0131\u011f\u0131, ili\u015fkisel varl\u0131k) yapan da budur. Toplumcul d\u00fczenin alt\u0131n anahtar\u0131: \u201cHerkesten yetene\u011fine g\u00f6re, herkese ihtiyac\u0131na g\u00f6re.\u201dBu anahtar g\u00fcn\u00fcm\u00fcz\u00fcn \u201cherkesten alabildi\u011fin kadar al; herkese de bu d\u00fczenin s\u00fcrebilmesini sa\u011flayacak kadar, k\u0131sacas\u0131 ya\u015fayabilecekleri kadar\u0131n\u0131 ver\u201d d\u00fczeninde i\u015flemiyor elbette&#8230; G\u00f6\u011fs\u00fcm\u00fcz\u00fcn \u00fcst\u00fcnde ta\u015f\u0131d\u0131\u011f\u0131m\u0131z bu anahtar\u0131n \u201cinsanca d\u00fczen\u201din kap\u0131lar\u0131n\u0131 a\u00e7aca\u011f\u0131 g\u00fcn\u00fc bekleyerek de\u011fil, bu d\u00fczenin her g\u00fcn her saat Umut \u0130lkesi ile yarat\u0131laca\u011f\u0131n\u0131 bilerek ya\u015famak, i\u015fte budur toplumcul insan\u0131n ahlak\u0131.<\/p>\n","protected":false},"excerpt":{"rendered":"<p>Toplumcul (sosyalist) d\u00fczenin felsefi arka plan\u0131 olan Tarihsel ve Diyalektik Materyalizm, bilindi\u011fi gibi daha \u00e7ok maddesel ili\u015fkilerin, \u00fcretim ve payla\u015f\u0131m s\u00fcrecinde ya\u015fanan adaletsizliklerin \u00fczerinde durmu\u015f, ya\u015fam<span class=\"excerpt-hellip\"> [\u2026]<\/span><\/p>\n","protected":false},"featured_media":0,"template":"","meta":{"_monsterinsights_skip_tracking":false,"_monsterinsights_sitenote_active":false,"_monsterinsights_sitenote_note":"","_monsterinsights_sitenote_category":0},"product_brand":[],"product_cat":[15319,12388],"product_tag":[],"class_list":{"0":"post-785313","1":"product","2":"type-product","3":"status-publish","5":"product_cat-etik","6":"product_cat-felsefe","7":"pa_cilt-ciltsiz","8":"pa_tur-kitap","9":"pa_yayinevi-yitik-ulke-yayinlari","10":"pa_yazar-kenan-sarialioglu","12":"first","13":"instock","14":"sale","15":"shipping-taxable","16":"purchasable","17":"product-type-simple"},"_links":{"self":[{"href":"https:\/\/roveyayinevi.com.tr\/index.php\/wp-json\/wp\/v2\/product\/785313","targetHints":{"allow":["GET"]}}],"collection":[{"href":"https:\/\/roveyayinevi.com.tr\/index.php\/wp-json\/wp\/v2\/product"}],"about":[{"href":"https:\/\/roveyayinevi.com.tr\/index.php\/wp-json\/wp\/v2\/types\/product"}],"wp:attachment":[{"href":"https:\/\/roveyayinevi.com.tr\/index.php\/wp-json\/wp\/v2\/media?parent=785313"}],"wp:term":[{"taxonomy":"product_brand","embeddable":true,"href":"https:\/\/roveyayinevi.com.tr\/index.php\/wp-json\/wp\/v2\/product_brand?post=785313"},{"taxonomy":"product_cat","embeddable":true,"href":"https:\/\/roveyayinevi.com.tr\/index.php\/wp-json\/wp\/v2\/product_cat?post=785313"},{"taxonomy":"product_tag","embeddable":true,"href":"https:\/\/roveyayinevi.com.tr\/index.php\/wp-json\/wp\/v2\/product_tag?post=785313"}],"curies":[{"name":"wp","href":"https:\/\/api.w.org\/{rel}","templated":true}]}}