{"id":785312,"date":"2026-03-28T03:42:35","date_gmt":"2026-03-28T00:42:35","guid":{"rendered":"https:\/\/roveyayinevi.com.tr\/index.php\/urun\/stasis-siyasetiisyan-ve-iktidar-uzerine-thomas-hobbescu-muhakemeler\/"},"modified":"2026-04-15T03:48:47","modified_gmt":"2026-04-15T00:48:47","slug":"stasis-siyasetiisyan-ve-iktidar-uzerine-thomas-hobbescu-muhakemeler","status":"publish","type":"product","link":"https:\/\/roveyayinevi.com.tr\/index.php\/urun\/stasis-siyasetiisyan-ve-iktidar-uzerine-thomas-hobbescu-muhakemeler\/","title":{"rendered":"Stasis Siyaseti;\u0130syan ve \u0130ktidar \u00dczerine Thomas Hobbescu Muhakemeler"},"content":{"rendered":"<p>Thomas Hobbes, egemeni bir canavar olarak modern tahayy\u00fcl\u00fcm\u00fcze kaz\u0131m\u0131\u015ft\u0131r. Filozofun e\u015fitlik ve \u00f6zg\u00fcrl\u00fckten yola \u00e7\u0131kan k\u00fclliyat\u0131n\u0131, \u201cmutlak iktidar\/mutlak itaat\u201d alan\u0131na s\u0131k\u0131\u015ft\u0131ran yayg\u0131n g\u00f6r\u00fc\u015f, onu otoriterli\u011fin, hatta totaliterli\u011fin g\u00fcnah ke\u00e7isi olarak; onun insan\u0131n\u0131 da bencillikle dolu yalpalamalar sonucu can\u0131n\u0131 kurtarmak i\u00e7in boyunduruk alt\u0131na giren, karamsar, korkak ve muhteris bir varl\u0131k olarak resmeder. B\u00f6ylece kar\u015f\u0131m\u0131za g\u00fcc\u00fcn hak do\u011furdu\u011fu, g\u00fc\u00e7l\u00fcn\u00fcn her daim hakl\u0131 oldu\u011fu mottolar\u0131 \u00e7\u0131kar, \u00f6z\u00fcnde \u201cinsan insan\u0131n kurdudur.\u201d Ba\u015fka bir deyi\u015fle, Hobbescu muhakemeler, La Fontaine\u2019in fabllar\u0131ndaki \u201cKurtla Kuzu\u201dya, masum kuzunun k\u00f6t\u00fcc\u00fcl kurda yem oldu\u011fu anlat\u0131ya d\u00f6ner.Hobbes\u2019u \u00e7a\u011fda\u015f incelemeler \u0131\u015f\u0131\u011f\u0131nda yeniden ele alan yazarlar, filozofun k\u00fclliyat\u0131n\u0131 devlet, egemen ve itaat odakl\u0131 indirgemeci bir okuma yerine \u201cisyan ve iktidar\u201d odakl\u0131, \u201cStasis Siyaseti\u201d ad\u0131 verilen yeni bir okumayla sunuyorlar. Filozofun iki canavar\u0131 Leviathan ile Behemoth\u2019u birlikte d\u00fc\u015f\u00fcnmeyi gerektiren bu \u00e7aba, g\u00fcn\u00fcm\u00fczdeki siyasi ve toplumsal birliklerin neden Kant\u2019\u0131n \u00f6ng\u00f6rd\u00fc\u011f\u00fc gibi ebedi bir bar\u0131\u015fa eri\u015femediklerini de a\u00e7\u0131kl\u0131yor. Onlara g\u00f6re stasis ayn\u0131 anda hem hu\u015fu halindeki \u00fcrk\u00fct\u00fcc\u00fc dinginli\u011fi hem de kan revan ve korku i\u00e7indeki herkesin herkesle sava\u015f\u0131n\u0131 t\u0131n\u0131lar: \u00d6zg\u00fcr ve e\u015fit bir varl\u0131k olarak insandan yola \u00e7\u0131kt\u0131\u011f\u0131m\u0131zda, keskin bi\u00e7imde birbirinden ayr\u0131lm\u0131\u015f bir sava\u015fs\u0131zl\u0131k ve sava\u015f hali; medeni ve buna kar\u015f\u0131 vah\u015fi bir hal; bir toplum durumu ve bir do\u011fa durumu; bir yanda insan haklar\u0131 s\u00f6ylemi ile di\u011fer yanda \u201corman kanunu\u201d ge\u00e7erli olamaz. Bu kitap; Eski Ahit\u2019teki Ey\u00fcp, antik tragedyalardaki Antigone, Yitirilen Cennet\u2019in \u015eeytan\u2019\u0131, Cervantes\u2019in Don Ki\u015fot\u2019u, Zeus\u2019a diklenen Prometheus ve Mandeville\u2019in Homurdanan Ar\u0131lar\u0131 dolay\u0131m\u0131yla isyan\u0131n ka\u00e7\u0131n\u0131lmazl\u0131\u011f\u0131n\u0131, d\u00fczenin k\u0131r\u0131lganl\u0131\u011f\u0131n\u0131 ve ya\u015fam\u0131n belirsizli\u011fini \u00f6ne \u00e7\u0131kar\u0131yor. Siyaset ve ahlak kuram\u0131na, ayr\u0131ca edebiyata ve felsefeye ilgi duyan; g\u00fcncel sorunlara kafa yorarken, insan\u0131n kimi zaman g\u00fcl\u00fcn\u00e7, k\u0131r\u0131lgan ve korkak, kimi zaman da cesur, isyank\u00e2r ve b\u00f6b\u00fcrlenen halini Hobbes\u2019un bak\u0131\u015f\u0131ndan g\u00f6rmek isteyen okurlar, Statis Siyaseti: \u0130syan ve \u0130ktidar \u00dczerine\u2019yi keyifle okuyacaklard\u0131r.<\/p>\n","protected":false},"excerpt":{"rendered":"<p>Thomas Hobbes, egemeni bir canavar olarak modern tahayy\u00fcl\u00fcm\u00fcze kaz\u0131m\u0131\u015ft\u0131r. Filozofun e\u015fitlik ve \u00f6zg\u00fcrl\u00fckten yola \u00e7\u0131kan k\u00fclliyat\u0131n\u0131, \u201cmutlak iktidar\/mutlak itaat\u201d alan\u0131na s\u0131k\u0131\u015ft\u0131ran yayg\u0131n g\u00f6r\u00fc\u015f, onu otoriterli\u011fin, hatta<span class=\"excerpt-hellip\"> [\u2026]<\/span><\/p>\n","protected":false},"featured_media":0,"template":"","meta":{"_monsterinsights_skip_tracking":false,"_monsterinsights_sitenote_active":false,"_monsterinsights_sitenote_note":"","_monsterinsights_sitenote_category":0},"product_brand":[],"product_cat":[12388,15536],"product_tag":[],"class_list":{"0":"post-785312","1":"product","2":"type-product","3":"status-publish","5":"product_cat-felsefe","6":"product_cat-siyaset-felsefesi","7":"pa_cilt-ciltsiz","8":"pa_tur-kitap","9":"pa_yayinevi-istanbul-bilgi-universitesi-yayinlari","10":"pa_yazar-fatma-tutuncu","12":"first","13":"instock","14":"sale","15":"shipping-taxable","16":"purchasable","17":"product-type-simple"},"_links":{"self":[{"href":"https:\/\/roveyayinevi.com.tr\/index.php\/wp-json\/wp\/v2\/product\/785312","targetHints":{"allow":["GET"]}}],"collection":[{"href":"https:\/\/roveyayinevi.com.tr\/index.php\/wp-json\/wp\/v2\/product"}],"about":[{"href":"https:\/\/roveyayinevi.com.tr\/index.php\/wp-json\/wp\/v2\/types\/product"}],"wp:attachment":[{"href":"https:\/\/roveyayinevi.com.tr\/index.php\/wp-json\/wp\/v2\/media?parent=785312"}],"wp:term":[{"taxonomy":"product_brand","embeddable":true,"href":"https:\/\/roveyayinevi.com.tr\/index.php\/wp-json\/wp\/v2\/product_brand?post=785312"},{"taxonomy":"product_cat","embeddable":true,"href":"https:\/\/roveyayinevi.com.tr\/index.php\/wp-json\/wp\/v2\/product_cat?post=785312"},{"taxonomy":"product_tag","embeddable":true,"href":"https:\/\/roveyayinevi.com.tr\/index.php\/wp-json\/wp\/v2\/product_tag?post=785312"}],"curies":[{"name":"wp","href":"https:\/\/api.w.org\/{rel}","templated":true}]}}