{"id":785309,"date":"2026-03-28T03:42:27","date_gmt":"2026-03-28T00:42:27","guid":{"rendered":"https:\/\/roveyayinevi.com.tr\/index.php\/urun\/cirkinlik\/"},"modified":"2026-04-15T03:48:47","modified_gmt":"2026-04-15T00:48:47","slug":"cirkinlik","status":"publish","type":"product","link":"https:\/\/roveyayinevi.com.tr\/index.php\/urun\/cirkinlik\/","title":{"rendered":"\u00c7irkinlik"},"content":{"rendered":"<p>Bedeni bir \u00e7at\u0131\u015fma alan\u0131na \u00e7eviren estetik rejimlerin beden \u00fczerinde yaratt\u0131\u011f\u0131 tahribat\u0131n izi s\u00fcr\u00fclebilir mi?Moshtari Hilal \u00c7irkinlik\u2019te yeni ileti\u015fim teknolojilerini kullanan kapitalist ve ataerkil sistemin bedenlerimiz \u00fczerindeki oyununu g\u00f6zler \u00f6n\u00fcne serer. Bedene m\u00fcdahale eden kuvvetlerin analizini soyut tart\u0131\u015fmalarda kaybolmadan, \u00f6zellikle sosyal medyan\u0131n yayd\u0131\u011f\u0131 imajlar\u0131n izini s\u00fcrerek yapar. B\u00f6ylece tam da g\u00fczellik tutkusunun ve \u00e7irkinlik korkusunun g\u00fcndelik ya\u015famda nas\u0131l deneyimlendi\u011fine odaklan\u0131r. G\u00fczellik end\u00fcstrisinin, estetik cerrahinin ve sosyal medyan\u0131n bedenlerin y\u00fczeyinde b\u0131rakt\u0131\u011f\u0131 izlere odaklanan Hilal, bu izlerin haz ve ac\u0131 olarak deneyimlendi\u011fini, ba\u015fka bir deyi\u015fle \u00e7irkinlikten ka\u00e7\u0131nman\u0131n benliklerimiz \u00fczerinde bask\u0131 yaratt\u0131\u011f\u0131n\u0131 y\u00fcksek sesle hayk\u0131r\u0131r. \u00c7irkinlik, estetik normlar\u0131n g\u00fcndelik ya\u015famda bir e\u015fitsizlik olarak deneyimlenen ayr\u0131m \u00e7izgilerini nas\u0131l derinle\u015ftirdi\u011fini detayl\u0131 olarak ve kendine has ak\u0131c\u0131 \u00fcslubuyla ortaya koyan sars\u0131c\u0131 bir eser.<\/p>\n","protected":false},"excerpt":{"rendered":"<p>Bedeni bir \u00e7at\u0131\u015fma alan\u0131na \u00e7eviren estetik rejimlerin beden \u00fczerinde yaratt\u0131\u011f\u0131 tahribat\u0131n izi s\u00fcr\u00fclebilir mi?Moshtari Hilal \u00c7irkinlik\u2019te yeni ileti\u015fim teknolojilerini kullanan kapitalist ve ataerkil sistemin bedenlerimiz \u00fczerindeki<span class=\"excerpt-hellip\"> [\u2026]<\/span><\/p>\n","protected":false},"featured_media":0,"template":"","meta":{"_monsterinsights_skip_tracking":false,"_monsterinsights_sitenote_active":false,"_monsterinsights_sitenote_note":"","_monsterinsights_sitenote_category":0},"product_brand":[],"product_cat":[141304],"product_tag":[],"class_list":{"0":"post-785309","1":"product","2":"type-product","3":"status-publish","5":"product_cat-yeni-cikanlar","6":"pa_cilt-ciltsiz","7":"pa_tur-kitap","8":"pa_yayinevi-livera-yayinevi","9":"pa_yazar-moshtari-hilal","11":"first","12":"instock","13":"sale","14":"shipping-taxable","15":"purchasable","16":"product-type-simple"},"_links":{"self":[{"href":"https:\/\/roveyayinevi.com.tr\/index.php\/wp-json\/wp\/v2\/product\/785309","targetHints":{"allow":["GET"]}}],"collection":[{"href":"https:\/\/roveyayinevi.com.tr\/index.php\/wp-json\/wp\/v2\/product"}],"about":[{"href":"https:\/\/roveyayinevi.com.tr\/index.php\/wp-json\/wp\/v2\/types\/product"}],"wp:attachment":[{"href":"https:\/\/roveyayinevi.com.tr\/index.php\/wp-json\/wp\/v2\/media?parent=785309"}],"wp:term":[{"taxonomy":"product_brand","embeddable":true,"href":"https:\/\/roveyayinevi.com.tr\/index.php\/wp-json\/wp\/v2\/product_brand?post=785309"},{"taxonomy":"product_cat","embeddable":true,"href":"https:\/\/roveyayinevi.com.tr\/index.php\/wp-json\/wp\/v2\/product_cat?post=785309"},{"taxonomy":"product_tag","embeddable":true,"href":"https:\/\/roveyayinevi.com.tr\/index.php\/wp-json\/wp\/v2\/product_tag?post=785309"}],"curies":[{"name":"wp","href":"https:\/\/api.w.org\/{rel}","templated":true}]}}