{"id":785304,"date":"2026-03-28T03:42:13","date_gmt":"2026-03-28T00:42:13","guid":{"rendered":"https:\/\/roveyayinevi.com.tr\/index.php\/urun\/kalfa-toplu-siirler-1965-2005\/"},"modified":"2026-04-15T03:48:44","modified_gmt":"2026-04-15T00:48:44","slug":"kalfa-toplu-siirler-1965-2005","status":"publish","type":"product","link":"https:\/\/roveyayinevi.com.tr\/index.php\/urun\/kalfa-toplu-siirler-1965-2005\/","title":{"rendered":"Kalfa \u2013 Toplu \u015eiirler 1965-2005"},"content":{"rendered":"<p>Altm\u0131\u015fl\u0131 y\u0131llar\u0131n ba\u015f\u0131ndan bu yana k\u0131rk k\u00fcsur y\u0131ll\u0131k \u015fiir yolculu\u011funda, hemen her yere hemen her insana u\u011fram\u0131\u015f, geceyle yorulmu\u015f g\u00fcnle do\u011frulmu\u015f \u015fiirler&#8230; Her mevsimden her co\u011frafyadan beslenmi\u015f Berfenin \u015fiiri.K\u0131saca tarif edersek: D\u00fcnyal\u0131, kronik&#8230;\u015fimdiye dek yay\u0131mlanan t\u00fcm \u015fiirlerinibiraraya getirirken ad\u0131n\u0131 Kalfa koydu&#8230;Hep ironik.Tad\u0131ml\u0131kB\u0130R GECE KONU\u015eMASINDAN\u015eiirim h\u00fczn\u00fcm\u00fcn i\u00e7inde ya\u015farBilmem sesi tutar m\u0131 seni\u00c7\u00fcnk\u00fc bir gemi bir bilinmeyendirDireklerini uzatm\u0131\u015f g\u00f6\u011feBulutlar\u0131 toplarYanm\u0131\u015f \u0131\u015f\u0131klar\u0131 karanl\u0131ktanG\u00fcne\u015f evine \u00e7ekildik\u00e7eGe\u00e7ici ve k\u0131rm\u0131z\u0131 evineY\u00fcz\u00fcm g\u00fclm\u00fcyor sararmaktanH\u00fczn\u00fcm\u00fcn i\u00e7inde soluklan\u0131r \u015fiirimOlduk\u00e7a yorgun bir yan\u0131 eksikBilmem sesi tutar m\u0131 seniSaplanm\u0131\u015f bir kumsala kiYakm\u0131\u015f denizini \u00e7oktaan\u015eiirimin i\u00e7inden ge\u00e7er h\u00fczn\u00fcmAyaklar\u0131 yok elleri var uzunca elleriSan\u0131mca titrek biraz \u00f6ne b\u00fcy\u00fcm\u00fc\u015fBilmem sesi tutar m\u0131 seniSoyut, Kas\u0131m 1965G\u00dcNE DORUAy alkol kokulu yata\u011f\u0131ma giriyorduK\u0131skan\u00e7 bir kelebekti y\u00fcz\u00fc ka\u00e7t\u0131 elimdenYa\u015fl\u0131 bir memur olan g\u00fcne\u015f geldiGece bir kertenkele oldu ka\u00e7t\u0131 elimden\u015eehri bekleyen bulut beni bekleyen gelinKu\u015fan yumu\u015fak beline geceyi g\u00fcn\u00fc unutYar\u0131n yine gel otur derin sedirineIslats\u0131n da\u011f ba\u015f\u0131n\u0131 beyaz g\u00f6z ya\u015f\u0131nBen gidiyorum y\u0131ld\u0131zlar\u0131 unutmaOtob\u00fcsler ge\u00e7iyor \u015fehir ba\u011f\u0131r\u0131yorSar sen onu geni\u015f i\u015flemeli duva\u011f\u0131nla\u015eimdi bana g\u00fcne\u015fin harman\u0131nda rastlan\u0131rSoyut, Aral\u0131k 1965DUYGUSAL B\u0130R G\u00dcZ AKIMI\u015eehri iplerinden \u00e7\u00f6zen a\u011f\u0131r kanatl\u0131 hayvanlarFayton s\u00fcr\u00fcc\u00fcleri\u00c7atanas\u0131 bir dalgaya k\u0131st\u0131r\u0131lm\u0131\u015f geceden\u015eehre iniyorUykusuz saatlerin so\u011fuk sesindenUzansa elim\u015eehrin bu\u011fulu giysisiUzun ve derin sarho\u015flukBir falc\u0131 kad\u0131ndan edinilmi\u015f g\u00f6zlerimi sektiren\u00c7\u0131\u011fl\u0131klar\u0131yla g\u00f6vdeme sar\u0131lan o b\u00fcy\u00fcl\u00fc yollarSarho\u015flukKim hat\u0131rlar \u015fimdi u\u011fursuz iskelede dola\u015ft\u0131\u011f\u0131m\u0131\u00c7ivit renkli ikindileriR\u0131ht\u0131mda soluksuz ko\u015ftu\u011fumuBir kalkar bir konard\u0131Tunan\u0131n Macar gemileri\u00dcst\u00fcme vurulan kilitlerKara g\u00f6kler \u00f6rerdi banaKim hat\u0131rlar bunlar\u0131 \u015fimdi\u00c7\u00fcnk\u00fc ya\u015fad\u0131\u011f\u0131m de\u011filS\u0131zland\u0131\u011f\u0131m bir g\u00fcnBo\u011faz\u0131mda d\u00fc\u011f\u00fcmlenen \u0131ss\u0131zl\u0131kB\u00fcy\u00fcyen \u0131ss\u0131zl\u0131kAma yine de duygusal bir g\u00fcz ak\u0131m\u0131d\u0131r\u015eehirle aramdaki\u015eiir Sanat\u0131, Aral\u0131k 1965EKS\u0130K\u0130\u015fte orda camdaY\u00fcz\u00fcnde h\u00fczn\u00fcn resmiT\u00fcyleri yok s\u0131k\u0131nt\u0131danUzak uzaklara benim gibiOrda i\u015fte telin \u00fcst\u00fcndeG\u00f6zleri bu\u011fday bir ser\u00e7e\u00dcrk\u00fcyor sesten seslerdenY\u00fcz\u00fcnde h\u00fczn\u00fcn resmi\u015eiir Sanat\u0131, Aral\u0131k 1965YANGINLAR \u00d6L\u00dcLERE BENZERO bitmeyen yang\u0131nlar\u0131n tutturdu\u011fu sesD\u00f6ne d\u00f6ne \u00e7\u0131k\u0131yor kayalardanBir \u00f6l\u00fcn\u00fcn \u00e7\u0131\u011fl\u0131\u011f\u0131 gibi de\u015fiyorYast\u0131\u011f\u0131n\u0131n alt\u0131ndan lavantalar \u00e7\u0131kanBeyaz g\u00fcne\u015fiyle sevi\u015fenUzun esmer ve dar \u00f6l\u00fcn\u00fcnDikenli \u00e7\u0131\u011fl\u0131\u011f\u0131 gibiYorgun y\u00fczleri geni\u015f elleriBilmeli ki yang\u0131nlar \u00f6l\u00fclere benzerSincaplar ka\u00e7\u0131\u015f\u0131r orman yang\u0131nlar\u0131ndaDolar alevlerin g\u00f6lgesiyle sularToprak olur gerili g\u00f6zlere d\u00f6nen evler\u015eiir Sanat\u0131, Ocak 1966UZAKTAUzaktay\u0131m bir ba\u015f\u0131ma sakall\u0131G\u00f6zya\u015f\u0131m\u0131n sana uzayan k\u0131y\u0131s\u0131nda\u00d6n\u00fcmde beyaz insan dizileri s\u00fcr\u00fcngenler\u0130\u00e7iyorum ak\u015fam\u0131 ak\u015fam bitmedenTabiat\u0131n g\u00f6mle\u011fime de\u011fen boz a\u011f\u0131t\u0131ndaYaln\u0131z bir s\u00f6\u011f\u00fcd\u00fcn alt\u0131nda yaln\u0131zNicedir k\u00f6p\u00fcks\u00fcz sular\u0131 dinliyorumEvlerin da\u011flara bakan sessiz yanlar\u0131n\u0131Ve s\u0131k ye\u015filini \u00fcst\u00fcme geren koruyu\u00d6tede gece h\u0131\u015f\u0131rd\u0131yor otele d\u00f6n\u00fcyorumSanki k\u00fc\u00e7\u00fck bir adada toplan\u0131yor g\u00fcnlerimG\u00fcr\u00fclt\u00fcler y\u00fckseliyor ge\u00e7ip a\u011fa\u00e7lar\u0131ndan\u015eehrin \u00e7ok a\u011f\u0131zl\u0131 k\u00fcstah mahmuzuAy\u0131r\u0131r beni senden ay\u0131r\u0131r sendenSenden ah g\u00fcz tav\u0131rl\u0131 kumral sevgilimSoyut, Ocak 1966RAH\u0130BEG\u00fcn k\u00fc\u00e7\u00fclm\u00fc\u015f bir g\u00fcne\u015fle d\u00f6nerBenim yeni sevgim de d\u00f6nerK\u0131s\u0131k sesli rahibeler gibiU\u00e7uk rengiyle dola\u015f\u0131r\u0130\u00e7ime eski perdeler inerO zaman bavulumu al\u0131r giderimBu \u015fehirde ge\u00e7en hayat\u0131m\u0131 doldururum i\u00e7ineTerliklerimi tahta masam\u0131 b\u00fct\u00fcn sevdiklerimiBir de o uzun yas\u0131m\u0131 koyar\u0131mHi\u00e7birini incitmeden kararl\u0131 ellerimleSokaklarda ko\u015fanlara bakar\u0131mYa\u011fmura \u00e7ocuklara ihtiyarlaraBir \u00f6l\u00fcy\u00fc bir g\u00fcvercine de\u011fi\u015fenlereSallant\u0131l\u0131 g\u00f6zlerimle bakar\u0131mBavulumu al\u0131r giderim bir araY\u00fcz\u00fcn beni g\u00f6rmekten gerilmezG\u00fcn \u0131\u015f\u0131\u011f\u0131 g\u00f6rmeyen bir avlu de\u011fildir\u00c7\u00fcnk\u00fc y\u00fcz\u00fcnd\u00fcr seni gizleyen\u0130ki \u00fczg\u00fcn g\u00f6zle bezenmi\u015fDurmadan bir a\u015fk\u0131 seyirirAma istersen k\u0131rlara \u00e7\u0131kabiliriz seninlePatika esirgemez kendini bizden geni\u015flerGe\u00e7er \u00e7imenlerin dilindeki pelteklikTabiat\u0131n g\u00fcr sesli yalvac\u0131 susarBa\u015flar p\u0131rnallarda bir dayan\u0131ks\u0131z panikSen basma bir yeldirme giyersinBen partal postallar\u0131m\u0131Polkalar \u00e7alan postallar\u0131m\u0131\u00c7atlam\u0131\u015f yere bakan postallar\u0131m\u0131Ya\u011fmur\u00e7a gibi ko\u015fars\u0131n sen\u00d6z\u00fcrs\u00fcz ince ayaklar\u0131nlaBulutlar yelelerini \u00f6n\u00fcm\u00fcze sererA\u011flad\u0131\u011f\u0131n y\u0131llar geride kal\u0131rGizlenir yalg\u0131nlar yaftalar\u0131 y\u0131rt\u0131l\u0131rKar\u015f\u0131m\u0131za ne \u00e7\u0131karsa \u00fcle\u015ftiririmBir rahibe sessizli\u011fiyle girenleri uykumaSeninle girenleri sensiz girenleriBeni \u00f6rten al\u0131koyan hayat\u0131m\u0131Kan\u0131m\u0131 s\u0131cak tutacak \u00f6l\u00fcm\u00fcm\u00fcNe \u00e7\u0131karsa unutmam \u00fcle\u015ftiririm\u00c7\u00fcnk\u00fc sen g\u00f6r\u00fcnmeyen bir ya\u011fmur\u00e7a gibi ko\u015fars\u0131nBen biraz sonra \u00f6lecek bir yatalak gibiYa\u015fl\u0131 nalbantlardan kalm\u0131\u015f y\u00fcre\u011fimleSesimin ucunda \u00f6beklenmi\u015f h\u00fczn\u00fcmle\u00c7\u0131kar\u0131r veririm sana ac\u0131lar\u0131m\u0131 miras\u0131m\u0131\u00c7\u00fcnk\u00fc \u015fehrin g\u00fcr\u00fclt\u00fcl\u00fc a\u011fz\u0131n\u0131Ak\u015famla esneyen a\u011fz\u0131n\u0131 bilirimBulan\u0131k bir sabah\u0131 say\u0131klar oG\u00f6\u011f\u00fcn titiz bir hareketle g\u00f6\u011fertti\u011fiAl\u0131ngan yavuklular\u0131n bulundu\u011fuS\u0131k\u0131nt\u0131 veren dar bir evdirBu dar evi \u00e7ok iyi bilirimBildi\u011fim i\u00e7in bavulumu al\u0131r giderimY\u00fcz\u00fcn\u00fc al\u0131r giderimBeni korkutan \u015fim\u015feklerin ayd\u0131nlatt\u0131\u011f\u0131Sesini bile al\u0131r giderimSoyut, Mart 1966KU\u015e AACIKovmay\u0131n beni odalar kovmay\u0131nBeni yoksul bir \u00e7ocuk say\u0131n\u00c7\u00fcnk\u00fc sizsiniz h\u00fczn\u00fcm\u00fcn ota\u011f\u0131Gecenin yank\u0131s\u0131d\u0131r bu saatlerG\u00fcn bitiyor bir soka\u011f\u0131n ucundaGelmi\u015f ac\u0131m yarasalar u\u00e7mu\u015fEksilmi\u015f her \u015fey uzun bir yoldaB\u00fck\u00fck ince boyunlar\u0131 durur bulutlar\u0131nBeyaz bir mermer geni\u015fler geni\u015flerGiden g\u00fcne\u015fle sevi\u015fir ku\u015f a\u011fac\u0131Dudaklar\u0131 yaprakt\u0131 \u015fimdi dal g\u00f6vde olmu\u015fSusar g\u00f6\u011f\u00fcn kuca\u011f\u0131nda emeklerDalg\u0131n yapraklar\u0131yla kendini unutmu\u015fBense her zaman eriyen mumyay\u0131mKovmay\u0131n beni odalar kovmay\u0131nKi canlanay\u0131m sevincimi g\u00f6rm\u00fc\u015f sesindenO ayak bas\u0131lmam\u0131\u015f parklar \u00f6rerdi banaYeni bir yery\u00fcz\u00fcne \u00e7\u0131kard\u0131m \u00e7i\u00e7eklerindenSoyut, Nisan 1966<\/p>\n","protected":false},"excerpt":{"rendered":"<p>Altm\u0131\u015fl\u0131 y\u0131llar\u0131n ba\u015f\u0131ndan bu yana k\u0131rk k\u00fcsur y\u0131ll\u0131k \u015fiir yolculu\u011funda, hemen her yere hemen her insana u\u011fram\u0131\u015f, geceyle yorulmu\u015f g\u00fcnle do\u011frulmu\u015f \u015fiirler&#8230; Her mevsimden her co\u011frafyadan<span class=\"excerpt-hellip\"> [\u2026]<\/span><\/p>\n","protected":false},"featured_media":0,"template":"","meta":{"_monsterinsights_skip_tracking":false,"_monsterinsights_sitenote_active":false,"_monsterinsights_sitenote_note":"","_monsterinsights_sitenote_category":0},"product_brand":[],"product_cat":[12291,12509],"product_tag":[],"class_list":{"0":"post-785304","1":"product","2":"type-product","3":"status-publish","5":"product_cat-edebiyat","6":"product_cat-siir","7":"pa_cilt-ciltsiz","8":"pa_tur-kitap","9":"pa_yayinevi-yapi-kredi-yayinlari","10":"pa_yazar-sureyya-berfe","12":"first","13":"instock","14":"sale","15":"shipping-taxable","16":"purchasable","17":"product-type-simple"},"_links":{"self":[{"href":"https:\/\/roveyayinevi.com.tr\/index.php\/wp-json\/wp\/v2\/product\/785304","targetHints":{"allow":["GET"]}}],"collection":[{"href":"https:\/\/roveyayinevi.com.tr\/index.php\/wp-json\/wp\/v2\/product"}],"about":[{"href":"https:\/\/roveyayinevi.com.tr\/index.php\/wp-json\/wp\/v2\/types\/product"}],"wp:attachment":[{"href":"https:\/\/roveyayinevi.com.tr\/index.php\/wp-json\/wp\/v2\/media?parent=785304"}],"wp:term":[{"taxonomy":"product_brand","embeddable":true,"href":"https:\/\/roveyayinevi.com.tr\/index.php\/wp-json\/wp\/v2\/product_brand?post=785304"},{"taxonomy":"product_cat","embeddable":true,"href":"https:\/\/roveyayinevi.com.tr\/index.php\/wp-json\/wp\/v2\/product_cat?post=785304"},{"taxonomy":"product_tag","embeddable":true,"href":"https:\/\/roveyayinevi.com.tr\/index.php\/wp-json\/wp\/v2\/product_tag?post=785304"}],"curies":[{"name":"wp","href":"https:\/\/api.w.org\/{rel}","templated":true}]}}