{"id":785303,"date":"2026-03-28T03:42:11","date_gmt":"2026-03-28T00:42:11","guid":{"rendered":"https:\/\/roveyayinevi.com.tr\/index.php\/urun\/benzemez-kimse-sana-memleket\/"},"modified":"2026-04-15T03:48:43","modified_gmt":"2026-04-15T00:48:43","slug":"benzemez-kimse-sana-memleket","status":"publish","type":"product","link":"https:\/\/roveyayinevi.com.tr\/index.php\/urun\/benzemez-kimse-sana-memleket\/","title":{"rendered":"Benzemez Kimse Sana \u201cMEMLEKET\u201d"},"content":{"rendered":"<p>Memleket istemi\u015f 1946 y\u0131l\u0131nda \u00fcnl\u00fc ozan rahmetli Cahit S\u0131tk\u0131 Taranc\u0131.\u201cG\u00f6k mavi, dal ye\u015fil, tarla sar\u0131 olsunKu\u015flar\u0131n \u00e7i\u00e7eklerin diyar\u0131 olsun.Ne ba\u015fta dert, ne g\u00f6n\u00fclde hasret olsunKarde\u015f kavgas\u0131na bir nihayet olsun.Ne zengin fakir, ne sen ben fark\u0131 olsunK\u0131\u015f g\u00fcn\u00fc herkesin evi bark\u0131 olsun.Ya\u015famak, sevmek gibi g\u00f6n\u00fclden olsunOlursa bir \u015fikayet \u00f6l\u00fcmden olsun.\u201dTaranc\u0131&#8230; Bug\u00fcn ya\u015fasa nas\u0131l dile getirirdi duygular\u0131n\u0131 bilinmez. Ortak \u00fclk\u00fcler d\u0131\u015f\u0131nda her birimizin farkl\u0131 \u201cMemleket \u015eiiri\u201d ifadesi olabilir elbette. Ebediyete kadar h\u00fcr ya\u015fayaca\u011f\u0131m\u0131z benzersiz cennet vatan\u0131m\u0131zda \u201ctarih tekerr\u00fcr etmesin\u201d diye d\u00fcn\u00fc unutmamak ama g\u00f6z\u00fcm\u00fcz\u00fc ufuktan, hayallerimizden uzak tutmamak zorunday\u0131z.G\u00fcndemin d\u00fc\u015f\u00fcnd\u00fcrd\u00fckleri, g\u00f6nl\u00fcm\u00fczden ta\u015f\u0131rd\u0131klar\u0131n\u0131 sizlerle vatanda\u015f, hekim, b\u00fcrokrat, k\u00f6\u015fe yazar\u0131 kimliklerimle payla\u015ft\u0131\u011f\u0131m bu kitab\u0131n kapak tasar\u0131m\u0131n\u0131n Sn. Hayriye Pelenk\u2019in \u00f6zg\u00fcn eseri ile g\u00f6rsel zenginlik kazanm\u0131\u015f, kitaba de\u011fer katm\u0131\u015f olarak sizlere sunulmas\u0131ndan mutluyum.ahmoztemel@yahoo.co.uk mail adresimin siz de\u011ferli kitapseverlerle ileti\u015fim k\u00f6pr\u00fcm\u00fcz olmas\u0131n\u0131 diliyorum.<\/p>\n","protected":false},"excerpt":{"rendered":"<p>Memleket istemi\u015f 1946 y\u0131l\u0131nda \u00fcnl\u00fc ozan rahmetli Cahit S\u0131tk\u0131 Taranc\u0131.\u201cG\u00f6k mavi, dal ye\u015fil, tarla sar\u0131 olsunKu\u015flar\u0131n \u00e7i\u00e7eklerin diyar\u0131 olsun.Ne ba\u015fta dert, ne g\u00f6n\u00fclde hasret olsunKarde\u015f kavgas\u0131na<span class=\"excerpt-hellip\"> [\u2026]<\/span><\/p>\n","protected":false},"featured_media":0,"template":"","meta":{"_monsterinsights_skip_tracking":false,"_monsterinsights_sitenote_active":false,"_monsterinsights_sitenote_note":"","_monsterinsights_sitenote_category":0},"product_brand":[],"product_cat":[141304],"product_tag":[],"class_list":{"0":"post-785303","1":"product","2":"type-product","3":"status-publish","5":"product_cat-yeni-cikanlar","6":"pa_cilt-ciltsiz","7":"pa_tur-kitap","8":"pa_yayinevi-gulnar-yayinlari","9":"pa_yazar-ahmet-oztemel","11":"first","12":"instock","13":"sale","14":"shipping-taxable","15":"purchasable","16":"product-type-simple"},"_links":{"self":[{"href":"https:\/\/roveyayinevi.com.tr\/index.php\/wp-json\/wp\/v2\/product\/785303","targetHints":{"allow":["GET"]}}],"collection":[{"href":"https:\/\/roveyayinevi.com.tr\/index.php\/wp-json\/wp\/v2\/product"}],"about":[{"href":"https:\/\/roveyayinevi.com.tr\/index.php\/wp-json\/wp\/v2\/types\/product"}],"wp:attachment":[{"href":"https:\/\/roveyayinevi.com.tr\/index.php\/wp-json\/wp\/v2\/media?parent=785303"}],"wp:term":[{"taxonomy":"product_brand","embeddable":true,"href":"https:\/\/roveyayinevi.com.tr\/index.php\/wp-json\/wp\/v2\/product_brand?post=785303"},{"taxonomy":"product_cat","embeddable":true,"href":"https:\/\/roveyayinevi.com.tr\/index.php\/wp-json\/wp\/v2\/product_cat?post=785303"},{"taxonomy":"product_tag","embeddable":true,"href":"https:\/\/roveyayinevi.com.tr\/index.php\/wp-json\/wp\/v2\/product_tag?post=785303"}],"curies":[{"name":"wp","href":"https:\/\/api.w.org\/{rel}","templated":true}]}}