{"id":785302,"date":"2026-03-28T03:42:09","date_gmt":"2026-03-28T00:42:09","guid":{"rendered":"https:\/\/roveyayinevi.com.tr\/index.php\/urun\/umrenin-hidayeti-isik-yolunda-bir-donusum\/"},"modified":"2026-04-15T03:48:43","modified_gmt":"2026-04-15T00:48:43","slug":"umrenin-hidayeti-isik-yolunda-bir-donusum","status":"publish","type":"product","link":"https:\/\/roveyayinevi.com.tr\/index.php\/urun\/umrenin-hidayeti-isik-yolunda-bir-donusum\/","title":{"rendered":"Umrenin Hidayeti &#8211; I\u015f\u0131k Yolunda Bir D\u00f6n\u00fc\u015f\u00fcm"},"content":{"rendered":"<p>Bu sat\u0131rlar;kayboldu\u011funu d\u00fc\u015f\u00fcnen,ama h\u00e2l\u00e2 \u00e7a\u011fr\u0131ld\u0131\u011f\u0131n\u0131 hisseden bir kalp i\u00e7in yaz\u0131ld\u0131.Bir secdeyle ba\u015flayan d\u00f6n\u00fc\u015f,sab\u0131rla olgunla\u015ft\u0131,bir aileyle tamamland\u0131.Bu bir ba\u015far\u0131 hik\u00e2yesi de\u011fil.Bu, Allah\u2019a y\u00f6nelmenin m\u00fcmk\u00fcn oldu\u011funu hat\u0131rlatansessiz bir yolculuk\u2026<\/p>\n","protected":false},"excerpt":{"rendered":"<p>Bu sat\u0131rlar;kayboldu\u011funu d\u00fc\u015f\u00fcnen,ama h\u00e2l\u00e2 \u00e7a\u011fr\u0131ld\u0131\u011f\u0131n\u0131 hisseden bir kalp i\u00e7in yaz\u0131ld\u0131.Bir secdeyle ba\u015flayan d\u00f6n\u00fc\u015f,sab\u0131rla olgunla\u015ft\u0131,bir aileyle tamamland\u0131.Bu bir ba\u015far\u0131 hik\u00e2yesi de\u011fil.Bu, Allah\u2019a y\u00f6nelmenin m\u00fcmk\u00fcn oldu\u011funu hat\u0131rlatansessiz bir<span class=\"excerpt-hellip\"> [\u2026]<\/span><\/p>\n","protected":false},"featured_media":0,"template":"","meta":{"_monsterinsights_skip_tracking":false,"_monsterinsights_sitenote_active":false,"_monsterinsights_sitenote_note":"","_monsterinsights_sitenote_category":0},"product_brand":[],"product_cat":[12718,12719],"product_tag":[],"class_list":{"0":"post-785302","1":"product","2":"type-product","3":"status-publish","5":"product_cat-din","6":"product_cat-islam","7":"pa_cilt-ciltsiz","8":"pa_tur-kitap","9":"pa_yayinevi-omca-yayinlari","10":"pa_yazar-mustafa-icyer","12":"first","13":"instock","14":"sale","15":"shipping-taxable","16":"purchasable","17":"product-type-simple"},"_links":{"self":[{"href":"https:\/\/roveyayinevi.com.tr\/index.php\/wp-json\/wp\/v2\/product\/785302","targetHints":{"allow":["GET"]}}],"collection":[{"href":"https:\/\/roveyayinevi.com.tr\/index.php\/wp-json\/wp\/v2\/product"}],"about":[{"href":"https:\/\/roveyayinevi.com.tr\/index.php\/wp-json\/wp\/v2\/types\/product"}],"wp:attachment":[{"href":"https:\/\/roveyayinevi.com.tr\/index.php\/wp-json\/wp\/v2\/media?parent=785302"}],"wp:term":[{"taxonomy":"product_brand","embeddable":true,"href":"https:\/\/roveyayinevi.com.tr\/index.php\/wp-json\/wp\/v2\/product_brand?post=785302"},{"taxonomy":"product_cat","embeddable":true,"href":"https:\/\/roveyayinevi.com.tr\/index.php\/wp-json\/wp\/v2\/product_cat?post=785302"},{"taxonomy":"product_tag","embeddable":true,"href":"https:\/\/roveyayinevi.com.tr\/index.php\/wp-json\/wp\/v2\/product_tag?post=785302"}],"curies":[{"name":"wp","href":"https:\/\/api.w.org\/{rel}","templated":true}]}}