{"id":785301,"date":"2026-03-28T03:17:36","date_gmt":"2026-03-28T00:17:36","guid":{"rendered":"https:\/\/roveyayinevi.com.tr\/index.php\/urun\/tarihte-ve-gunumuzde-alevilik\/"},"modified":"2026-04-16T03:13:28","modified_gmt":"2026-04-16T00:13:28","slug":"tarihte-ve-gunumuzde-alevilik","status":"publish","type":"product","link":"https:\/\/roveyayinevi.com.tr\/index.php\/urun\/tarihte-ve-gunumuzde-alevilik\/","title":{"rendered":"Tarihte ve G\u00fcn\u00fcm\u00fczde Alevilik"},"content":{"rendered":"<p>Alevilik, Ali ve On \u0130ki \u0130mam&#8217;\u0131n inan\u00e7lar\u0131n\u0131 aktarm\u0131\u015f olduklar\u0131 d\u00fc\u015f\u00fcn\u00fclen Hac\u0131 Bekta\u015f-i Veli&#8217;nin gizemli Alevi \u0130slami \u00f6\u011fretilerini takip eden yerel bir \u0130slami gelenektir. Alevi inan\u00e7lar\u0131n\u0131 aktaranlar &#8216;dede&#8217; isimli din adamlar\u0131d\u0131r. \u0130slam&#8217;\u0131n alt\u0131 iman esas\u0131 kabul edilse de, yorumlamada \u00f6b\u00fcr mezheplerle farkl\u0131l\u0131klar i\u00e7erir. Alevi inan\u00e7lar\u0131, T\u00fcrklere \u00f6zg\u00fc yerel bir d\u00fcnya g\u00f6r\u00fc\u015f\u00fcyle b\u00fct\u00fcnle\u015ftirilerek \u0130slam&#8217;\u0131n yerle\u015fik kurallar\u0131na ayk\u0131r\u0131 bir yorumuna yol a\u00e7m\u0131\u015ft\u0131r.   Alevilik, Caferiyye \u015eiilik&#8217;i ile ortak noktalara sahip olan bir yoldur. \u015eiilik&#8217;in bu kolu, Hakk-Muhammed-Ali \u00fc\u00e7lemesiyle Ehl-i Beyt ve On \u0130ki \u0130mamlara \u00f6nem verir. <\/p>\n","protected":false},"excerpt":{"rendered":"<p>Alevilik, Ali ve On \u0130ki \u0130mam&#8217;\u0131n inan\u00e7lar\u0131n\u0131 aktarm\u0131\u015f olduklar\u0131 d\u00fc\u015f\u00fcn\u00fclen Hac\u0131 Bekta\u015f-i Veli&#8217;nin gizemli Alevi \u0130slami \u00f6\u011fretilerini takip eden yerel bir \u0130slami gelenektir. Alevi inan\u00e7lar\u0131n\u0131 aktaranlar<span class=\"excerpt-hellip\"> [\u2026]<\/span><\/p>\n","protected":false},"featured_media":0,"template":"","meta":{"_monsterinsights_skip_tracking":false,"_monsterinsights_sitenote_active":false,"_monsterinsights_sitenote_note":"","_monsterinsights_sitenote_category":0},"product_brand":[],"product_cat":[13575,12718,12719],"product_tag":[],"class_list":{"0":"post-785301","1":"product","2":"type-product","3":"status-publish","5":"product_cat-alevilik-bektasilik","6":"product_cat-din","7":"product_cat-islam","8":"pa_cilt-ciltsiz","9":"pa_tur-kitap","10":"pa_yayinevi-gulnar-yayinlari","11":"pa_yazar-erdem-uygur","13":"first","14":"instock","15":"sale","16":"shipping-taxable","17":"purchasable","18":"product-type-simple"},"_links":{"self":[{"href":"https:\/\/roveyayinevi.com.tr\/index.php\/wp-json\/wp\/v2\/product\/785301","targetHints":{"allow":["GET"]}}],"collection":[{"href":"https:\/\/roveyayinevi.com.tr\/index.php\/wp-json\/wp\/v2\/product"}],"about":[{"href":"https:\/\/roveyayinevi.com.tr\/index.php\/wp-json\/wp\/v2\/types\/product"}],"wp:attachment":[{"href":"https:\/\/roveyayinevi.com.tr\/index.php\/wp-json\/wp\/v2\/media?parent=785301"}],"wp:term":[{"taxonomy":"product_brand","embeddable":true,"href":"https:\/\/roveyayinevi.com.tr\/index.php\/wp-json\/wp\/v2\/product_brand?post=785301"},{"taxonomy":"product_cat","embeddable":true,"href":"https:\/\/roveyayinevi.com.tr\/index.php\/wp-json\/wp\/v2\/product_cat?post=785301"},{"taxonomy":"product_tag","embeddable":true,"href":"https:\/\/roveyayinevi.com.tr\/index.php\/wp-json\/wp\/v2\/product_tag?post=785301"}],"curies":[{"name":"wp","href":"https:\/\/api.w.org\/{rel}","templated":true}]}}