{"id":785300,"date":"2026-03-28T02:31:59","date_gmt":"2026-03-27T23:31:59","guid":{"rendered":"https:\/\/roveyayinevi.com.tr\/index.php\/urun\/cilek-kokusu\/"},"modified":"2026-04-16T02:27:54","modified_gmt":"2026-04-15T23:27:54","slug":"cilek-kokusu","status":"publish","type":"product","link":"https:\/\/roveyayinevi.com.tr\/index.php\/urun\/cilek-kokusu\/","title":{"rendered":"\u00c7ilek Kokusu"},"content":{"rendered":"<p>\u00c7ilek kokusu duydun mu, hayallerin ger\u00e7ek olabilir!   Sen yeter ki hayal kurmaktan vazge\u00e7me! .  Fethi Y\u0131lmaz\u2019\u0131n yaz\u0131p resimledi\u011fi \u00c7ilek Kokusu hayal kurmaktan vazge\u00e7memeyi b\u00fcy\u00fck k\u00fc\u00e7\u00fck herkese hat\u0131rlatan bir ba\u015fucu kitab\u0131. <\/p>\n","protected":false},"excerpt":{"rendered":"<p>\u00c7ilek kokusu duydun mu, hayallerin ger\u00e7ek olabilir! Sen yeter ki hayal kurmaktan vazge\u00e7me! . Fethi Y\u0131lmaz\u2019\u0131n yaz\u0131p resimledi\u011fi \u00c7ilek Kokusu hayal kurmaktan vazge\u00e7memeyi b\u00fcy\u00fck k\u00fc\u00e7\u00fck herkese<span class=\"excerpt-hellip\"> [\u2026]<\/span><\/p>\n","protected":false},"featured_media":0,"template":"","meta":{"_monsterinsights_skip_tracking":false,"_monsterinsights_sitenote_active":false,"_monsterinsights_sitenote_note":"","_monsterinsights_sitenote_category":0},"product_brand":[],"product_cat":[12913,12274],"product_tag":[],"class_list":{"0":"post-785300","1":"product","2":"type-product","3":"status-publish","5":"product_cat-3-6-yas-kitaplari","6":"product_cat-cocuk-ve-genclik-kitaplari","7":"pa_cilt-ciltli","8":"pa_tur-kitap","9":"pa_yayinevi-yapi-kredi-yayinlari","10":"pa_yazar-fethi-yilmaz","12":"first","13":"instock","14":"sale","15":"shipping-taxable","16":"purchasable","17":"product-type-simple"},"_links":{"self":[{"href":"https:\/\/roveyayinevi.com.tr\/index.php\/wp-json\/wp\/v2\/product\/785300","targetHints":{"allow":["GET"]}}],"collection":[{"href":"https:\/\/roveyayinevi.com.tr\/index.php\/wp-json\/wp\/v2\/product"}],"about":[{"href":"https:\/\/roveyayinevi.com.tr\/index.php\/wp-json\/wp\/v2\/types\/product"}],"wp:attachment":[{"href":"https:\/\/roveyayinevi.com.tr\/index.php\/wp-json\/wp\/v2\/media?parent=785300"}],"wp:term":[{"taxonomy":"product_brand","embeddable":true,"href":"https:\/\/roveyayinevi.com.tr\/index.php\/wp-json\/wp\/v2\/product_brand?post=785300"},{"taxonomy":"product_cat","embeddable":true,"href":"https:\/\/roveyayinevi.com.tr\/index.php\/wp-json\/wp\/v2\/product_cat?post=785300"},{"taxonomy":"product_tag","embeddable":true,"href":"https:\/\/roveyayinevi.com.tr\/index.php\/wp-json\/wp\/v2\/product_tag?post=785300"}],"curies":[{"name":"wp","href":"https:\/\/api.w.org\/{rel}","templated":true}]}}