{"id":785299,"date":"2026-03-28T02:25:09","date_gmt":"2026-03-27T23:25:09","guid":{"rendered":"https:\/\/roveyayinevi.com.tr\/index.php\/urun\/iliski-icinde-ben-kultur-aile-bireysellesme-ve-psikanalitik-arayislar\/"},"modified":"2026-04-16T02:21:47","modified_gmt":"2026-04-15T23:21:47","slug":"iliski-icinde-ben-kultur-aile-bireysellesme-ve-psikanalitik-arayislar","status":"publish","type":"product","link":"https:\/\/roveyayinevi.com.tr\/index.php\/urun\/iliski-icinde-ben-kultur-aile-bireysellesme-ve-psikanalitik-arayislar\/","title":{"rendered":"\u0130li\u015fki \u0130\u00e7inde Ben &#8211; K\u00fclt\u00fcr, Aile, Bireyselle\u015fme ve Psikanalitik Aray\u0131\u015flar"},"content":{"rendered":"<p>Bat\u0131l\u0131 psikoloji kuramlar\u0131n\u0131n a\u00e7\u0131k ya da \u00f6rt\u00fck olarak varsayd\u0131\u011f\u0131 ve idealize etti\u011fi \u00f6zerk, ba\u011f\u0131ms\u0131z, kendine yeten birey kavramsalla\u015ft\u0131rmas\u0131 evrensel midir? Bat\u0131 ve Do\u011fu toplumlar\u0131ndaki birey ve bireyle\u015fme s\u00fcre\u00e7leri, aile dinamikleri ne kadar benzerdir, ne kadar farkl\u0131d\u0131r? T\u00fcrkiye ne kadar Bat\u0131, ne kadar Do\u011fu toplumudur? B\u00fct\u00fcn bunlar psikoterapi prati\u011fimizi nas\u0131l etkileyebilir? Bu kitap, G\u00fcler Okman Fi\u015fek\u2019in hem bir klinik psikoloji akademisyeni hem de bir psikoterapist olarak t\u00fcm meslek hayat\u0131 boyunca imbiklerden ge\u00e7irerek bu sorular i\u00e7in \u00f6nerdi\u011fi cevaplardan olu\u015fmaktad\u0131r.T\u00fcrkiye\u2019nin ne tipik bir Bat\u0131 toplumu ne de tipik bir Do\u011fu olmad\u0131\u011f\u0131, \u00f6zg\u00fcn bir bile\u015fim oldu\u011fu, bu bile\u015fimin en iyi ailevi benlik gibi bir benlik katman\u0131yla anla\u015f\u0131labilece\u011fini anlat\u0131yor G\u00fcler Hoca. G\u00fcn\u00fcm\u00fcz T\u00fcrkiyesi\u2019nde sert hiyerara\u015fik sosyal yap\u0131 ve aile formlar\u0131n\u0131n geleneksel formlara g\u00f6re daha gev\u015femi\u015f olmakla birlikte, aile dinamiklerinde yak\u0131nl\u0131k\/ba\u011fl\u0131l\u0131k ihtiya\u00e7lar\u0131nda o denli azalma g\u00f6zlenmiyor ve bu \u00f6zg\u00fcn durum k\u0131smen bireyselle\u015fmi\u015f ailevi benlik yap\u0131s\u0131n\u0131 ortaya \u00e7\u0131kar\u0131yor. Benlik kurgular\u0131 her zaman sosyo-k\u00fclt\u00fcrel ba\u011flamlar\u0131nda ele al\u0131n\u0131yor.G\u00fcler Hoca, kuramsal \u00e7at\u0131s\u0131n\u0131 kurarken, Alan Roland\u2019\u0131n k\u00fclt\u00fcrleraras\u0131 psikanaliz yakla\u015f\u0131m\u0131ndan, ili\u015fkisel psikanalizden, aile sistemleri yakla\u015f\u0131m\u0131ndan ve T\u00fcrkiye toplumu \u00fczerine aile\/ benlik konular\u0131nda yap\u0131lm\u0131\u015f bir\u00e7ok ara\u015ft\u0131rmadan faydalan\u0131yor. Kitab\u0131n son b\u00f6l\u00fcmlerinde ise bol vaka malzemesi ile desteklenmi\u015f olarak b\u00fct\u00fcn bu evrensele dayanan yerel bilginin psikoterapi prati\u011fimizde nas\u0131l kullan\u0131labilece\u011fini g\u00f6steriyor. Bu sayede, hangi ekolden olursa olsun, T\u00fcrkiye\u2019de psikoterapi yapma derdi olan herkesin \u00e7ok \u015fey \u00f6\u011frenebilece\u011fi bir kitap ortaya \u00e7\u0131km\u0131\u015f oluyor. &#8211; Murat Paker <\/p>\n","protected":false},"excerpt":{"rendered":"<p>Bat\u0131l\u0131 psikoloji kuramlar\u0131n\u0131n a\u00e7\u0131k ya da \u00f6rt\u00fck olarak varsayd\u0131\u011f\u0131 ve idealize etti\u011fi \u00f6zerk, ba\u011f\u0131ms\u0131z, kendine yeten birey kavramsalla\u015ft\u0131rmas\u0131 evrensel midir? Bat\u0131 ve Do\u011fu toplumlar\u0131ndaki birey ve<span class=\"excerpt-hellip\"> [\u2026]<\/span><\/p>\n","protected":false},"featured_media":0,"template":"","meta":{"_monsterinsights_skip_tracking":false,"_monsterinsights_sitenote_active":false,"_monsterinsights_sitenote_note":"","_monsterinsights_sitenote_category":0},"product_brand":[],"product_cat":[12755,12357],"product_tag":[],"class_list":{"0":"post-785299","1":"product","2":"type-product","3":"status-publish","5":"product_cat-gelisim-psikolojisi","6":"product_cat-psikoloji","7":"pa_cilt-ciltsiz","8":"pa_tur-kitap","9":"pa_yayinevi-istanbul-bilgi-universitesi-yayinlari","10":"pa_yazar-guler-okman-fisek","12":"first","13":"instock","14":"sale","15":"shipping-taxable","16":"purchasable","17":"product-type-simple"},"_links":{"self":[{"href":"https:\/\/roveyayinevi.com.tr\/index.php\/wp-json\/wp\/v2\/product\/785299","targetHints":{"allow":["GET"]}}],"collection":[{"href":"https:\/\/roveyayinevi.com.tr\/index.php\/wp-json\/wp\/v2\/product"}],"about":[{"href":"https:\/\/roveyayinevi.com.tr\/index.php\/wp-json\/wp\/v2\/types\/product"}],"wp:attachment":[{"href":"https:\/\/roveyayinevi.com.tr\/index.php\/wp-json\/wp\/v2\/media?parent=785299"}],"wp:term":[{"taxonomy":"product_brand","embeddable":true,"href":"https:\/\/roveyayinevi.com.tr\/index.php\/wp-json\/wp\/v2\/product_brand?post=785299"},{"taxonomy":"product_cat","embeddable":true,"href":"https:\/\/roveyayinevi.com.tr\/index.php\/wp-json\/wp\/v2\/product_cat?post=785299"},{"taxonomy":"product_tag","embeddable":true,"href":"https:\/\/roveyayinevi.com.tr\/index.php\/wp-json\/wp\/v2\/product_tag?post=785299"}],"curies":[{"name":"wp","href":"https:\/\/api.w.org\/{rel}","templated":true}]}}