{"id":785298,"date":"2026-03-28T02:16:58","date_gmt":"2026-03-27T23:16:58","guid":{"rendered":"https:\/\/roveyayinevi.com.tr\/index.php\/urun\/travma-terapisinin-ilkeleri-belirtiler-degerlendirme-ve-tedavi-icin-bir-kilavuz\/"},"modified":"2026-04-16T02:14:55","modified_gmt":"2026-04-15T23:14:55","slug":"travma-terapisinin-ilkeleri-belirtiler-degerlendirme-ve-tedavi-icin-bir-kilavuz","status":"publish","type":"product","link":"https:\/\/roveyayinevi.com.tr\/index.php\/urun\/travma-terapisinin-ilkeleri-belirtiler-degerlendirme-ve-tedavi-icin-bir-kilavuz\/","title":{"rendered":"Travma Terapisinin \u0130lkeleri &#8211; Belirtiler, De\u011ferlendirme ve Tedavi \u0130\u00e7in Bir K\u0131lavuz"},"content":{"rendered":"<p>Psikotravmatoloji dal\u0131nda alan\u0131n\u0131n en tan\u0131nm\u0131\u015f ve \u00fcretken akademisyenlerinden\/klinisyenlerinden biri olan John N. Briere ile psikotravmatoloji uzman\u0131 olan psikiyatr Catherine Scott\u2019\u0131n bu eseri, psikotravmatoloji alan\u0131n\u0131n n\u00f6robiyolojiden ba\u011flanma teorisine, psikoterapiden psikofarmakolojiye kadar geni\u015f bir yelpazede biriktirdi\u011fi bilgi da\u011farc\u0131\u011f\u0131na dayanarak \u00e7er\u00e7evesini kuruyor; travma terapisinde dan\u0131\u015fanterapist ili\u015fkisinin merkezi rol\u00fcn\u00fc \u00f6nemle vurguluyor. \u0130stanbul Bilgi \u00dcniversitesi Yay\u0131nlar\u0131, Psikanaliz\/Psikoloji dizisine bu de\u011ferli \u00e7al\u0131\u015fmay\u0131 katmam\u0131z\u0131n temel nedeni, bu eserin bir ekol fanatizmine kap\u0131lmadan, travma terapisi konusunda temel say\u0131labilecek bilgileri, olabildi\u011fince b\u00fct\u00fcnle\u015fik tarzda vermeyi dert edinmi\u015f olmas\u0131d\u0131r. Hangi ekolden olursa olsun, travma ma\u011fdurlar\u0131yla \u00e7al\u0131\u015fmak durumunda kalan ya da buna niyetlenen b\u00fct\u00fcn ruh sa\u011fl\u0131\u011f\u0131 \u00e7al\u0131\u015fanlar\u0131 i\u00e7in de\u011ferli bir giri\u015f kitab\u0131 olarak d\u00fc\u015f\u00fcn\u00fclebilir.<\/p>\n","protected":false},"excerpt":{"rendered":"<p>Psikotravmatoloji dal\u0131nda alan\u0131n\u0131n en tan\u0131nm\u0131\u015f ve \u00fcretken akademisyenlerinden\/klinisyenlerinden biri olan John N. Briere ile psikotravmatoloji uzman\u0131 olan psikiyatr Catherine Scott\u2019\u0131n bu eseri, psikotravmatoloji alan\u0131n\u0131n n\u00f6robiyolojiden ba\u011flanma<span class=\"excerpt-hellip\"> [\u2026]<\/span><\/p>\n","protected":false},"featured_media":0,"template":"","meta":{"_monsterinsights_skip_tracking":false,"_monsterinsights_sitenote_active":false,"_monsterinsights_sitenote_note":"","_monsterinsights_sitenote_category":0},"product_brand":[],"product_cat":[12358,12357],"product_tag":[],"class_list":{"0":"post-785298","1":"product","2":"type-product","3":"status-publish","5":"product_cat-genel-psikoloji","6":"product_cat-psikoloji","7":"pa_cilt-ciltsiz","8":"pa_tur-kitap","9":"pa_yayinevi-bilgi-universitesi-yayinlari-akademik","10":"pa_yazar-catherine-scott","11":"pa_yazar-john-n-briere","13":"first","14":"instock","15":"sale","16":"shipping-taxable","17":"purchasable","18":"product-type-simple"},"_links":{"self":[{"href":"https:\/\/roveyayinevi.com.tr\/index.php\/wp-json\/wp\/v2\/product\/785298","targetHints":{"allow":["GET"]}}],"collection":[{"href":"https:\/\/roveyayinevi.com.tr\/index.php\/wp-json\/wp\/v2\/product"}],"about":[{"href":"https:\/\/roveyayinevi.com.tr\/index.php\/wp-json\/wp\/v2\/types\/product"}],"wp:attachment":[{"href":"https:\/\/roveyayinevi.com.tr\/index.php\/wp-json\/wp\/v2\/media?parent=785298"}],"wp:term":[{"taxonomy":"product_brand","embeddable":true,"href":"https:\/\/roveyayinevi.com.tr\/index.php\/wp-json\/wp\/v2\/product_brand?post=785298"},{"taxonomy":"product_cat","embeddable":true,"href":"https:\/\/roveyayinevi.com.tr\/index.php\/wp-json\/wp\/v2\/product_cat?post=785298"},{"taxonomy":"product_tag","embeddable":true,"href":"https:\/\/roveyayinevi.com.tr\/index.php\/wp-json\/wp\/v2\/product_tag?post=785298"}],"curies":[{"name":"wp","href":"https:\/\/api.w.org\/{rel}","templated":true}]}}