{"id":785297,"date":"2026-03-28T02:14:11","date_gmt":"2026-03-27T23:14:11","guid":{"rendered":"https:\/\/roveyayinevi.com.tr\/index.php\/urun\/cevre-psikolojisi-insan-mekan-iliskileri\/"},"modified":"2026-04-16T02:13:01","modified_gmt":"2026-04-15T23:13:01","slug":"cevre-psikolojisi-insan-mekan-iliskileri","status":"publish","type":"product","link":"https:\/\/roveyayinevi.com.tr\/index.php\/urun\/cevre-psikolojisi-insan-mekan-iliskileri\/","title":{"rendered":"\u00c7evre Psikolojisi: \u0130nsan Mekan \u0130li\u015fkileri"},"content":{"rendered":"<p>Mek\u00e2nsal de\u011fi\u015fkenler insan davran\u0131\u015f\u0131n\u0131 nas\u0131l etkiler? Mek\u00e2n\u0131n insan psikolojisi \u00fczerindeki etkileri nelerdir? Psikoloji a\u00e7\u0131s\u0131ndan 60\u2019l\u0131 y\u0131llara kadar, davran\u0131\u015f\u0131n i\u00e7inde olu\u015ftu\u011fu mek\u00e2n, ya kontrol edilmesi gereken bir \u201cilgili, kar\u0131\u015ft\u0131r\u0131c\u0131 de\u011fi\u015fken\u201d ya da en iyi ihtimalle, insan davran\u0131\u015f\u0131n\u0131 nas\u203al etkiledi\u011fi betimlenmeye \u00e7al\u0131\u015f\u0131lan edilgen bir arka plan olarak ele al\u0131nm\u0131\u015ft\u0131r. Kendi halinde hareketsiz bir fizik evren, bir renk, doku ve b\u00fct\u00fcn bu d\u00fcnyan\u0131n insana g\u00f6nderdi\u011fi edilgen, fiziksel uyaranlar dahilinde anla\u015f\u0131lmaya \u00e7al\u0131\u015f\u0131lm\u0131\u015ft\u0131r. Fakat 60\u2019lar\u0131n d\u00fcnyas\u0131nda kentle\u015fme olgusunun h\u0131z kazanmas\u0131yla ve modern kentsel ya\u015fam\u0131n ortaya \u00e7\u0131kard\u0131\u011f\u0131 sorunlar\u0131n giderek yo\u011funla\u015fmas\u0131, \u00e7e\u015fitlenmesi ve daha g\u00f6r\u00fcn\u00fcr hale gelmesiyle birlikte, kentin fiziksel boyutlar\u0131na, kentsel mekanizmalara ve etkin bir de\u011fi\u015fken olarak mek\u00e2na disiplinleraras\u0131 bir ilgi olu\u015fmu\u015f ve bu ilgi sadece psikoloji alan\u0131nda de\u011fil pek \u00e7ok di\u011fer disiplin a\u00e7\u0131s\u0131ndan da mek\u00e2n\u0131n ta\u015f\u0131d\u0131\u011f\u0131 anlam\u0131 de\u011fi\u015ftirmi\u015ftir. Melek G\u00f6regenli bu \u00e7al\u0131\u015fmas\u0131nda \u00e7evre psikolojisinin sosyal psikolojinin bir alt dal\u0131 olman\u0131n yan\u0131 s\u0131ra, kendi epistemolojisini kurarak bir alt dal olman\u0131n \u00e7ok \u00f6tesine ge\u00e7ti\u011fini g\u00f6steriyor. \u0130nsan\u0131n ve mek\u00e2n\u0131n dinamik ili\u015fkisi, zaman\u0131n ve mek\u00e2n\u0131n dinamik ili\u015fkisinin kurulmas\u0131yla, \u00e7evre psikolojisi geleneksel psikolojiye y\u00f6nelik, gerek y\u00f6ntemsel gerekse yap\u0131sal ele\u015ftirel yakla\u015f\u0131mlar\u0131n da do\u011fmas\u0131na neden olmu\u015ftur. \u0130nsanlar, i\u00e7inde ya\u015fad\u0131klar\u0131 \u00e7evreyi nas\u0131l anlamland\u0131rmaktad\u0131rlar? Zihinlerinde mek\u00e2nla ilgili ne t\u00fcr bir tasar\u0131m olu\u015fmaktad\u0131r? \u00c7evresel alanlar hangi yanlar\u0131yla alg\u0131lanmakta ve belle\u011fe kaydedilmektedir? Bu sorularla hareket eden \u00e7evre psikolojisi, alan \u00e7al\u0131\u015fmalar\u0131 ve niteliksel y\u00f6ntemiyle edilgen mek\u00e2n\u0131n dinamik bir de\u011fi\u015fken haline d\u00f6n\u00fc\u015fmesini sa\u011fl\u0131yor. \u00c7evre Psikolojisi \u2013 \u0130nsan Mek\u00e2n \u0130li\u015fkileri, mek\u00e2n\u0131 ve mek\u00e2n\u0131n insan \u00fczerindeki etkisini sorgulayan herkesin ba\u015fvuraca\u011f\u0131 temel bir kaynak.<\/p>\n","protected":false},"excerpt":{"rendered":"<p>Mek\u00e2nsal de\u011fi\u015fkenler insan davran\u0131\u015f\u0131n\u0131 nas\u0131l etkiler? Mek\u00e2n\u0131n insan psikolojisi \u00fczerindeki etkileri nelerdir? Psikoloji a\u00e7\u0131s\u0131ndan 60\u2019l\u0131 y\u0131llara kadar, davran\u0131\u015f\u0131n i\u00e7inde olu\u015ftu\u011fu mek\u00e2n, ya kontrol edilmesi gereken bir<span class=\"excerpt-hellip\"> [\u2026]<\/span><\/p>\n","protected":false},"featured_media":0,"template":"","meta":{"_monsterinsights_skip_tracking":false,"_monsterinsights_sitenote_active":false,"_monsterinsights_sitenote_note":"","_monsterinsights_sitenote_category":0},"product_brand":[],"product_cat":[12358,12357],"product_tag":[],"class_list":{"0":"post-785297","1":"product","2":"type-product","3":"status-publish","5":"product_cat-genel-psikoloji","6":"product_cat-psikoloji","7":"pa_cilt-ciltsiz","8":"pa_tur-kitap","9":"pa_yayinevi-bilgi-universitesi-yayinlari","10":"pa_yazar-melek-goregenli","12":"first","13":"instock","14":"sale","15":"shipping-taxable","16":"purchasable","17":"product-type-simple"},"_links":{"self":[{"href":"https:\/\/roveyayinevi.com.tr\/index.php\/wp-json\/wp\/v2\/product\/785297","targetHints":{"allow":["GET"]}}],"collection":[{"href":"https:\/\/roveyayinevi.com.tr\/index.php\/wp-json\/wp\/v2\/product"}],"about":[{"href":"https:\/\/roveyayinevi.com.tr\/index.php\/wp-json\/wp\/v2\/types\/product"}],"wp:attachment":[{"href":"https:\/\/roveyayinevi.com.tr\/index.php\/wp-json\/wp\/v2\/media?parent=785297"}],"wp:term":[{"taxonomy":"product_brand","embeddable":true,"href":"https:\/\/roveyayinevi.com.tr\/index.php\/wp-json\/wp\/v2\/product_brand?post=785297"},{"taxonomy":"product_cat","embeddable":true,"href":"https:\/\/roveyayinevi.com.tr\/index.php\/wp-json\/wp\/v2\/product_cat?post=785297"},{"taxonomy":"product_tag","embeddable":true,"href":"https:\/\/roveyayinevi.com.tr\/index.php\/wp-json\/wp\/v2\/product_tag?post=785297"}],"curies":[{"name":"wp","href":"https:\/\/api.w.org\/{rel}","templated":true}]}}