{"id":785296,"date":"2026-03-27T02:27:25","date_gmt":"2026-03-26T23:27:25","guid":{"rendered":"https:\/\/roveyayinevi.com.tr\/index.php\/urun\/yasasin-orgazm\/"},"modified":"2026-04-16T02:19:23","modified_gmt":"2026-04-15T23:19:23","slug":"yasasin-orgazm","status":"publish","type":"product","link":"https:\/\/roveyayinevi.com.tr\/index.php\/urun\/yasasin-orgazm\/","title":{"rendered":"Ya\u015fas\u0131n Orgazm"},"content":{"rendered":"<p>\u0130ster bininci orgazm\u0131n\u0131z\u0131 kutluyor olun,ister ilk orgazm\u0131n\u0131z\u0131 ar\u0131yor olun,ister bu konuda k\u0131z arkada\u015f\u0131n\u0131za ya da e\u015finize moral veriyor olun,hepimiz ayn\u0131 \u015feyi d\u00fc\u015f\u00fcn\u00fcyoruz: Orgazm\u0131 seviyoruz! Yak\u0131n bir arkada\u015f\u0131n\u0131zla bu konularda sohbet etti\u011finizde nas\u0131l e\u011fleniyorsan\u0131z, Ya\u015fas\u0131n Orgazm\u2019\u0131 okurken de \u00f6yle e\u011fleneceksiniz. \u00dcstelik bu kez arkada\u015f\u0131n\u0131z \u00e7o\u011fu sorunun yan\u0131t\u0131n\u0131 biliyor:Cinsel birle\u015fmeyle orgazm olman\u0131n yollar\u0131 \u2013 ayr\u0131ca \u00e7o\u011fu kad\u0131n\u0131n neden bu yolla orgazm olamad\u0131\u011f\u0131,G-noktas\u0131n\u0131 bulma yolunda y\u00f6nlendirmeler,\u0130lk orgazm\u0131n\u0131z i\u00e7in ayr\u0131nt\u0131l\u0131 \u00f6neriler,Daha iyi oral seks i\u00e7in \u00f6neriler,\u00c7oklu orgazm dalgalar\u0131na dair t\u00fcyolar,Kad\u0131n bo\u015falmas\u0131na dair ger\u00e7ekler,Vibrat\u00f6rler, seks oyuncaklar\u0131, piercingler ve daha ba\u015fka pek \u00e7ok konudaki sorular\u0131n\u0131za yan\u0131tlar,Lezbiyen, biseks\u00fcel, queer kad\u0131nlar\u0131n orgazmlar\u0131na dair birinci a\u011f\u0131zdan tan\u0131kl\u0131klar,Kad\u0131nlara haz vermenin yollar\u0131 \u00fcst\u00fcne erkeklere y\u00f6nelik bir b\u00f6l\u00fcm, ayr\u0131ca her b\u00f6l\u00fcmde partnerlere t\u00fcyolar.Pek \u00e7ok konuda oldu\u011fu gibi, cinsellik hakk\u0131nda da konu\u015fmama hastal\u0131\u011f\u0131na tutulmu\u015fuz. Tahminlerle, meraklarla, bildiklerimizle, bildi\u011fimizi sand\u0131klar\u0131m\u0131zla ve bilmediklerimizle, fikir bile y\u00fcr\u00fctemediklerimizle birlikte ya\u015fay\u0131p gidiyor, g\u00f6r\u00fcnmez sorunlar\u0131m\u0131zla biz de g\u00f6r\u00fcnmez oluyoruz. Her \u015feyden \u00f6nce kendimizi g\u00f6rmek i\u00e7in belki art\u0131k daha a\u00e7\u0131k konu\u015fmak gerekiyor.<\/p>\n","protected":false},"excerpt":{"rendered":"<p>\u0130ster bininci orgazm\u0131n\u0131z\u0131 kutluyor olun,ister ilk orgazm\u0131n\u0131z\u0131 ar\u0131yor olun,ister bu konuda k\u0131z arkada\u015f\u0131n\u0131za ya da e\u015finize moral veriyor olun,hepimiz ayn\u0131 \u015feyi d\u00fc\u015f\u00fcn\u00fcyoruz: Orgazm\u0131 seviyoruz! Yak\u0131n bir<span class=\"excerpt-hellip\"> [\u2026]<\/span><\/p>\n","protected":false},"featured_media":0,"template":"","meta":{"_monsterinsights_skip_tracking":false,"_monsterinsights_sitenote_active":false,"_monsterinsights_sitenote_note":"","_monsterinsights_sitenote_category":0},"product_brand":[],"product_cat":[17502,13488],"product_tag":[],"class_list":{"0":"post-785296","1":"product","2":"type-product","3":"status-publish","5":"product_cat-cinsellik","6":"product_cat-toplum-ve-insan","7":"pa_cilt-ciltsiz","8":"pa_tur-kitap","9":"pa_yayinevi-aganta","10":"pa_yazar-dorian-solot-marshall-miller","12":"first","13":"instock","14":"sale","15":"shipping-taxable","16":"purchasable","17":"product-type-simple"},"_links":{"self":[{"href":"https:\/\/roveyayinevi.com.tr\/index.php\/wp-json\/wp\/v2\/product\/785296","targetHints":{"allow":["GET"]}}],"collection":[{"href":"https:\/\/roveyayinevi.com.tr\/index.php\/wp-json\/wp\/v2\/product"}],"about":[{"href":"https:\/\/roveyayinevi.com.tr\/index.php\/wp-json\/wp\/v2\/types\/product"}],"wp:attachment":[{"href":"https:\/\/roveyayinevi.com.tr\/index.php\/wp-json\/wp\/v2\/media?parent=785296"}],"wp:term":[{"taxonomy":"product_brand","embeddable":true,"href":"https:\/\/roveyayinevi.com.tr\/index.php\/wp-json\/wp\/v2\/product_brand?post=785296"},{"taxonomy":"product_cat","embeddable":true,"href":"https:\/\/roveyayinevi.com.tr\/index.php\/wp-json\/wp\/v2\/product_cat?post=785296"},{"taxonomy":"product_tag","embeddable":true,"href":"https:\/\/roveyayinevi.com.tr\/index.php\/wp-json\/wp\/v2\/product_tag?post=785296"}],"curies":[{"name":"wp","href":"https:\/\/api.w.org\/{rel}","templated":true}]}}