{"id":785294,"date":"2026-03-26T20:19:03","date_gmt":"2026-03-26T17:19:03","guid":{"rendered":"https:\/\/roveyayinevi.com.tr\/index.php\/urun\/alman-devrimi-ve-rosa-luxemburg\/"},"modified":"2026-03-28T03:43:17","modified_gmt":"2026-03-28T00:43:17","slug":"alman-devrimi-ve-rosa-luxemburg","status":"publish","type":"product","link":"https:\/\/roveyayinevi.com.tr\/index.php\/urun\/alman-devrimi-ve-rosa-luxemburg\/","title":{"rendered":"Alman Devrimi ve Rosa Luxemburg"},"content":{"rendered":"<p>Bir as\u0131r \u00f6nce Alman devrimi t\u00fcm h\u0131z\u0131yla devam ediyordu. 1921\u2019e gelindi\u011finde, Alman burjuvazisinin ve devletinin me\u015fruiyeti \u00fc\u00e7 y\u0131l boyunca ciddi bi\u00e7imde sars\u0131lm\u0131\u015ft\u0131. Bu olaylar ve \u00f6zellikle de i\u015f\u00e7i s\u0131n\u0131f\u0131n\u0131n daha sonra ya\u015fad\u0131\u011f\u0131 yenilgiler, \u00f6nce Avrupa\u2019da sonra da t\u00fcm d\u00fcnyada yak\u0131n tarihi belirledi ve de\u011fi\u015ftirdi. Bask\u0131 g\u00fc\u00e7lerinin Alman i\u015f\u00e7i s\u0131n\u0131f\u0131na kar\u015f\u0131 uygulad\u0131\u011f\u0131 deh\u015fet, \u0130kinci D\u00fcnya Sava\u015f\u0131\u2019n\u0131n deh\u015fetinin sadece habercisiydi. Auschwitz\u2019den Hiro\u015fima\u2019ya rakip emperyalizmler, kendi burjuvazilerinin \u00fcst\u00fcnl\u00fc\u011f\u00fcn\u00fc sa\u011flamak i\u00e7in her t\u00fcrl\u00fc arac\u0131 kullanmaktan \u00e7ekinmediler.<\/p>\n","protected":false},"excerpt":{"rendered":"<p>Bir as\u0131r \u00f6nce Alman devrimi t\u00fcm h\u0131z\u0131yla devam ediyordu. 1921\u2019e gelindi\u011finde, Alman burjuvazisinin ve devletinin me\u015fruiyeti \u00fc\u00e7 y\u0131l boyunca ciddi bi\u00e7imde sars\u0131lm\u0131\u015ft\u0131. Bu olaylar ve \u00f6zellikle<span class=\"excerpt-hellip\"> [\u2026]<\/span><\/p>\n","protected":false},"featured_media":0,"template":"","meta":{"_monsterinsights_skip_tracking":false,"_monsterinsights_sitenote_active":false,"_monsterinsights_sitenote_note":"","_monsterinsights_sitenote_category":0},"product_brand":[],"product_cat":[12337,14528],"product_tag":[],"class_list":{"0":"post-785294","1":"product","2":"type-product","3":"status-publish","5":"product_cat-politika-siyaset","6":"product_cat-siyaset-tarihi","7":"pa_cilt-ciltsiz","8":"pa_tur-kitap","9":"pa_yayinevi-yazin-yayincilik","10":"pa_yazar-ernest-mandel","12":"first","13":"instock","14":"sale","15":"shipping-taxable","16":"purchasable","17":"product-type-simple"},"_links":{"self":[{"href":"https:\/\/roveyayinevi.com.tr\/index.php\/wp-json\/wp\/v2\/product\/785294","targetHints":{"allow":["GET"]}}],"collection":[{"href":"https:\/\/roveyayinevi.com.tr\/index.php\/wp-json\/wp\/v2\/product"}],"about":[{"href":"https:\/\/roveyayinevi.com.tr\/index.php\/wp-json\/wp\/v2\/types\/product"}],"wp:attachment":[{"href":"https:\/\/roveyayinevi.com.tr\/index.php\/wp-json\/wp\/v2\/media?parent=785294"}],"wp:term":[{"taxonomy":"product_brand","embeddable":true,"href":"https:\/\/roveyayinevi.com.tr\/index.php\/wp-json\/wp\/v2\/product_brand?post=785294"},{"taxonomy":"product_cat","embeddable":true,"href":"https:\/\/roveyayinevi.com.tr\/index.php\/wp-json\/wp\/v2\/product_cat?post=785294"},{"taxonomy":"product_tag","embeddable":true,"href":"https:\/\/roveyayinevi.com.tr\/index.php\/wp-json\/wp\/v2\/product_tag?post=785294"}],"curies":[{"name":"wp","href":"https:\/\/api.w.org\/{rel}","templated":true}]}}