{"id":785284,"date":"2026-03-26T20:18:36","date_gmt":"2026-03-26T17:18:36","guid":{"rendered":"https:\/\/roveyayinevi.com.tr\/index.php\/urun\/yonetimde-stratejik-bariyerler\/"},"modified":"2026-04-15T03:48:47","modified_gmt":"2026-04-15T00:48:47","slug":"yonetimde-stratejik-bariyerler","status":"publish","type":"product","link":"https:\/\/roveyayinevi.com.tr\/index.php\/urun\/yonetimde-stratejik-bariyerler\/","title":{"rendered":"Y\u00f6netimde Stratejik Bariyerler"},"content":{"rendered":"<p>\u0130\u00e7indekiler :     B\u00d6L\u00dcM &#8211; 1 KADIN \u00c7ALI\u015eANLARDA C\u0130NS\u0130YET KALIP YARGISI GER\u0130 TEPMES\u0130 (BLACHLASH)   B\u00d6L\u00dcM &#8211; 2 KADIN \u00c7ALI\u015eANLARDA G\u00d6R\u00dcNMEZL\u0130K\/G\u00d6R\u00dcN\u00dcRL\u00dcK SENDROMU   B\u00d6L\u00dcM &#8211; 3 KADIN \u00c7ALI\u015eANLARDA IMPOSTER (SAHTEKARLIK) SENDROMU   B\u00d6L\u00dcM &#8211; 4 KADIN \u00c7ALI\u015eANLARDA \u0130K\u0130NC\u0130 KU\u015eAK C\u0130NS\u0130YET YANLILI\u011eI   B\u00d6L\u00dcM &#8211; 5 KADIN \u00c7ALI\u015eANLARDA \u0130\u00c7SELLE\u015eT\u0130R\u0130LM\u0130\u015e KADIN D\u00dc\u015eMANLI\u011eI SENDROMU   B\u00d6L\u00dcM &#8211; 6 KADIN \u00c7ALI\u015eANLARDA KRAL\u0130\u00c7E ARI SENDROMU       B\u00d6L\u00dcM &#8211; 7 KADIN \u00c7ALI\u015eANLARDA \u0130Y\u0130 KIZ (NICE GIRL) SENDROMU   B\u00d6L\u00dcM &#8211; 8 KADIN \u00c7ALI\u015eANLARDA TIARA SENDROMU   B\u00d6L\u00dcM &#8211; 9 KADIN \u00c7ALI\u015eANLARDA TOKEN\u0130ZM   B\u00d6L\u00dcM &#8211; 10 KADIN \u00c7ALI\u015eANLARDA CAM TAVAN SENDROMU   B\u00d6L\u00dcM &#8211; 11 KADIN \u00c7ALI\u015eANLARDA DUYGUSAL EMEK SENDROMU<\/p>\n","protected":false},"excerpt":{"rendered":"<p>\u0130\u00e7indekiler : B\u00d6L\u00dcM &#8211; 1 KADIN \u00c7ALI\u015eANLARDA C\u0130NS\u0130YET KALIP YARGISI GER\u0130 TEPMES\u0130 (BLACHLASH) B\u00d6L\u00dcM &#8211; 2 KADIN \u00c7ALI\u015eANLARDA G\u00d6R\u00dcNMEZL\u0130K\/G\u00d6R\u00dcN\u00dcRL\u00dcK SENDROMU B\u00d6L\u00dcM &#8211; 3 KADIN \u00c7ALI\u015eANLARDA IMPOSTER<span class=\"excerpt-hellip\"> [\u2026]<\/span><\/p>\n","protected":false},"featured_media":0,"template":"","meta":{"_monsterinsights_skip_tracking":false,"_monsterinsights_sitenote_active":false,"_monsterinsights_sitenote_note":"","_monsterinsights_sitenote_category":0},"product_brand":[],"product_cat":[13043,14381],"product_tag":[],"class_list":{"0":"post-785284","1":"product","2":"type-product","3":"status-publish","5":"product_cat-ekonomi","6":"product_cat-isletme-muhasebe-maliye","7":"pa_cilt-ciltsiz","8":"pa_tur-kitap","9":"pa_yayinevi-gazi-kitabevi","10":"pa_yazar-arzu-ugurlu-kara","12":"first","13":"instock","14":"sale","15":"shipping-taxable","16":"purchasable","17":"product-type-simple"},"_links":{"self":[{"href":"https:\/\/roveyayinevi.com.tr\/index.php\/wp-json\/wp\/v2\/product\/785284","targetHints":{"allow":["GET"]}}],"collection":[{"href":"https:\/\/roveyayinevi.com.tr\/index.php\/wp-json\/wp\/v2\/product"}],"about":[{"href":"https:\/\/roveyayinevi.com.tr\/index.php\/wp-json\/wp\/v2\/types\/product"}],"wp:attachment":[{"href":"https:\/\/roveyayinevi.com.tr\/index.php\/wp-json\/wp\/v2\/media?parent=785284"}],"wp:term":[{"taxonomy":"product_brand","embeddable":true,"href":"https:\/\/roveyayinevi.com.tr\/index.php\/wp-json\/wp\/v2\/product_brand?post=785284"},{"taxonomy":"product_cat","embeddable":true,"href":"https:\/\/roveyayinevi.com.tr\/index.php\/wp-json\/wp\/v2\/product_cat?post=785284"},{"taxonomy":"product_tag","embeddable":true,"href":"https:\/\/roveyayinevi.com.tr\/index.php\/wp-json\/wp\/v2\/product_tag?post=785284"}],"curies":[{"name":"wp","href":"https:\/\/api.w.org\/{rel}","templated":true}]}}