{"id":785280,"date":"2026-03-26T20:18:24","date_gmt":"2026-03-26T17:18:24","guid":{"rendered":"https:\/\/roveyayinevi.com.tr\/index.php\/urun\/mindfck-1-risk\/"},"modified":"2026-04-15T03:48:43","modified_gmt":"2026-04-15T00:48:43","slug":"mindfck-1-risk","status":"publish","type":"product","link":"https:\/\/roveyayinevi.com.tr\/index.php\/urun\/mindfck-1-risk\/","title":{"rendered":"Mindfck 1 &#8211; Risk"},"content":{"rendered":"<p>Lana Myers, ondan \u00e7al\u0131nan hayat\u0131n intikam\u0131n\u0131 almak i\u00e7in y\u0131llarca beklemi\u015ftir. Yapt\u0131\u011f\u0131 t\u00fcm planlar\u0131n ve hesaplad\u0131\u011f\u0131 t\u00fcm olas\u0131l\u0131klar\u0131n aras\u0131ndan s\u0131yr\u0131lan tehlikeli bir a\u015fk, oyununda nas\u0131l bir rol oynayacakt\u0131r?   Lana, intikam\u0131 u\u011fruna can al\u0131rken Logan, d\u00fcnyay\u0131 daha iyi bir yer h\u00e2line getiriyordur. On y\u0131l \u00f6nce hayat\u0131n\u0131 ondan \u00e7al\u0131p Lana\u2019y\u0131 \u00f6l\u00fcme terk edenler, onu \u00f6ld\u00fcrmedikleri i\u00e7in pi\u015fman olacaklard\u0131r ancak   Lana Myers onlar i\u00e7in gelene kadar \u00f6l\u00fc bir k\u0131zdan kimse \u015f\u00fcphelenmeyecektir. O, y\u00fcz\u00fc olmayan bir k\u00e2bus. En az\u0131ndan hi\u00e7 ya\u015fanmam\u0131\u015f gibi davrand\u0131klar\u0131 hik\u00e2yeyi onlara anlatana kadar. Bu hik\u00e2yenin sonunda Logan, onlar\u0131 m\u0131 se\u00e7ecek yoksa hepsinin yan\u0131\u015f\u0131n\u0131 Lana ile birlikte mi izleyecektir?<\/p>\n","protected":false},"excerpt":{"rendered":"<p>Lana Myers, ondan \u00e7al\u0131nan hayat\u0131n intikam\u0131n\u0131 almak i\u00e7in y\u0131llarca beklemi\u015ftir. Yapt\u0131\u011f\u0131 t\u00fcm planlar\u0131n ve hesaplad\u0131\u011f\u0131 t\u00fcm olas\u0131l\u0131klar\u0131n aras\u0131ndan s\u0131yr\u0131lan tehlikeli bir a\u015fk, oyununda nas\u0131l bir rol<span class=\"excerpt-hellip\"> [\u2026]<\/span><\/p>\n","protected":false},"featured_media":0,"template":"","meta":{"_monsterinsights_skip_tracking":false,"_monsterinsights_sitenote_active":false,"_monsterinsights_sitenote_note":"","_monsterinsights_sitenote_category":0},"product_brand":[],"product_cat":[12291,12711],"product_tag":[],"class_list":{"0":"post-785280","1":"product","2":"type-product","3":"status-publish","5":"product_cat-edebiyat","6":"product_cat-roman-oyku","7":"pa_cilt-ciltsiz","8":"pa_tur-kitap","9":"pa_yayinevi-artemis-yayinlari","10":"pa_yazar-s-t-abby","12":"first","13":"instock","14":"sale","15":"shipping-taxable","16":"purchasable","17":"product-type-simple"},"_links":{"self":[{"href":"https:\/\/roveyayinevi.com.tr\/index.php\/wp-json\/wp\/v2\/product\/785280","targetHints":{"allow":["GET"]}}],"collection":[{"href":"https:\/\/roveyayinevi.com.tr\/index.php\/wp-json\/wp\/v2\/product"}],"about":[{"href":"https:\/\/roveyayinevi.com.tr\/index.php\/wp-json\/wp\/v2\/types\/product"}],"wp:attachment":[{"href":"https:\/\/roveyayinevi.com.tr\/index.php\/wp-json\/wp\/v2\/media?parent=785280"}],"wp:term":[{"taxonomy":"product_brand","embeddable":true,"href":"https:\/\/roveyayinevi.com.tr\/index.php\/wp-json\/wp\/v2\/product_brand?post=785280"},{"taxonomy":"product_cat","embeddable":true,"href":"https:\/\/roveyayinevi.com.tr\/index.php\/wp-json\/wp\/v2\/product_cat?post=785280"},{"taxonomy":"product_tag","embeddable":true,"href":"https:\/\/roveyayinevi.com.tr\/index.php\/wp-json\/wp\/v2\/product_tag?post=785280"}],"curies":[{"name":"wp","href":"https:\/\/api.w.org\/{rel}","templated":true}]}}