{"id":785276,"date":"2026-03-26T20:01:03","date_gmt":"2026-03-26T17:01:03","guid":{"rendered":"https:\/\/roveyayinevi.com.tr\/index.php\/urun\/bulutlarin-gercek-sirri\/"},"modified":"2026-04-08T03:31:46","modified_gmt":"2026-04-08T00:31:46","slug":"bulutlarin-gercek-sirri","status":"publish","type":"product","link":"https:\/\/roveyayinevi.com.tr\/index.php\/urun\/bulutlarin-gercek-sirri\/","title":{"rendered":"Bulutlar\u0131n Ger\u00e7ek S\u0131rr\u0131"},"content":{"rendered":"<p>\u0130stedikleri \u015fekle girebiliyordu bulutlar. Bulut Bubu ise hep ayn\u0131yd\u0131. Bir bulut kadar s\u0131radan&#8230; Di\u011fer bulutlar gibi olmak neden bu kadar zordu? \u015eekilden \u015fekle girmek bu kadar yorucu muydu?   Mekke KORURER\u2019un kaleminden kendini oldu\u011fu gibi kabul etme ve sevme \u00fczerine e\u011flenceli bir hik\u00e2ye sizlerle.   Kendilik, ba\u015fkal\u0131k, \u00f6teki olmak, benzemek gibi bir\u00e7ok kavram \u00fczerine sadece \u00e7ocuklar\u0131 de\u011fil, yeti\u015fkinleri de sorgulamaya davet ediyor. Sahi! Bulutlar\u0131n ger\u00e7ek s\u0131rr\u0131 ne?<\/p>\n","protected":false},"excerpt":{"rendered":"<p>\u0130stedikleri \u015fekle girebiliyordu bulutlar. Bulut Bubu ise hep ayn\u0131yd\u0131. Bir bulut kadar s\u0131radan&#8230; Di\u011fer bulutlar gibi olmak neden bu kadar zordu? \u015eekilden \u015fekle girmek bu kadar<span class=\"excerpt-hellip\"> [\u2026]<\/span><\/p>\n","protected":false},"featured_media":0,"template":"","meta":{"_monsterinsights_skip_tracking":false,"_monsterinsights_sitenote_active":false,"_monsterinsights_sitenote_note":"","_monsterinsights_sitenote_category":0},"product_brand":[],"product_cat":[12274,12284],"product_tag":[],"class_list":{"0":"post-785276","1":"product","2":"type-product","3":"status-publish","5":"product_cat-cocuk-ve-genclik-kitaplari","6":"product_cat-hikayeler","7":"pa_cilt-ciltsiz","8":"pa_tur-kitap","9":"pa_yayinevi-luna-cocuk-yayinlari","10":"pa_yazar-mekke-korurer","12":"first","13":"instock","14":"sale","15":"shipping-taxable","16":"purchasable","17":"product-type-simple"},"_links":{"self":[{"href":"https:\/\/roveyayinevi.com.tr\/index.php\/wp-json\/wp\/v2\/product\/785276","targetHints":{"allow":["GET"]}}],"collection":[{"href":"https:\/\/roveyayinevi.com.tr\/index.php\/wp-json\/wp\/v2\/product"}],"about":[{"href":"https:\/\/roveyayinevi.com.tr\/index.php\/wp-json\/wp\/v2\/types\/product"}],"wp:attachment":[{"href":"https:\/\/roveyayinevi.com.tr\/index.php\/wp-json\/wp\/v2\/media?parent=785276"}],"wp:term":[{"taxonomy":"product_brand","embeddable":true,"href":"https:\/\/roveyayinevi.com.tr\/index.php\/wp-json\/wp\/v2\/product_brand?post=785276"},{"taxonomy":"product_cat","embeddable":true,"href":"https:\/\/roveyayinevi.com.tr\/index.php\/wp-json\/wp\/v2\/product_cat?post=785276"},{"taxonomy":"product_tag","embeddable":true,"href":"https:\/\/roveyayinevi.com.tr\/index.php\/wp-json\/wp\/v2\/product_tag?post=785276"}],"curies":[{"name":"wp","href":"https:\/\/api.w.org\/{rel}","templated":true}]}}