{"id":785275,"date":"2026-03-26T19:40:19","date_gmt":"2026-03-26T16:40:19","guid":{"rendered":"https:\/\/roveyayinevi.com.tr\/index.php\/urun\/harabe-sirlar\/"},"modified":"2026-04-16T03:13:06","modified_gmt":"2026-04-16T00:13:06","slug":"harabe-sirlar","status":"publish","type":"product","link":"https:\/\/roveyayinevi.com.tr\/index.php\/urun\/harabe-sirlar\/","title":{"rendered":"Harabe S\u0131rlar"},"content":{"rendered":"<p>Hayat\u0131m boyunca \u00f6zlemini \u00e7ektim, Onu istedim. \u00c7ocukken beni bo\u011fulmaktan kurtard\u0131\u011f\u0131 g\u00fcnden beri. Ama beni hi\u00e7 fark etmedi, Bana hi\u00e7 o g\u00f6zle bakmad\u0131. Ona g\u00f6re ben daha \u00e7ocu\u011fum. Ve \u015fimdi benimle evlenmesi emredildi. Beni istemiyor, Ne kalbinde ne de yata\u011f\u0131nda. Ama sava\u015fta ve a\u015fkta her \u015fey mubaht\u0131r. Ve ne gerekiyorsa yapmaya haz\u0131r\u0131m. Ge\u00e7mi\u015fini hat\u0131rlamayan bir adama yalan s\u00f6ylemeye bile. G\u00fczeller g\u00fczeli, kurnaz, Gen\u00e7 kar\u0131m, La Cosa Nostra sular\u0131nda Bana ustal\u0131kla rehberlik ediyor. Kazadan beri hi\u00e7bir \u015fey hat\u0131rlamad\u0131\u011f\u0131m\u0131 Herkesten saklamaya \u00e7al\u0131\u015f\u0131yor. \u015eimdi, hat\u0131rlamad\u0131\u011f\u0131m bir kad\u0131na \u00e2\u015f\u0131k oluyorum, G\u00f6zlerimi a\u00e7t\u0131\u011f\u0131m andan beri, Bana yalan s\u00f6yleyen kad\u0131na  Ve onun t\u00fcm s\u0131rlar\u0131n\u0131 \u00e7\u00f6zmeye niyetliyim.<\/p>\n","protected":false},"excerpt":{"rendered":"<p>Hayat\u0131m boyunca \u00f6zlemini \u00e7ektim, Onu istedim. \u00c7ocukken beni bo\u011fulmaktan kurtard\u0131\u011f\u0131 g\u00fcnden beri. Ama beni hi\u00e7 fark etmedi, Bana hi\u00e7 o g\u00f6zle bakmad\u0131. Ona g\u00f6re ben daha<span class=\"excerpt-hellip\"> [\u2026]<\/span><\/p>\n","protected":false},"featured_media":0,"template":"","meta":{"_monsterinsights_skip_tracking":false,"_monsterinsights_sitenote_active":false,"_monsterinsights_sitenote_note":"","_monsterinsights_sitenote_category":0},"product_brand":[],"product_cat":[12291,12711],"product_tag":[],"class_list":{"0":"post-785275","1":"product","2":"type-product","3":"status-publish","5":"product_cat-edebiyat","6":"product_cat-roman-oyku","7":"pa_cilt-ciltsiz","8":"pa_tur-kitap","9":"pa_yayinevi-artemis-yayinlari","10":"pa_yazar-neva-altaj","12":"first","13":"instock","14":"sale","15":"shipping-taxable","16":"purchasable","17":"product-type-simple"},"_links":{"self":[{"href":"https:\/\/roveyayinevi.com.tr\/index.php\/wp-json\/wp\/v2\/product\/785275","targetHints":{"allow":["GET"]}}],"collection":[{"href":"https:\/\/roveyayinevi.com.tr\/index.php\/wp-json\/wp\/v2\/product"}],"about":[{"href":"https:\/\/roveyayinevi.com.tr\/index.php\/wp-json\/wp\/v2\/types\/product"}],"wp:attachment":[{"href":"https:\/\/roveyayinevi.com.tr\/index.php\/wp-json\/wp\/v2\/media?parent=785275"}],"wp:term":[{"taxonomy":"product_brand","embeddable":true,"href":"https:\/\/roveyayinevi.com.tr\/index.php\/wp-json\/wp\/v2\/product_brand?post=785275"},{"taxonomy":"product_cat","embeddable":true,"href":"https:\/\/roveyayinevi.com.tr\/index.php\/wp-json\/wp\/v2\/product_cat?post=785275"},{"taxonomy":"product_tag","embeddable":true,"href":"https:\/\/roveyayinevi.com.tr\/index.php\/wp-json\/wp\/v2\/product_tag?post=785275"}],"curies":[{"name":"wp","href":"https:\/\/api.w.org\/{rel}","templated":true}]}}