{"id":785274,"date":"2026-03-26T19:29:34","date_gmt":"2026-03-26T16:29:34","guid":{"rendered":"https:\/\/roveyayinevi.com.tr\/index.php\/urun\/kirgin-fisiltilar\/"},"modified":"2026-04-16T03:07:28","modified_gmt":"2026-04-16T00:07:28","slug":"kirgin-fisiltilar","status":"publish","type":"product","link":"https:\/\/roveyayinevi.com.tr\/index.php\/urun\/kirgin-fisiltilar\/","title":{"rendered":"K\u0131rg\u0131n F\u0131s\u0131lt\u0131lar"},"content":{"rendered":"<p>Tuvaldeki Yaralar ile okurlar\u0131n be\u011fenisini kazanan Neva Altaj, yeni kitab\u0131 K\u0131rg\u0131n F\u0131s\u0131lt\u0131lar\u2019da anla\u015fmal\u0131 bir evlilikle bir araya gelen iki yaral\u0131 karakterin hik\u00e2yesini anlat\u0131yor. Mikhail \u0130talyan ve Rus mafyalar\u0131 sava\u015fta. Ortal\u0131k toz duman. \ufffc\u0130ki taraf da ac\u0131mas\u0131z, insafs\u0131z ve affetmez. Ama sonra, d\u00fcnyalar\u0131m\u0131z\u0131 birle\u015ftirmek i\u00e7in bir karar verildi. \u0130ki taraf aras\u0131nda bir evlilik. \u0130talyan mafyas\u0131n\u0131n en g\u00fczel k\u0131z\u0131, Ve Bratva\u2019n\u0131n en korkulan canavar\u0131. Onu o kadar uzun zamand\u0131r uzaktan seviyordum ki. Sonunda benim oldu. Ama ger\u00e7ekte kim oldu\u011fumu anlay\u0131nca Benden ka\u00e7acak m\u0131? Bianca Karde\u015fim i\u00e7in her \u015feyi yapar\u0131m. Onun g\u00fcvende olmas\u0131 i\u00e7in Bratva\u2019dan biriyle evlenmek dahil. Sald\u0131rgan, ta\u015f kalpli bir vah\u015fi bekliyordum. Ama hayrete d\u00fc\u015ft\u00fcm. Bu yaral\u0131, korkutucu adam \u0130stedi\u011fim her \u015feye sahip. \u015eimdi s\u0131ra bende. Onun duvarlar\u0131n\u0131 a\u015fmam gerek. Ve aram\u0131zdaki engelleri yok etmek i\u00e7in Tek sahip oldu\u011fum k\u0131rg\u0131n f\u0131s\u0131lt\u0131lar\u2026<\/p>\n","protected":false},"excerpt":{"rendered":"<p>Tuvaldeki Yaralar ile okurlar\u0131n be\u011fenisini kazanan Neva Altaj, yeni kitab\u0131 K\u0131rg\u0131n F\u0131s\u0131lt\u0131lar\u2019da anla\u015fmal\u0131 bir evlilikle bir araya gelen iki yaral\u0131 karakterin hik\u00e2yesini anlat\u0131yor. Mikhail \u0130talyan ve<span class=\"excerpt-hellip\"> [\u2026]<\/span><\/p>\n","protected":false},"featured_media":0,"template":"","meta":{"_monsterinsights_skip_tracking":false,"_monsterinsights_sitenote_active":false,"_monsterinsights_sitenote_note":"","_monsterinsights_sitenote_category":0},"product_brand":[],"product_cat":[12291,12711],"product_tag":[],"class_list":{"0":"post-785274","1":"product","2":"type-product","3":"status-publish","5":"product_cat-edebiyat","6":"product_cat-roman-oyku","7":"pa_cilt-ciltsiz","8":"pa_tur-kitap","9":"pa_yayinevi-artemis-yayinlari","10":"pa_yazar-neva-altaj","12":"first","13":"instock","14":"sale","15":"shipping-taxable","16":"purchasable","17":"product-type-simple"},"_links":{"self":[{"href":"https:\/\/roveyayinevi.com.tr\/index.php\/wp-json\/wp\/v2\/product\/785274","targetHints":{"allow":["GET"]}}],"collection":[{"href":"https:\/\/roveyayinevi.com.tr\/index.php\/wp-json\/wp\/v2\/product"}],"about":[{"href":"https:\/\/roveyayinevi.com.tr\/index.php\/wp-json\/wp\/v2\/types\/product"}],"wp:attachment":[{"href":"https:\/\/roveyayinevi.com.tr\/index.php\/wp-json\/wp\/v2\/media?parent=785274"}],"wp:term":[{"taxonomy":"product_brand","embeddable":true,"href":"https:\/\/roveyayinevi.com.tr\/index.php\/wp-json\/wp\/v2\/product_brand?post=785274"},{"taxonomy":"product_cat","embeddable":true,"href":"https:\/\/roveyayinevi.com.tr\/index.php\/wp-json\/wp\/v2\/product_cat?post=785274"},{"taxonomy":"product_tag","embeddable":true,"href":"https:\/\/roveyayinevi.com.tr\/index.php\/wp-json\/wp\/v2\/product_tag?post=785274"}],"curies":[{"name":"wp","href":"https:\/\/api.w.org\/{rel}","templated":true}]}}