{"id":785272,"date":"2026-03-26T18:37:32","date_gmt":"2026-03-26T15:37:32","guid":{"rendered":"https:\/\/roveyayinevi.com.tr\/index.php\/urun\/bir-universite-var-ederken\/"},"modified":"2026-04-16T02:32:24","modified_gmt":"2026-04-15T23:32:24","slug":"bir-universite-var-ederken","status":"publish","type":"product","link":"https:\/\/roveyayinevi.com.tr\/index.php\/urun\/bir-universite-var-ederken\/","title":{"rendered":"Bir \u00dcniversite Var Ederken"},"content":{"rendered":"<p>\u0130nsan, ya\u015fam parantezi i\u00e7indeki o bilinmez s\u00fcreye nice i\u015fler s\u0131\u011fd\u0131rmak i\u00e7in u\u011fra\u015f\u0131yor. Kendi varl\u0131\u011f\u0131na dair iz b\u0131rakmak i\u00e7in kal\u0131c\u0131 bir eser yaratmaya, var etmeye \u00e7al\u0131\u015f\u0131yor. 20. y\u0131l\u0131na ula\u015fan Sabanc\u0131 \u00dcniversitesi\u2019nin kurulu\u015f s\u00fcreci benim i\u00e7in b\u00f6yle bir zaman dilimi. \u00dcniversitenin kurulu\u015fu ve bug\u00fcne uzanan hik\u00e2yesi, bana kendimi tan\u0131ma ve geli\u015ftirme f\u0131rsat\u0131 verdi. Kendimi tan\u0131rken e\u011fitimin alfabesini, ge\u00e7mi\u015fle gelece\u011fi birbirine eklemleyen ba\u011flar\u0131 \u00f6\u011frendim; \u00f6n\u00fcm\u00fczde uzanan y\u0131llar\u0131n bug\u00fcne yans\u0131yan foto\u011fraf\u0131n\u0131 g\u00f6rme f\u0131rsat\u0131n\u0131 buldum. \u00dcniversite \u201cbirlikte\u201d var edilen bir kurum. Bu hay\u00e2li kurup gereklerini yerine getirmekte teredd\u00fct etmeyen Sabanc\u0131 Ailesi, bu hay\u00e2le ortak olup birlikte gayret g\u00f6steren de\u011ferli akademik kadrolar ve bize g\u00fcvenen \u00f6\u011frencilerle birlikte bug\u00fcne geldik. Ben Sabanc\u0131 \u00dcniversitesi\u2019ni y\u0131llar\u0131n s\u00fczgecinden bug\u00fcne kalanlar, bende iz b\u0131rakanlar \u00fczerinden anlatt\u0131m. San\u0131r\u0131m bu anlat\u0131, T\u00fcrkiye\u2019de olduk\u00e7a yeni say\u0131labilecek vak\u0131f \u00fcniversiteleri a\u00e7\u0131s\u0131ndan da bir ilk olacak. B\u00fcrokrasiden akademiye bir vak\u0131f \u00fcniversitesinin hangi ad\u0131mlarla var oldu\u011funu aktar\u0131rken, tarihe yol g\u00f6sterici bir not d\u00fc\u015fm\u00fc\u015f\u00fcmd\u00fcr umar\u0131m. <\/p>\n","protected":false},"excerpt":{"rendered":"<p>\u0130nsan, ya\u015fam parantezi i\u00e7indeki o bilinmez s\u00fcreye nice i\u015fler s\u0131\u011fd\u0131rmak i\u00e7in u\u011fra\u015f\u0131yor. Kendi varl\u0131\u011f\u0131na dair iz b\u0131rakmak i\u00e7in kal\u0131c\u0131 bir eser yaratmaya, var etmeye \u00e7al\u0131\u015f\u0131yor. 20.<span class=\"excerpt-hellip\"> [\u2026]<\/span><\/p>\n","protected":false},"featured_media":0,"template":"","meta":{"_monsterinsights_skip_tracking":false,"_monsterinsights_sitenote_active":false,"_monsterinsights_sitenote_note":"","_monsterinsights_sitenote_category":0},"product_brand":[],"product_cat":[12365,12364],"product_tag":[],"class_list":{"0":"post-785272","1":"product","2":"type-product","3":"status-publish","5":"product_cat-diger-genel-konular","6":"product_cat-genel-konular","7":"pa_cilt-ciltsiz","8":"pa_tur-kitap","9":"pa_yayinevi-alfa-yayinlari","10":"pa_yazar-guler-sabanci","12":"first","13":"instock","14":"sale","15":"shipping-taxable","16":"purchasable","17":"product-type-simple"},"_links":{"self":[{"href":"https:\/\/roveyayinevi.com.tr\/index.php\/wp-json\/wp\/v2\/product\/785272","targetHints":{"allow":["GET"]}}],"collection":[{"href":"https:\/\/roveyayinevi.com.tr\/index.php\/wp-json\/wp\/v2\/product"}],"about":[{"href":"https:\/\/roveyayinevi.com.tr\/index.php\/wp-json\/wp\/v2\/types\/product"}],"wp:attachment":[{"href":"https:\/\/roveyayinevi.com.tr\/index.php\/wp-json\/wp\/v2\/media?parent=785272"}],"wp:term":[{"taxonomy":"product_brand","embeddable":true,"href":"https:\/\/roveyayinevi.com.tr\/index.php\/wp-json\/wp\/v2\/product_brand?post=785272"},{"taxonomy":"product_cat","embeddable":true,"href":"https:\/\/roveyayinevi.com.tr\/index.php\/wp-json\/wp\/v2\/product_cat?post=785272"},{"taxonomy":"product_tag","embeddable":true,"href":"https:\/\/roveyayinevi.com.tr\/index.php\/wp-json\/wp\/v2\/product_tag?post=785272"}],"curies":[{"name":"wp","href":"https:\/\/api.w.org\/{rel}","templated":true}]}}