{"id":785271,"date":"2026-03-26T18:00:12","date_gmt":"2026-03-26T15:00:12","guid":{"rendered":"https:\/\/roveyayinevi.com.tr\/index.php\/urun\/dinsel-inanclar-ve-dusunceler-tarihi-1\/"},"modified":"2026-03-26T18:00:12","modified_gmt":"2026-03-26T15:00:12","slug":"dinsel-inanclar-ve-dusunceler-tarihi-1","status":"publish","type":"product","link":"https:\/\/roveyayinevi.com.tr\/index.php\/urun\/dinsel-inanclar-ve-dusunceler-tarihi-1\/","title":{"rendered":"Dinsel \u0130nan\u00e7lar ve D\u00fc\u015f\u00fcnceler Tarihi -1"},"content":{"rendered":"<p>Sava\u015f sonras\u0131nda b\u00fct\u00fcn d\u00fcnyay\u0131 dola\u015fan, sahada y\u0131llarca ya\u015fayan ve say\u0131s\u0131z dile hakimiyetiyle kaynak\u00e7alar\u0131 benzersiz olan bilge bir ku\u015fak vard\u0131. \u0130\u015fte Eliade bu bilge ku\u015fa\u011f\u0131n son temsilcilerindendi. B\u00fct\u00fcn \u00f6mr\u00fc boyunca kutsal\u0131n tezah\u00fcrlerinin pe\u015finden ko\u015ftu; bilincin olu\u015fumunu a\u00e7\u0131klamak istiyordu \u00e7\u00fcnk\u00fc. Ara\u015ft\u0131rd\u0131k\u00e7a b\u00fct\u00fcn d\u00fcnyada, tarih ve mek\u00e2n a\u00e7\u0131s\u0131ndan hi\u00e7bir ba\u011flant\u0131s\u0131 olmayan topluluklar\u0131n mitolojilerinde, teolojilerinde ve liturjilerinde ortak paydalar oldu\u011funu g\u00f6rd\u00fc. Onun i\u00e7in din art\u0131k bir inan\u00e7 meselesinden \u00f6te insan olman\u0131n bir a\u015famas\u0131yd\u0131. \u00dc\u00e7 ciltlik bu eser eski \u00e7a\u011flardan yak\u0131n zamanlara kadar insano\u011flunun dinsel evrenine n\u00fcfuz etmemiz ve yaln\u0131zca dinsel inan\u00e7lar\u0131 de\u011fil, hayat\u0131 anlamam\u0131z i\u00e7in de\u011ferli bir rehber.   \u015eamanizm  sorunlar\u0131na getirdi\u011fi bak\u0131\u015f a\u00e7\u0131s\u0131yla b\u00fcy\u00fckl\u00fc\u011f\u00fcn\u00fc g\u00f6steren makalesini d\u00fc\u015f\u00fcn\u00fcyorum da; engin bir kaynak\u00e7aya ve Hinduizmde de\u011ferli bir donan\u0131ma sahip, tutkulu ve \u00e7al\u0131\u015fkan bu bilim adam\u0131 alan\u0131nda \u00e7ok \u015fey yapt\u0131 bile. \u2013Georges Dum\u00e9zil<\/p>\n","protected":false},"excerpt":{"rendered":"<p>Sava\u015f sonras\u0131nda b\u00fct\u00fcn d\u00fcnyay\u0131 dola\u015fan, sahada y\u0131llarca ya\u015fayan ve say\u0131s\u0131z dile hakimiyetiyle kaynak\u00e7alar\u0131 benzersiz olan bilge bir ku\u015fak vard\u0131. \u0130\u015fte Eliade bu bilge ku\u015fa\u011f\u0131n son temsilcilerindendi.<span class=\"excerpt-hellip\"> [\u2026]<\/span><\/p>\n","protected":false},"featured_media":0,"template":"","meta":{"_monsterinsights_skip_tracking":false,"_monsterinsights_sitenote_active":false,"_monsterinsights_sitenote_note":"","_monsterinsights_sitenote_category":0},"product_brand":[],"product_cat":[12718,12858],"product_tag":[],"class_list":{"0":"post-785271","1":"product","2":"type-product","3":"status-publish","5":"product_cat-din","6":"product_cat-mitolojiler","7":"pa_cilt-ciltsiz","8":"pa_tur-kitap","9":"pa_yayinevi-alfa-yayinlari","10":"pa_yazar-mircea-eliade","12":"first","13":"instock","14":"sale","15":"shipping-taxable","16":"purchasable","17":"product-type-simple"},"_links":{"self":[{"href":"https:\/\/roveyayinevi.com.tr\/index.php\/wp-json\/wp\/v2\/product\/785271","targetHints":{"allow":["GET"]}}],"collection":[{"href":"https:\/\/roveyayinevi.com.tr\/index.php\/wp-json\/wp\/v2\/product"}],"about":[{"href":"https:\/\/roveyayinevi.com.tr\/index.php\/wp-json\/wp\/v2\/types\/product"}],"wp:attachment":[{"href":"https:\/\/roveyayinevi.com.tr\/index.php\/wp-json\/wp\/v2\/media?parent=785271"}],"wp:term":[{"taxonomy":"product_brand","embeddable":true,"href":"https:\/\/roveyayinevi.com.tr\/index.php\/wp-json\/wp\/v2\/product_brand?post=785271"},{"taxonomy":"product_cat","embeddable":true,"href":"https:\/\/roveyayinevi.com.tr\/index.php\/wp-json\/wp\/v2\/product_cat?post=785271"},{"taxonomy":"product_tag","embeddable":true,"href":"https:\/\/roveyayinevi.com.tr\/index.php\/wp-json\/wp\/v2\/product_tag?post=785271"}],"curies":[{"name":"wp","href":"https:\/\/api.w.org\/{rel}","templated":true}]}}