{"id":785269,"date":"2026-03-26T17:31:53","date_gmt":"2026-03-26T14:31:53","guid":{"rendered":"https:\/\/roveyayinevi.com.tr\/index.php\/urun\/su-kasidesi\/"},"modified":"2026-03-26T17:31:53","modified_gmt":"2026-03-26T14:31:53","slug":"su-kasidesi","status":"publish","type":"product","link":"https:\/\/roveyayinevi.com.tr\/index.php\/urun\/su-kasidesi\/","title":{"rendered":"Su Kasidesi"},"content":{"rendered":"<p>A\u015fk yaln\u0131zca bir tanedir; ama g\u00f6r\u00fcnt\u00fcleri onlarca, binlerce, belki milyonlarcad\u0131r. S\u0131radan ilgilerin ve sevgilerin \u00f6tesinde, g\u00f6r\u00fcnen perdelerin arkas\u0131nda, fark edilen renklerin maveras\u0131nda \u00e7\u0131ld\u0131rt\u0131c\u0131 bir hasreti ve kal\u0131ptan s\u0131yr\u0131lm\u0131\u015f bir \u00f6zlemi tan\u0131mak ve duymak isteyen varsa e\u011fer, bu kitap i\u015fte onu anlat\u0131r. A\u011fustos g\u00fcne\u015finin k\u0131r\u0131ld\u0131\u011f\u0131 kumlarda \u00e7atlayan dudaklar\u0131n k\u0131vranarak, d\u00f6k\u00fclerek, ko\u015farak ve \u00e7\u0131rp\u0131narak akan Dicle\u2019ye hasreti ne ise, Fuz\u00fbl\u00ee\u2019nin g\u00f6nl\u00fcnden ta\u015fan a\u015fk\u0131n co\u015fkunlu\u011fu ve yak\u0131c\u0131l\u0131\u011f\u0131 da odur. Bu kitap, b\u00fct\u00fcn \u00f6teki a\u015fklar\u0131n a\u011f\u0131rl\u0131\u011f\u0131nca bir a\u015fk ilham\u0131d\u0131r, o kadar&#8230;<\/p>\n","protected":false},"excerpt":{"rendered":"<p>A\u015fk yaln\u0131zca bir tanedir; ama g\u00f6r\u00fcnt\u00fcleri onlarca, binlerce, belki milyonlarcad\u0131r. S\u0131radan ilgilerin ve sevgilerin \u00f6tesinde, g\u00f6r\u00fcnen perdelerin arkas\u0131nda, fark edilen renklerin maveras\u0131nda \u00e7\u0131ld\u0131rt\u0131c\u0131 bir hasreti ve<span class=\"excerpt-hellip\"> [\u2026]<\/span><\/p>\n","protected":false},"featured_media":0,"template":"","meta":{"_monsterinsights_skip_tracking":false,"_monsterinsights_sitenote_active":false,"_monsterinsights_sitenote_note":"","_monsterinsights_sitenote_category":0},"product_brand":[],"product_cat":[12777,12291],"product_tag":[],"class_list":{"0":"post-785269","1":"product","2":"type-product","3":"status-publish","5":"product_cat-deneme","6":"product_cat-edebiyat","7":"pa_cilt-ciltsiz","8":"pa_tur-kitap","9":"pa_yayinevi-kapi-yayinlari","10":"pa_yazar-iskender-pala","12":"first","13":"instock","14":"sale","15":"shipping-taxable","16":"purchasable","17":"product-type-simple"},"_links":{"self":[{"href":"https:\/\/roveyayinevi.com.tr\/index.php\/wp-json\/wp\/v2\/product\/785269","targetHints":{"allow":["GET"]}}],"collection":[{"href":"https:\/\/roveyayinevi.com.tr\/index.php\/wp-json\/wp\/v2\/product"}],"about":[{"href":"https:\/\/roveyayinevi.com.tr\/index.php\/wp-json\/wp\/v2\/types\/product"}],"wp:attachment":[{"href":"https:\/\/roveyayinevi.com.tr\/index.php\/wp-json\/wp\/v2\/media?parent=785269"}],"wp:term":[{"taxonomy":"product_brand","embeddable":true,"href":"https:\/\/roveyayinevi.com.tr\/index.php\/wp-json\/wp\/v2\/product_brand?post=785269"},{"taxonomy":"product_cat","embeddable":true,"href":"https:\/\/roveyayinevi.com.tr\/index.php\/wp-json\/wp\/v2\/product_cat?post=785269"},{"taxonomy":"product_tag","embeddable":true,"href":"https:\/\/roveyayinevi.com.tr\/index.php\/wp-json\/wp\/v2\/product_tag?post=785269"}],"curies":[{"name":"wp","href":"https:\/\/api.w.org\/{rel}","templated":true}]}}