{"id":785257,"date":"2026-03-26T16:46:42","date_gmt":"2026-03-26T13:46:42","guid":{"rendered":"https:\/\/roveyayinevi.com.tr\/index.php\/urun\/goosebumps-9-dehset-kampina-hos-geldiniz-ciltli\/"},"modified":"2026-04-15T03:48:48","modified_gmt":"2026-04-15T00:48:48","slug":"goosebumps-9-dehset-kampina-hos-geldiniz-ciltli","status":"publish","type":"product","link":"https:\/\/roveyayinevi.com.tr\/index.php\/urun\/goosebumps-9-dehset-kampina-hos-geldiniz-ciltli\/","title":{"rendered":"Goosebumps 9 &#8211; Deh\u015fet Kamp\u0131\u2019na Ho\u015f Geldiniz (Ciltli)"},"content":{"rendered":"<p>BU KAMPTA B\u0130 TUHAFLIK VAR!Yemekler berbatt\u0131, rehberler biraz tuhaft\u0131 ve kamp y\u00f6neticisi Al Amca\u2019n\u0131n kafas\u0131nda birka\u00e7 tahtan\u0131n eksik oldu\u011fu belliydi. Ama Billy bunlar\u0131n hepsiyle ba\u015fa \u00e7\u0131kabilirdi. Ta ki kamp arkada\u015flar\u0131 birer birer ortadan kaybolmaya ba\u015flayana kadar\u2026 Neler oluyordu? Annesiyle babas\u0131 neden mektuplar\u0131na cevap vermiyordu? Karanl\u0131k bast\u0131rd\u0131ktan sonra ormanda neler dola\u015f\u0131yordu? Dolunay Kamp\u0131 art\u0131k hi\u00e7 de g\u00fcvenli de\u011fildi. Burada kesinlikle ters giden bir \u015feyler vard\u0131 ve Billy kendini t\u00fcm bu tuhafl\u0131klar\u0131n ortas\u0131nda bulmu\u015ftu.  \u201cKalbim yerinden f\u0131rlayacakm\u0131\u015f gibi at\u0131yordu, ko\u015fup kap\u0131y\u0131 a\u00e7t\u0131m. O \u00fcrpertici \u00e7\u0131\u011fl\u0131klar h\u00e2l\u00e2 kulaklar\u0131mda \u00e7\u0131nl\u0131yordu. Derken bana ko\u015fan bir siluet g\u00f6rd\u00fcm; \u00f6ne e\u011filmi\u015f, kollar\u0131n\u0131 ileri uzatm\u0131\u015ft\u0131.\u201d<\/p>\n","protected":false},"excerpt":{"rendered":"<p>BU KAMPTA B\u0130 TUHAFLIK VAR!Yemekler berbatt\u0131, rehberler biraz tuhaft\u0131 ve kamp y\u00f6neticisi Al Amca\u2019n\u0131n kafas\u0131nda birka\u00e7 tahtan\u0131n eksik oldu\u011fu belliydi. Ama Billy bunlar\u0131n hepsiyle ba\u015fa \u00e7\u0131kabilirdi.<span class=\"excerpt-hellip\"> [\u2026]<\/span><\/p>\n","protected":false},"featured_media":0,"template":"","meta":{"_monsterinsights_skip_tracking":false,"_monsterinsights_sitenote_active":false,"_monsterinsights_sitenote_note":"","_monsterinsights_sitenote_category":0},"product_brand":[],"product_cat":[12274,12631],"product_tag":[],"class_list":{"0":"post-785257","1":"product","2":"type-product","3":"status-publish","5":"product_cat-cocuk-ve-genclik-kitaplari","6":"product_cat-diger-cocuk-ve-genclik-kitaplari","7":"pa_cilt-ciltsiz","8":"pa_tur-kitap","9":"pa_yayinevi-x-libris","10":"pa_yazar-r-l-stine","12":"first","13":"instock","14":"sale","15":"shipping-taxable","16":"purchasable","17":"product-type-simple"},"_links":{"self":[{"href":"https:\/\/roveyayinevi.com.tr\/index.php\/wp-json\/wp\/v2\/product\/785257","targetHints":{"allow":["GET"]}}],"collection":[{"href":"https:\/\/roveyayinevi.com.tr\/index.php\/wp-json\/wp\/v2\/product"}],"about":[{"href":"https:\/\/roveyayinevi.com.tr\/index.php\/wp-json\/wp\/v2\/types\/product"}],"wp:attachment":[{"href":"https:\/\/roveyayinevi.com.tr\/index.php\/wp-json\/wp\/v2\/media?parent=785257"}],"wp:term":[{"taxonomy":"product_brand","embeddable":true,"href":"https:\/\/roveyayinevi.com.tr\/index.php\/wp-json\/wp\/v2\/product_brand?post=785257"},{"taxonomy":"product_cat","embeddable":true,"href":"https:\/\/roveyayinevi.com.tr\/index.php\/wp-json\/wp\/v2\/product_cat?post=785257"},{"taxonomy":"product_tag","embeddable":true,"href":"https:\/\/roveyayinevi.com.tr\/index.php\/wp-json\/wp\/v2\/product_tag?post=785257"}],"curies":[{"name":"wp","href":"https:\/\/api.w.org\/{rel}","templated":true}]}}