{"id":785253,"date":"2026-03-26T16:46:31","date_gmt":"2026-03-26T13:46:31","guid":{"rendered":"https:\/\/roveyayinevi.com.tr\/index.php\/urun\/kucuk-bay-ve-bayanlar-arkadaslikrehber-oykuler\/"},"modified":"2026-04-15T03:48:48","modified_gmt":"2026-04-15T00:48:48","slug":"kucuk-bay-ve-bayanlar-arkadaslikrehber-oykuler","status":"publish","type":"product","link":"https:\/\/roveyayinevi.com.tr\/index.php\/urun\/kucuk-bay-ve-bayanlar-arkadaslikrehber-oykuler\/","title":{"rendered":"K\u00fc\u00e7\u00fck Bay ve Bayanlar Arkada\u015fl\u0131k;Rehber \u00d6yk\u00fcler"},"content":{"rendered":"<p>\u0130yi bir arkada\u015f olmak hakk\u0131nda bir maceraK\u00dc\u00c7\u00dcK BAY VE BAYANLAR rehberli\u011finde duygular\u0131 ke\u015ffe \u00e7\u0131k\u0131yoruz! \u00c7ocuklar\u0131 kendi duygular\u0131n\u0131 daha iyi anlamaya ve bu duygular\u0131 nas\u0131l y\u00f6neteceklerini \u00f6\u011frenmeye te\u015fvik eden Rehber \u00d6yk\u00fcler, Uzman Klinik Psikolog Dr. Elizabeth Kilbey\u2019nin katk\u0131lar\u0131yla haz\u0131rland\u0131.<\/p>\n","protected":false},"excerpt":{"rendered":"<p>\u0130yi bir arkada\u015f olmak hakk\u0131nda bir maceraK\u00dc\u00c7\u00dcK BAY VE BAYANLAR rehberli\u011finde duygular\u0131 ke\u015ffe \u00e7\u0131k\u0131yoruz! \u00c7ocuklar\u0131 kendi duygular\u0131n\u0131 daha iyi anlamaya ve bu duygular\u0131 nas\u0131l y\u00f6neteceklerini \u00f6\u011frenmeye<span class=\"excerpt-hellip\"> [\u2026]<\/span><\/p>\n","protected":false},"featured_media":0,"template":"","meta":{"_monsterinsights_skip_tracking":false,"_monsterinsights_sitenote_active":false,"_monsterinsights_sitenote_note":"","_monsterinsights_sitenote_category":0},"product_brand":[],"product_cat":[12274,12518],"product_tag":[],"class_list":{"0":"post-785253","1":"product","2":"type-product","3":"status-publish","5":"product_cat-cocuk-ve-genclik-kitaplari","6":"product_cat-okul-oncesi-kitaplar","7":"pa_cilt-ciltsiz","8":"pa_tur-kitap","9":"pa_yayinevi-dogan-cocuk","10":"pa_yazar-roger-hargreaves","12":"first","13":"instock","14":"sale","15":"shipping-taxable","16":"purchasable","17":"product-type-simple"},"_links":{"self":[{"href":"https:\/\/roveyayinevi.com.tr\/index.php\/wp-json\/wp\/v2\/product\/785253","targetHints":{"allow":["GET"]}}],"collection":[{"href":"https:\/\/roveyayinevi.com.tr\/index.php\/wp-json\/wp\/v2\/product"}],"about":[{"href":"https:\/\/roveyayinevi.com.tr\/index.php\/wp-json\/wp\/v2\/types\/product"}],"wp:attachment":[{"href":"https:\/\/roveyayinevi.com.tr\/index.php\/wp-json\/wp\/v2\/media?parent=785253"}],"wp:term":[{"taxonomy":"product_brand","embeddable":true,"href":"https:\/\/roveyayinevi.com.tr\/index.php\/wp-json\/wp\/v2\/product_brand?post=785253"},{"taxonomy":"product_cat","embeddable":true,"href":"https:\/\/roveyayinevi.com.tr\/index.php\/wp-json\/wp\/v2\/product_cat?post=785253"},{"taxonomy":"product_tag","embeddable":true,"href":"https:\/\/roveyayinevi.com.tr\/index.php\/wp-json\/wp\/v2\/product_tag?post=785253"}],"curies":[{"name":"wp","href":"https:\/\/api.w.org\/{rel}","templated":true}]}}