{"id":785249,"date":"2026-03-26T16:46:20","date_gmt":"2026-03-26T13:46:20","guid":{"rendered":"https:\/\/roveyayinevi.com.tr\/index.php\/urun\/disney-hoplayanlar-evim-guzel-evim\/"},"modified":"2026-04-15T03:48:48","modified_gmt":"2026-04-15T00:48:48","slug":"disney-hoplayanlar-evim-guzel-evim","status":"publish","type":"product","link":"https:\/\/roveyayinevi.com.tr\/index.php\/urun\/disney-hoplayanlar-evim-guzel-evim\/","title":{"rendered":"Disney Hoplayanlar &#8211; Evim G\u00fczel Evim"},"content":{"rendered":"<p>Do\u011fan\u0131n kalbine hoplamaya haz\u0131r m\u0131s\u0131n? Mabel, teknoloji sayesinde sevimli bir robot kunduza d\u00f6n\u00fc\u015ferek hayvanlar\u0131n gizemli d\u00fcnyas\u0131nda harika bir yolculu\u011fa \u00e7\u0131k\u0131yor! Yeni dostlar, komik maceralar ve s\u0131cac\u0131k bir yuva&#8230; Bu macera dolu yolculukta \u201cHoplayanlar\u201d\u0131n d\u00fcnyas\u0131na sen de kat\u0131l; ger\u00e7ek \u201cev\u201din sevgi ve dostluk oldu\u011funu Mabel ile birlikte ke\u015ffet!<\/p>\n","protected":false},"excerpt":{"rendered":"<p>Do\u011fan\u0131n kalbine hoplamaya haz\u0131r m\u0131s\u0131n? Mabel, teknoloji sayesinde sevimli bir robot kunduza d\u00f6n\u00fc\u015ferek hayvanlar\u0131n gizemli d\u00fcnyas\u0131nda harika bir yolculu\u011fa \u00e7\u0131k\u0131yor! Yeni dostlar, komik maceralar ve s\u0131cac\u0131k<span class=\"excerpt-hellip\"> [\u2026]<\/span><\/p>\n","protected":false},"featured_media":0,"template":"","meta":{"_monsterinsights_skip_tracking":false,"_monsterinsights_sitenote_active":false,"_monsterinsights_sitenote_note":"","_monsterinsights_sitenote_category":0},"product_brand":[],"product_cat":[12274,12284],"product_tag":[],"class_list":{"0":"post-785249","1":"product","2":"type-product","3":"status-publish","5":"product_cat-cocuk-ve-genclik-kitaplari","6":"product_cat-hikayeler","7":"pa_cilt-ciltsiz","8":"pa_tur-kitap","9":"pa_yayinevi-dogan-cocuk","10":"pa_yazar-kolektif","12":"first","13":"instock","14":"sale","15":"shipping-taxable","16":"purchasable","17":"product-type-simple"},"_links":{"self":[{"href":"https:\/\/roveyayinevi.com.tr\/index.php\/wp-json\/wp\/v2\/product\/785249","targetHints":{"allow":["GET"]}}],"collection":[{"href":"https:\/\/roveyayinevi.com.tr\/index.php\/wp-json\/wp\/v2\/product"}],"about":[{"href":"https:\/\/roveyayinevi.com.tr\/index.php\/wp-json\/wp\/v2\/types\/product"}],"wp:attachment":[{"href":"https:\/\/roveyayinevi.com.tr\/index.php\/wp-json\/wp\/v2\/media?parent=785249"}],"wp:term":[{"taxonomy":"product_brand","embeddable":true,"href":"https:\/\/roveyayinevi.com.tr\/index.php\/wp-json\/wp\/v2\/product_brand?post=785249"},{"taxonomy":"product_cat","embeddable":true,"href":"https:\/\/roveyayinevi.com.tr\/index.php\/wp-json\/wp\/v2\/product_cat?post=785249"},{"taxonomy":"product_tag","embeddable":true,"href":"https:\/\/roveyayinevi.com.tr\/index.php\/wp-json\/wp\/v2\/product_tag?post=785249"}],"curies":[{"name":"wp","href":"https:\/\/api.w.org\/{rel}","templated":true}]}}